{"id":5755,"date":"2026-02-04T16:32:51","date_gmt":"2026-02-04T22:32:51","guid":{"rendered":"https:\/\/ptveracruz.mx\/?page_id=5755"},"modified":"2026-02-04T16:45:43","modified_gmt":"2026-02-04T22:45:43","slug":"transparencia-periodo-2023","status":"publish","type":"page","link":"https:\/\/ptveracruz.mx\/?page_id=5755","title":{"rendered":"Transparencia Periodo 2023"},"content":{"rendered":"\n<p><strong>Ley 875 de transparencia y acceso a la informaci\u00f3n p\u00fablica en el Estado de Veracruz<\/strong><\/p>\n\n\n\n<figure class=\"wp-block-table aligncenter is-style-stripes\"><table><tbody><tr><td><a href=\"https:\/\/ptveracruz.mx\/?page_id=5761\"><img loading=\"lazy\" decoding=\"async\" width=\"150\" height=\"145\" class=\"wp-image-2758\" style=\"width: 150px;\" src=\"https:\/\/ptveracruz.mx\/wp-content\/uploads\/2014\/02\/articulo-15-1.jpg\" alt=\"\"><\/a><\/td><td><a href=\"https:\/\/ptveracruz.mx\/?page_id=5759\"><img loading=\"lazy\" decoding=\"async\" width=\"150\" height=\"145\" class=\"wp-image-2759\" style=\"width: 150px;\" src=\"https:\/\/ptveracruz.mx\/wp-content\/uploads\/2023\/03\/articulo-21.jpg\" alt=\"\"><\/a><\/td><\/tr><\/tbody><\/table><\/figure>\n\n\n\n<p class=\"has-text-align-center\"><strong>Ley General de transparencia y acceso a la informaci\u00f3n p\u00fablica<\/strong><\/p>\n\n\n\n<p>Los art\u00edculos 70 y 76&nbsp;se homologan a la Ley General de Transparencia y Acceso a la Informaci\u00f3n P\u00fablica<\/p>\n\n\n\n<p><a href=\"http:\/\/www.ptveracruz.org\/wp-content\/uploads\/2014\/02\/SOLICITUD-DE-ACCESO-A-LA-INFORMACI\u00d3N.pdf\">Descarga aqu\u00ed el formato para solicitud de acceso a la informaci\u00f3n p\u00fablica<\/a><\/p>\n\n\n\n<p><a href=\"http:\/\/www.ptveracruz.org\/?page_id=1917\">Protecci\u00f3n sobre datos personales y privacidad<\/a><\/p>\n","protected":false},"excerpt":{"rendered":"<p>Ley 875 de transparencia y acceso a la informaci\u00f3n p\u00fablica en el Estado de Veracruz Ley General de transparencia y acceso a [&hellip;]<\/p>\n","protected":false},"author":1,"featured_media":0,"parent":0,"menu_order":0,"comment_status":"closed","ping_status":"closed","template":"","meta":{"footnotes":""},"class_list":["post-5755","page","type-page","status-publish","hentry"],"_links":{"self":[{"href":"https:\/\/ptveracruz.mx\/index.php?rest_route=\/wp\/v2\/pages\/5755","targetHints":{"allow":["GET"]}}],"collection":[{"href":"https:\/\/ptveracruz.mx\/index.php?rest_route=\/wp\/v2\/pages"}],"about":[{"href":"https:\/\/ptveracruz.mx\/index.php?rest_route=\/wp\/v2\/types\/page"}],"author":[{"embeddable":true,"href":"https:\/\/ptveracruz.mx\/index.php?rest_route=\/wp\/v2\/users\/1"}],"replies":[{"embeddable":true,"href":"https:\/\/ptveracruz.mx\/index.php?rest_route=%2Fwp%2Fv2%2Fcomments&post=5755"}],"version-history":[{"count":2,"href":"https:\/\/ptveracruz.mx\/index.php?rest_route=\/wp\/v2\/pages\/5755\/revisions"}],"predecessor-version":[{"id":5764,"href":"https:\/\/ptveracruz.mx\/index.php?rest_route=\/wp\/v2\/pages\/5755\/revisions\/5764"}],"wp:attachment":[{"href":"https:\/\/ptveracruz.mx\/index.php?rest_route=%2Fwp%2Fv2%2Fmedia&parent=5755"}],"curies":[{"name":"wp","href":"https:\/\/api.w.org\/{rel}","templated":true}]}}