{"id":5404,"date":"2025-05-29T20:00:55","date_gmt":"2025-05-30T02:00:55","guid":{"rendered":"https:\/\/ptveracruz.mx\/?page_id=5404"},"modified":"2025-06-15T01:46:37","modified_gmt":"2025-06-15T07:46:37","slug":"art-21-periodo-2024","status":"publish","type":"page","link":"https:\/\/ptveracruz.mx\/?page_id=5404","title":{"rendered":"Art 21 Periodo 2024"},"content":{"rendered":"\n<h1 class=\"wp-block-heading\">Art\u00edculo 21 <\/h1>\n\n\n\n<p><strong>Fracci\u00f3n I.<\/strong>&nbsp;<a href=\"https:\/\/ptveracruz.mx\/?page_id=5412\">Padr\u00f3n de afiliados<\/a>&nbsp;<strong>(En cumplimiento al Acuerdo INE\/CG-33\/2019 del Consejo General del Instituto Nacional Electoral de fecha 23 de enero de 2019, que el Padr\u00f3n de Afiliado del Partido del Trabajo se encuentra \u201cEN REVISI\u00d3N Y ACTUALIZACI\u00d3N\u201d)<\/strong><\/p>\n\n\n\n<p><strong>Fracci\u00f3n II.<\/strong>\u00a0<a href=\"https:\/\/ptveracruz.mx\/?page_id=5661\">Acuerdos y resoluciones de \u00f3rganos de direcci\u00f3n<\/a><\/p>\n\n\n\n<p><strong>Fracci\u00f3n III.<\/strong><a href=\"https:\/\/ptveracruz.mx\/?page_id=5471\">&nbsp;Convenios de participaci\u00f3n entre partido y organizaciones de sociedad civil<\/a><\/p>\n\n\n\n<p><strong>Fracci\u00f3n IV.<\/strong>&nbsp;<a href=\"https:\/\/ptveracruz.mx\/?page_id=5477\">Contratos &nbsp;y convenios para adquisici\u00f3n o arrendamiento de bienes y servicios<\/a><\/p>\n\n\n\n<p><strong>Fracci\u00f3n V.<\/strong>&nbsp;<a href=\"https:\/\/ptveracruz.mx\/?page_id=5431\">Minutas de sesiones PT<\/a><\/p>\n\n\n\n<p><strong>Fracci\u00f3n VI.<\/strong>&nbsp;<a href=\"https:\/\/ptveracruz.mx\/?page_id=5483\">Responsables de \u00f3rganos internos de finanzas del partido.<\/a><\/p>\n\n\n\n<p><strong>Fracci\u00f3n VII.<\/strong>&nbsp;<a href=\"https:\/\/ptveracruz.mx\/?page_id=5416\">Organizaciones sociales adherentes o similares<\/a><\/p>\n\n\n\n<p><strong>Fracci\u00f3n VIII.<\/strong>&nbsp;<a href=\"https:\/\/ptveracruz.mx\/?page_id=5487\">Los montos de las cuotas ordinarias y extraordinarias aportadas por militantes<\/a><\/p>\n\n\n\n<p><strong>Fracci\u00f3n IX.<\/strong>&nbsp;<a href=\"https:\/\/ptveracruz.mx\/?page_id=5491\">Montos autorizados de financiamiento privado. Relacion de aportantes y montos.<\/a><\/p>\n\n\n\n<p><strong>Fracci\u00f3n X.&nbsp;<\/strong><a href=\"https:\/\/ptveracruz.mx\/?page_id=5495\">Listado de aportantes a las pre campa\u00f1as y campa\u00f1as.<\/a><\/p>\n\n\n\n<p><strong>Fracci\u00f3n XI.<\/strong>\u00a0<a href=\"https:\/\/ptveracruz.mx\/?page_id=5656\">Acta de asamblea constitutiva<\/a><\/p>\n\n\n\n<p><strong>Fracci\u00f3n XII.<\/strong>&nbsp;<a href=\"https:\/\/ptveracruz.mx\/?page_id=5434\">Demarcaciones electorales en las que se participa<\/a><\/p>\n\n\n\n<p><strong>Fracci\u00f3n XIII.<\/strong>&nbsp;<a href=\"https:\/\/ptveracruz.mx\/?page_id=5419\">Los tiempos que corresponden en canales de radio y televisi\u00f3n<\/a><\/p>\n\n\n\n<p><strong>Fracci\u00f3n XIV.<\/strong>\u00a0<a href=\"https:\/\/ptveracruz.mx\/?page_id=5652\">Documentos b\u00e1sicos, plataformas electorales y programas de gobierno y los mecanismos de designaci\u00f3n de \u00f3rganos de direcci\u00f3n en respectivos \u00e1mbitos<\/a><\/p>\n\n\n\n<p><strong>Fracci\u00f3n XV.<\/strong>&nbsp;<a href=\"https:\/\/ptveracruz.mx\/?page_id=5443\">Directorio de \u00f3rganos de direcci\u00f3n nacionales, estatales, municipales y distritales<\/a><\/p>\n\n\n\n<p><strong>Fracci\u00f3n XVI.<\/strong>&nbsp;<a href=\"https:\/\/ptveracruz.mx\/?page_id=5498\">Tabulador de remuneraciones de integrantes y estructura org\u00e1nica.<\/a><\/p>\n\n\n\n<p><strong>Fracci\u00f3n XVII.<\/strong>&nbsp;<a href=\"https:\/\/ptveracruz.mx\/?page_id=5446\">Curr\u00edculo de precandidatos y candidatos de proceso electoral.<\/a><\/p>\n\n\n\n<p><strong>Fracci\u00f3n XVIII.<\/strong>&nbsp;<a href=\"https:\/\/ptveracruz.mx\/?page_id=5451\">Curr\u00edculo de dirigentes a nivel estatal y municipal.<\/a><\/p>\n\n\n\n<p><strong>Fracci\u00f3n XIX.<\/strong>&nbsp;<a href=\"https:\/\/ptveracruz.mx\/?page_id=5439\">Convenios de frente, coalici\u00f3n o fusi\u00f3n de participaci\u00f3n electoral.<\/a><\/p>\n\n\n\n<p><strong>Fracci\u00f3n XX.<\/strong>&nbsp;<a href=\"https:\/\/ptveracruz.mx\/?page_id=5455\">Convocatorias para elecci\u00f3n de dirigentes o postulaci\u00f3n de candidatos y registro correspondiente<\/a><\/p>\n\n\n\n<p><strong>Fracci\u00f3n XXI.<\/strong>&nbsp;<a href=\"https:\/\/ptveracruz.mx\/?page_id=5460\">Responsables de procesos internos de evaluaci\u00f3n y selecci\u00f3n de candidatos a cargos<\/a><\/p>\n\n\n\n<p><strong>Fracci\u00f3n XXII.<\/strong>&nbsp;<a href=\"https:\/\/ptveracruz.mx\/?page_id=5501\">Informes sobre gasto de financiamiento p\u00fablico ordinario ( Sectorial de mujeres)<\/a><\/p>\n\n\n\n<p><strong>Fracci\u00f3n XXIII.<\/strong>&nbsp;<a href=\"https:\/\/ptveracruz.mx\/?page_id=5644\">Resoluciones dictadas por \u00f3rganos de control<\/a><\/p>\n\n\n\n<p><strong>Fracci\u00f3n XXIV.<\/strong>&nbsp;<a href=\"https:\/\/ptveracruz.mx\/?page_id=5507\">Montos de financiamiento p\u00fablico otorgados mensualmente al partido en Veracruz.<\/a><\/p>\n\n\n\n<p><strong>Fracci\u00f3n XXV.<\/strong>&nbsp;<a href=\"https:\/\/ptveracruz.mx\/?page_id=5511\">Estado de situaci\u00f3n financiera y patrimonial; Inventario de los bienes inmuebles.<\/a><\/p>\n\n\n\n<p><strong>Fracci\u00f3n XXVI.<\/strong>&nbsp;<a href=\"https:\/\/ptveracruz.mx\/?page_id=5421\">Resoluciones emitidas de \u00f3rganos disciplinarios de cualquier nivel.<\/a><\/p>\n\n\n\n<p><strong>Fracci\u00f3n XXVII.<\/strong>&nbsp;<a href=\"https:\/\/ptveracruz.mx\/?page_id=5464\">Nombres de representantes ante autoridad electoral.<\/a><\/p>\n\n\n\n<p><strong>Fracci\u00f3n XXVIII.<\/strong>&nbsp;<a href=\"https:\/\/ptveracruz.mx\/?page_id=5425\">Mecanismos de control y supervisi\u00f3n aplicados a los procesos internos de la selecci\u00f3n de candidatos.<\/a><\/p>\n\n\n\n<p><strong>Fracci\u00f3n XXIX.<\/strong>&nbsp;<a href=\"https:\/\/ptveracruz.mx\/?page_id=5642\">Listado de fundaciones, asociaciones, centros o institutos de capacitaci\u00f3n o cualquier otro que reciben apoyo del partido.<\/a><\/p>\n\n\n\n<p><strong>Fracci\u00f3n XXX.<\/strong>&nbsp;<a href=\"https:\/\/ptveracruz.mx\/?page_id=5517\">Resoluciones que dicta la autoridad electoral competente respecto a informes de ingresos y gastos.<\/a><\/p>\n\n\n\n<p><strong>Fracci\u00f3n XXXI.<\/strong>&nbsp;<a href=\"https:\/\/ptveracruz.mx\/?page_id=5428\">Informes con motivos de obligaciones legales<\/a><\/p>\n\n\n\n<p><strong>Fracci\u00f3n XXXII.<\/strong>&nbsp;<a href=\"https:\/\/ptveracruz.mx\/?page_id=5523\">Informes anuales de campa\u00f1a<\/a><br><br><strong>Fracci\u00f3n XXXIII.<\/strong>&nbsp;<a href=\"https:\/\/ptveracruz.mx\/?page_id=5529\">Gastos de campa\u00f1a<\/a><\/p>\n","protected":false},"excerpt":{"rendered":"<p>Art\u00edculo 21 Fracci\u00f3n I.&nbsp;Padr\u00f3n de afiliados&nbsp;(En cumplimiento al Acuerdo INE\/CG-33\/2019 del Consejo General del Instituto Nacional Electoral de fecha 23 de enero [&hellip;]<\/p>\n","protected":false},"author":1,"featured_media":0,"parent":0,"menu_order":0,"comment_status":"closed","ping_status":"closed","template":"","meta":{"footnotes":""},"class_list":["post-5404","page","type-page","status-publish","hentry"],"_links":{"self":[{"href":"https:\/\/ptveracruz.mx\/index.php?rest_route=\/wp\/v2\/pages\/5404","targetHints":{"allow":["GET"]}}],"collection":[{"href":"https:\/\/ptveracruz.mx\/index.php?rest_route=\/wp\/v2\/pages"}],"about":[{"href":"https:\/\/ptveracruz.mx\/index.php?rest_route=\/wp\/v2\/types\/page"}],"author":[{"embeddable":true,"href":"https:\/\/ptveracruz.mx\/index.php?rest_route=\/wp\/v2\/users\/1"}],"replies":[{"embeddable":true,"href":"https:\/\/ptveracruz.mx\/index.php?rest_route=%2Fwp%2Fv2%2Fcomments&post=5404"}],"version-history":[{"count":30,"href":"https:\/\/ptveracruz.mx\/index.php?rest_route=\/wp\/v2\/pages\/5404\/revisions"}],"predecessor-version":[{"id":5664,"href":"https:\/\/ptveracruz.mx\/index.php?rest_route=\/wp\/v2\/pages\/5404\/revisions\/5664"}],"wp:attachment":[{"href":"https:\/\/ptveracruz.mx\/index.php?rest_route=%2Fwp%2Fv2%2Fmedia&parent=5404"}],"curies":[{"name":"wp","href":"https:\/\/api.w.org\/{rel}","templated":true}]}}