{"id":4742,"date":"2022-04-28T17:15:35","date_gmt":"2022-04-28T23:15:35","guid":{"rendered":"https:\/\/ptveracruz.mx\/?page_id=4742"},"modified":"2022-06-23T15:24:31","modified_gmt":"2022-06-23T21:24:31","slug":"fraccion-ii-articulo-15-2021","status":"publish","type":"page","link":"https:\/\/ptveracruz.mx\/?page_id=4742","title":{"rendered":"Fracci\u00f3n II Art\u00edculo 15 2021"},"content":{"rendered":"\n<figure class=\"wp-block-table\"><table><tbody><tr><td><a href=\"https:\/\/docs.google.com\/spreadsheets\/d\/1zlYA5FtWne78QA73hzJtffwcbYeSoIgk\/edit?usp=sharing&amp;ouid=106129249287364210985&amp;rtpof=true&amp;sd=true\"><img loading=\"lazy\" decoding=\"async\" width=\"65\" height=\"64\" class=\"aligncenter wp-image-3228 size-full\" src=\"http:\/\/www.ptveracruz.org\/wp-content\/uploads\/2017\/08\/descargar-visualizar.jpg\" alt=\"\"><\/a><\/td><td> <img loading=\"lazy\" decoding=\"async\" width=\"64\" height=\"64\" class=\"size-full wp-image-2003 aligncenter\" style=\"color: rgb(0, 16, 46); font-family: &quot;System default&quot;, sans-serif; font-size: 24px;\" src=\"http:\/\/www.ptveracruz.org\/wp-content\/uploads\/2017\/05\/responsable.jpg\" alt=\"\"><\/td><td><img loading=\"lazy\" decoding=\"async\" class=\"aligncenter size-full wp-image-2001\" src=\"http:\/\/www.ptveracruz.org\/wp-content\/uploads\/2017\/05\/fecha-de-actualizacion.jpg\" alt=\"\" width=\"64\" height=\"64\"><\/td><td><img loading=\"lazy\" decoding=\"async\" class=\"aligncenter size-full wp-image-2002\" src=\"http:\/\/www.ptveracruz.org\/wp-content\/uploads\/2017\/05\/fecha-de-actualizacion2.jpg\" alt=\"\" width=\"64\" height=\"64\"><\/td><\/tr><tr><td><br><\/td><td>Comisi\u00f3n Ejecutiva Estatal <\/td><td> 31\/12\/2021 <\/td><td> 15\/12\/2021 <\/td><\/tr><\/tbody><\/table><\/figure>\n\n\n\n<p>Organigrama<\/p>\n\n\n\n<figure class=\"wp-block-table\"><table><tbody><tr><td><a href=\"https:\/\/docs.google.com\/spreadsheets\/d\/16Lp1p0jEAJ-oICjbZj6UtdRBIBgV544P\/edit?usp=sharing&amp;ouid=106129249287364210985&amp;rtpof=true&amp;sd=true\"><img loading=\"lazy\" decoding=\"async\" width=\"65\" height=\"64\" class=\"aligncenter wp-image-3228 size-full\" src=\"http:\/\/www.ptveracruz.org\/wp-content\/uploads\/2017\/08\/descargar-visualizar.jpg\" alt=\"\"><\/a><\/td><td> <img loading=\"lazy\" decoding=\"async\" width=\"64\" height=\"64\" class=\"size-full wp-image-2003 aligncenter\" style=\"color: rgb(0, 16, 46); font-family: &quot;System default&quot;, sans-serif; font-size: 24px;\" src=\"http:\/\/www.ptveracruz.org\/wp-content\/uploads\/2017\/05\/responsable.jpg\" alt=\"\"><\/td><td><img loading=\"lazy\" decoding=\"async\" class=\"aligncenter size-full wp-image-2001\" src=\"http:\/\/www.ptveracruz.org\/wp-content\/uploads\/2017\/05\/fecha-de-actualizacion.jpg\" alt=\"\" width=\"64\" height=\"64\"><\/td><td><img loading=\"lazy\" decoding=\"async\" class=\"aligncenter size-full wp-image-2002\" src=\"http:\/\/www.ptveracruz.org\/wp-content\/uploads\/2017\/05\/fecha-de-actualizacion2.jpg\" alt=\"\" width=\"64\" height=\"64\"><\/td><\/tr><tr><td><\/td><td>Comisi\u00f3n Ejecutiva Estatal <\/td><td> 31\/12\/2021 <\/td><td> 15\/12\/2021 <\/td><\/tr><\/tbody><\/table><\/figure>\n\n\n\n<p>1.<a href=\"http:\/\/www.ptveracruz.org\/wp-content\/uploads\/2017\/05\/1_congreso_nacional.pdf\">Congreso Nacional<\/a><\/p>\n\n\n\n<p>2.<a href=\"http:\/\/www.ptveracruz.org\/wp-content\/uploads\/2017\/05\/2_consejo_politico_nacional.pdf\">&nbsp;Consejo pol\u00edtico nacional<\/a><\/p>\n\n\n\n<p>3.&nbsp;<a href=\"http:\/\/www.ptveracruz.org\/wp-content\/uploads\/2017\/05\/3_comision_ejecutiva_nacional.pdf\">Comision ejecutiva nacional<\/a><\/p>\n\n\n\n<p>4.&nbsp;<a href=\"http:\/\/www.ptveracruz.org\/wp-content\/uploads\/2017\/05\/4_comision_coordinadora_nacional.pdf\">Comisi\u00f3n coordinadora nacional<\/a><\/p>\n\n\n\n<p>5.&nbsp;<a href=\"http:\/\/www.ptveracruz.org\/wp-content\/uploads\/2017\/05\/5_comisionados_politicos_nacionales.pdf\">Comisionados pol\u00edticos nacionales<\/a><\/p>\n\n\n\n<p>6.&nbsp;<a href=\"http:\/\/www.ptveracruz.org\/wp-content\/uploads\/2017\/05\/6_contraloria_fiscalizacion.pdf\">Contralor\u00eda fiscalizaci\u00f3n<\/a><\/p>\n\n\n\n<p>7.&nbsp;<a href=\"http:\/\/www.ptveracruz.org\/wp-content\/uploads\/2017\/05\/7_garantias_justicia_controversias.pdf\">Garant\u00edas justicia controversias<\/a><\/p>\n\n\n\n<p>8.&nbsp;<a href=\"http:\/\/www.ptveracruz.org\/wp-content\/uploads\/2017\/05\/8_elecciones_procedimientos_internos.pdf\">Elecciones procedimientos internos<\/a><\/p>\n\n\n\n<p>9.&nbsp;<a href=\"http:\/\/www.ptveracruz.org\/wp-content\/uploads\/2017\/05\/9_vigilancia_procedimientos_internos.pdf\">Vigilancia procedimientos internos<\/a><\/p>\n\n\n\n<p>10.&nbsp;<a href=\"http:\/\/www.ptveracruz.org\/wp-content\/uploads\/2017\/05\/10_congreso_estatal_df.pdf\">Congreso Estatal DF<\/a><\/p>\n\n\n\n<p>11.&nbsp;<a href=\"http:\/\/www.ptveracruz.org\/wp-content\/uploads\/2017\/05\/11_consejo_politico_estatal_df.pdf\">Consejo pol\u00edtico estatal DF<\/a><\/p>\n\n\n\n<p>12.&nbsp;<a href=\"http:\/\/www.ptveracruz.org\/wp-content\/uploads\/2017\/05\/12_comision_ejecutiva_estatal_df.pdf\">Comisi\u00f3n ejecutiva estatal DF<\/a><\/p>\n\n\n\n<p>13.&nbsp;<a href=\"http:\/\/www.ptveracruz.org\/wp-content\/uploads\/2017\/05\/13_coordinadora_nacional.pdf\">Coordinadora Nacional<\/a><\/p>\n\n\n\n<p>14.&nbsp;<a href=\"http:\/\/www.ptveracruz.org\/wp-content\/uploads\/2017\/05\/14_comisionados_politicos_nacionales.pdf\">Comisionados pol\u00edticos Nacionales<\/a><\/p>\n\n\n\n<p>15.&nbsp;<a href=\"http:\/\/www.ptveracruz.org\/wp-content\/uploads\/2017\/05\/15_contraloria_ficalizacion_estatal_df.pdf\">Contralor\u00eda ficalizaci\u00f3n estatal DF<\/a><\/p>\n\n\n\n<p>16.&nbsp;<a href=\"http:\/\/www.ptveracruz.org\/wp-content\/uploads\/2017\/05\/16_conciliacion_estatal_df.pdf\">Conciliaci\u00f3n estatal DF<\/a><\/p>\n\n\n\n<p>17.&nbsp;<a href=\"http:\/\/www.ptveracruz.org\/wp-content\/uploads\/2017\/05\/17_estatal_df_elecciones_procedimientos_internos.pdf\">Estatal DF elecciones procedimientos internos<\/a><\/p>\n\n\n\n<p>18.&nbsp;<a href=\"http:\/\/www.ptveracruz.org\/wp-content\/uploads\/2017\/05\/18_estatal_df_vigilancia_procedimientos_internos.pdf\">Estatal DF Vigilancia procedimientos internos<\/a><\/p>\n\n\n\n<p>19.&nbsp;<a href=\"http:\/\/www.ptveracruz.org\/wp-content\/uploads\/2017\/05\/19_congreso_municipal_delegacional.pdf\">Congreso municipal delegacional<\/a><\/p>\n\n\n\n<p>20.&nbsp;<a href=\"http:\/\/www.ptveracruz.org\/wp-content\/uploads\/2017\/05\/20_consejo_municipal_delegacional.pdf\">Consejo Municipal Delegacional<\/a><\/p>\n\n\n\n<p>21.&nbsp;<a href=\"http:\/\/www.ptveracruz.org\/wp-content\/uploads\/2017\/05\/21_ejecutiva_municipal_delegacional.pdf\">Ejecutiva Municipal Delegacional<\/a><\/p>\n\n\n\n<p>22.&nbsp;<a href=\"http:\/\/www.ptveracruz.org\/wp-content\/uploads\/2017\/05\/22_coordinadora_municipal.pdf\">Coordinadora Municipal<\/a><\/p>\n\n\n\n<p>23.&nbsp;<a href=\"http:\/\/www.ptveracruz.org\/wp-content\/uploads\/2017\/05\/23_organismos_base_comunidades_organizaciones_sociales.pdf\">Organismos base comunidades y organizaciones sociales<\/a><\/p>\n\n\n\n<p>24.&nbsp;<a href=\"http:\/\/www.ptveracruz.org\/wp-content\/uploads\/2017\/05\/24_comisionados_politicos_nacionales.pdf\">Comisionados pol\u00edticos Nacionales<\/a><\/p>\n\n\n\n<p>25.&nbsp;<a href=\"http:\/\/www.ptveracruz.org\/wp-content\/uploads\/2017\/05\/25_-congreso-nacional.pdf\">Congreso Nacional<\/a><\/p>\n\n\n\n<p>26.&nbsp;<a href=\"http:\/\/www.ptveracruz.org\/wp-content\/uploads\/2017\/05\/26_-Consejo-Pol%C3%ADtico-Nacional.pdf\">Consejo Pol\u00edtico Nacional<\/a><\/p>\n\n\n\n<p>27.&nbsp;<a href=\"http:\/\/www.ptveracruz.org\/wp-content\/uploads\/2017\/05\/27_-Comisi%C3%B3n-Ejecutiva-Nacional.pdf\">Comisi\u00f3n Ejecutiva Nacional<\/a><\/p>\n\n\n\n<p>28.&nbsp;<a href=\"http:\/\/www.ptveracruz.org\/wp-content\/uploads\/2017\/05\/28_-Comisi%C3%B3n-Coordinadora-Nacional.pdf\">Comisi\u00f3n Coordinadora Nacional<\/a><\/p>\n\n\n\n<p>29.&nbsp;<a href=\"http:\/\/www.ptveracruz.org\/wp-content\/uploads\/2017\/05\/29_-Comisionados-Pol%C3%ADticos-Nacionales.pdf\">Comisionados Pol\u00edticos Nacionales<\/a><\/p>\n\n\n\n<p>30.&nbsp;<a href=\"http:\/\/www.ptveracruz.org\/wp-content\/uploads\/2017\/05\/30_-Comisi%C3%B3n-Nacional-de-Contralor%C3%ADa-y-Fiscalizaci%C3%B3n.pdf\">Comisi\u00f3n Nacional de Contralor\u00eda y Fiscalizaci\u00f3n<\/a><\/p>\n\n\n\n<p>31.&nbsp;<a href=\"http:\/\/www.ptveracruz.org\/wp-content\/uploads\/2017\/05\/31_-Comisi%C3%B3n-Nacional-de-Conciliaci%C3%B3n.pdf\">Comisi\u00f3n Nacional de Conciliaci\u00f3n<\/a><\/p>\n\n\n\n<p>32.&nbsp;<a href=\"http:\/\/www.ptveracruz.org\/wp-content\/uploads\/2017\/05\/32_-Comisi%C3%B3n-Nacional-de-Elecciones-y-Procedimientos-Internos.pdf\">Comisi\u00f3n Nacional de Elecciones y Procedimientos Internos<\/a><\/p>\n\n\n\n<p>33.&nbsp;<a href=\"http:\/\/www.ptveracruz.org\/wp-content\/uploads\/2017\/05\/33_-Comisi%C3%B3n-Nacional-de-Vigilancia-de-Elecciones-y-Procedimientos.pdf\">Comisi\u00f3n Nacional de Vigilancia de Elecciones y Procedimientos<\/a><\/p>\n\n\n\n<p>34.&nbsp;<a href=\"http:\/\/www.ptveracruz.org\/wp-content\/uploads\/2017\/05\/34_-Congreso-Estatal.pdf\">Congreso Estatal<\/a><\/p>\n\n\n\n<p>35.&nbsp;<a href=\"http:\/\/www.ptveracruz.org\/wp-content\/uploads\/2017\/05\/35_-Consejo-Pol%C3%ADtico-Estatal.pdf\">Consejo Pol\u00edtico Estatal<\/a><\/p>\n\n\n\n<p>36.&nbsp;<a href=\"http:\/\/www.ptveracruz.org\/wp-content\/uploads\/2017\/05\/36_-Comisi%C3%B3n-Ejecutiva-Estatal.pdf\">Comisi\u00f3n Ejecutiva Estatal<\/a><\/p>\n\n\n\n<p>37.&nbsp;<a href=\"http:\/\/www.ptveracruz.org\/wp-content\/uploads\/2017\/05\/37_-Comisi%C3%B3n-Coordinadora-Estatal.pdf\">Comisi\u00f3n Coordinadora Estatal<\/a><\/p>\n\n\n\n<p>38.&nbsp;<a href=\"http:\/\/www.ptveracruz.org\/wp-content\/uploads\/2017\/05\/38_-Comisionados-Pol%C3%ADticos-Nacionales.pdf\">Comisionados Pol\u00edticos Nacionales<\/a><\/p>\n\n\n\n<p>39.&nbsp;<a href=\"http:\/\/www.ptveracruz.org\/wp-content\/uploads\/2017\/05\/39_-Comisi%C3%B3n-de-Contralor%C3%ADa-y-Fiscalizaci%C3%B3n-Estatal.pdf\">Comisi\u00f3n de Contralor\u00eda y Fiscalizaci\u00f3n Estatal<\/a><\/p>\n\n\n\n<p>40.&nbsp;<a href=\"http:\/\/www.ptveracruz.org\/wp-content\/uploads\/2017\/05\/40_-Comisi%C3%B3n-de-Conciliaci%C3%B3n-Estatal.pdf\">Comisi\u00f3n de Conciliaci\u00f3n Estatal<\/a><\/p>\n\n\n\n<p>41.&nbsp;<a href=\"http:\/\/www.ptveracruz.org\/wp-content\/uploads\/2017\/05\/41_elecciones_procedimientos_internos_ettl_cdmx_2017.pdf\">Elecciones procedimientos internos ETTL CDMX 2017<\/a><\/p>\n\n\n\n<p>42.<a href=\"http:\/\/www.ptveracruz.org\/wp-content\/uploads\/2017\/05\/42_vigilancia_procedimientos_internos_ettl_cdmx_2017.pdf\">Vigilancia procedimientos internos ETTL CDMX 2017<\/a><\/p>\n\n\n\n<p>43.&nbsp;<a href=\"http:\/\/www.ptveracruz.org\/wp-content\/uploads\/2017\/05\/43_congreso_municipal_demarcaci%C3%B3n-territorial_2017.pdf\">Congreso Municipal demarcaci\u00f3n territorial 2017<\/a><\/p>\n\n\n\n<p>44.&nbsp;<a href=\"http:\/\/www.ptveracruz.org\/wp-content\/uploads\/2017\/05\/44_consejo_municipal_demarcaci%C3%B3n-territorial_2017.pdf\">Consejo Municipal Demarcaci\u00f3n territorial 2017<\/a><\/p>\n\n\n\n<p>45.&nbsp;<a href=\"http:\/\/www.ptveracruz.org\/wp-content\/uploads\/2017\/05\/45_ejecutiva_municipal_demarcaci%C3%B3n-territorial_2017.pdf\">Ejecutiva Municipal demarcaci\u00f3n territorial 2017<\/a><\/p>\n\n\n\n<p>46.&nbsp;<a href=\"http:\/\/www.ptveracruz.org\/wp-content\/uploads\/2017\/05\/46_coordinadora_municipal_demarcaci%C3%B3n-territorial_2017.pdf\">Coordinadora municipal demarcaci\u00f3n territorial 2017<\/a><\/p>\n\n\n\n<p>47.&nbsp;<a href=\"http:\/\/www.ptveracruz.org\/wp-content\/uploads\/2017\/05\/47_organismos_base_comunidades_organizaciones_sociales_2017.pdf\">Organismos_base comunidades organizaciones sociales 2017<\/a><\/p>\n\n\n\n<p>48.&nbsp;<a href=\"http:\/\/www.ptveracruz.org\/wp-content\/uploads\/2017\/05\/48_comisionados_politicos_nacionales_2017.pdf\">Comisionados pol\u00edticos nacionales 20171 congreso nacional<\/a><\/p>\n","protected":false},"excerpt":{"rendered":"<p>Comisi\u00f3n Ejecutiva Estatal 31\/12\/2021 15\/12\/2021 Organigrama Comisi\u00f3n Ejecutiva Estatal 31\/12\/2021 15\/12\/2021 1.Congreso Nacional 2.&nbsp;Consejo pol\u00edtico nacional 3.&nbsp;Comision ejecutiva nacional 4.&nbsp;Comisi\u00f3n coordinadora nacional [&hellip;]<\/p>\n","protected":false},"author":1,"featured_media":0,"parent":0,"menu_order":0,"comment_status":"closed","ping_status":"closed","template":"","meta":{"footnotes":""},"class_list":["post-4742","page","type-page","status-publish","hentry"],"_links":{"self":[{"href":"https:\/\/ptveracruz.mx\/index.php?rest_route=\/wp\/v2\/pages\/4742","targetHints":{"allow":["GET"]}}],"collection":[{"href":"https:\/\/ptveracruz.mx\/index.php?rest_route=\/wp\/v2\/pages"}],"about":[{"href":"https:\/\/ptveracruz.mx\/index.php?rest_route=\/wp\/v2\/types\/page"}],"author":[{"embeddable":true,"href":"https:\/\/ptveracruz.mx\/index.php?rest_route=\/wp\/v2\/users\/1"}],"replies":[{"embeddable":true,"href":"https:\/\/ptveracruz.mx\/index.php?rest_route=%2Fwp%2Fv2%2Fcomments&post=4742"}],"version-history":[{"count":2,"href":"https:\/\/ptveracruz.mx\/index.php?rest_route=\/wp\/v2\/pages\/4742\/revisions"}],"predecessor-version":[{"id":5013,"href":"https:\/\/ptveracruz.mx\/index.php?rest_route=\/wp\/v2\/pages\/4742\/revisions\/5013"}],"wp:attachment":[{"href":"https:\/\/ptveracruz.mx\/index.php?rest_route=%2Fwp%2Fv2%2Fmedia&parent=4742"}],"curies":[{"name":"wp","href":"https:\/\/api.w.org\/{rel}","templated":true}]}}