{"id":4733,"date":"2022-04-28T16:41:46","date_gmt":"2022-04-28T22:41:46","guid":{"rendered":"https:\/\/ptveracruz.mx\/?page_id=4733"},"modified":"2026-02-05T16:39:00","modified_gmt":"2026-02-05T22:39:00","slug":"articulo-15-periodo-2022","status":"publish","type":"page","link":"https:\/\/ptveracruz.mx\/?page_id=4733","title":{"rendered":"Art\u00edculo 15 Periodo 2022"},"content":{"rendered":"\n<p>Los sujetos obligados deber\u00e1n publicar y mantener actualizada la informaci\u00f3n p\u00fablica, de conformidad con los lineamientos que para el caso expida el Sistema Nacional, al inicio de cada a\u00f1o o dentro de los siguientes diez d\u00edas naturales a que surja alguna modificaci\u00f3n, de acuerdo con sus atribuciones y a disposici\u00f3n de cualquier interesado, conforme a lo siguiente:<\/p>\n\n\n\n<p>Fracci\u00f3n I.<a href=\"http:\/\/www.ptveracruz.org\/?page_id=3918\">&nbsp;El marco normativo aplicable al sujeto obligado<\/a><\/p>\n\n\n\n<p>Fracci\u00f3n II.<a href=\"http:\/\/www.ptveracruz.org\/?page_id=3922\">&nbsp;Su estructura org\u00e1nica completa<\/a><\/p>\n\n\n\n<p>Fracci\u00f3n III.<a href=\"http:\/\/www.ptveracruz.org\/?page_id=3932\">&nbsp;Las facultades de cada \u00e1rea<\/a><\/p>\n\n\n\n<p>Fracci\u00f3n IV.<a href=\"http:\/\/www.ptveracruz.org\/?page_id=3935\">&nbsp;Las metas y objetivos de las \u00e1reas<\/a><\/p>\n\n\n\n<p>Fracci\u00f3n V.<a href=\"http:\/\/www.ptveracruz.org\/?page_id=3938\">&nbsp;Los indicadores de gesti\u00f3n, as\u00ed como otros relacionados con temas de inter\u00e9s p\u00fablico o trascendencia social&nbsp;<\/a><\/p>\n\n\n\n<p>Fracci\u00f3n VI.<a href=\"http:\/\/www.ptveracruz.org\/?page_id=3940\">&nbsp;Los indicadores que permitan rendir cuenta de sus objetivos y resultados<\/a><\/p>\n\n\n\n<p>Fracci\u00f3n VII.<a href=\"http:\/\/www.ptveracruz.org\/?page_id=4459\">&nbsp;El directorio de servidores p\u00fablicos<\/a><\/p>\n\n\n\n<p>Fracci\u00f3n VIII.<a href=\"http:\/\/www.ptveracruz.org\/?page_id=3945\">&nbsp;La remuneraci\u00f3n bruta y neta de todos los servidores p\u00fablicos de base o de confianza<\/a><\/p>\n\n\n\n<p>Fracci\u00f3n IX.<a href=\"http:\/\/www.ptveracruz.org\/?page_id=3950\">&nbsp;Los gastos de representaci\u00f3n y vi\u00e1ticos, as\u00ed como el objeto e informe de comisi\u00f3n correspondiente<\/a><\/p>\n\n\n\n<p>Fracci\u00f3n X.<a href=\"http:\/\/www.ptveracruz.org\/?page_id=3954\">&nbsp;El n\u00famero total de las plazas y del personal de base y confianza<\/a><\/p>\n\n\n\n<p>Fracci\u00f3n XI.<a href=\"https:\/\/ptveracruz.mx\/?page_id=5766\">\u00a0Las contrataciones de servicios profesionales por honorarios o asimilados<\/a><\/p>\n\n\n\n<p>Fracci\u00f3n XII.<a href=\"http:\/\/www.ptveracruz.org\/?page_id=3961\">&nbsp;Declaraciones patrimonial, fiscal y de intereses de los servidores p\u00fablicos<\/a><\/p>\n\n\n\n<p>Fracci\u00f3n XIII.<a href=\"http:\/\/www.ptveracruz.org\/?page_id=3964\">&nbsp;El domicilio de la Unidad de Transparencia, adem\u00e1s de la direcci\u00f3n electr\u00f3nica donde podr\u00e1n recibirse las solicitudes para obtener la informaci\u00f3n<\/a><\/p>\n\n\n\n<p>Fracci\u00f3n XIV.<a href=\"http:\/\/www.ptveracruz.org\/?page_id=3966\">&nbsp;Las convocatorias a concursos para ocupar cargos p\u00fablicos y los resultados de los mismos<\/a><\/p>\n\n\n\n<p>Fracci\u00f3n XV.<a href=\"http:\/\/www.ptveracruz.org\/?page_id=3970\">&nbsp;Programas sociales, subsidios, est\u00edmulos y apoyos, en que se deber\u00e1 informar respecto de los programas de transferencia, de servicios, de infraestructura social y de subsidio<\/a><\/p>\n\n\n\n<p>Fracci\u00f3n XVI.<a href=\"http:\/\/www.ptveracruz.org\/?page_id=3975\">Condiciones generales de trabajo, contratos o convenios que regulen las relaciones laborales del personal de base o de confianza, as\u00ed como los recursos p\u00fablicos econ\u00f3micos, en especie o donativos, que sean entregados a los sindicatos y ejerzan como recursos p\u00fablicos<\/a><\/p>\n\n\n\n<p>Fracci\u00f3n XVII.<a href=\"http:\/\/www.ptveracruz.org\/?page_id=3978\">&nbsp;La informaci\u00f3n curricular, desde el nivel de jefe de departamento o equivalente, hasta el titular del sujeto obligado<\/a><\/p>\n\n\n\n<p>Fracci\u00f3n XVIII.<a href=\"http:\/\/www.ptveracruz.org\/?page_id=3981\">&nbsp;El listado de servidores p\u00fablicos con sanciones administrativas definitivas<\/a><\/p>\n\n\n\n<p>Fracci\u00f3n XIX.<a href=\"http:\/\/www.ptveracruz.org\/?page_id=3985\">&nbsp;Los servicios que ofrecen, se\u00f1alando los requisitos para acceder a ellos<\/a><\/p>\n\n\n\n<p>Fracci\u00f3n XX.<a href=\"http:\/\/www.ptveracruz.org\/?page_id=3987\">&nbsp;Los tr\u00e1mites, requisitos y formatos que ofrecen<\/a><\/p>\n\n\n\n<p>Fracci\u00f3n XXI.&nbsp;<a href=\"http:\/\/www.ptveracruz.org\/?page_id=3990\">La informaci\u00f3n financiera sobre el presupuesto asignado, as\u00ed como los informes del ejercicio trimestral del gasto, en t\u00e9rminos de la Ley General de Contabilidad Gubernamental y dem\u00e1s normatividad aplicable<\/a><\/p>\n\n\n\n<p>Fracci\u00f3n XXII.<a href=\"http:\/\/www.ptveracruz.org\/?page_id=3993\">Deuda p\u00fablica, en t\u00e9rminos de la normatividad aplicable<\/a><\/p>\n\n\n\n<p>Fracci\u00f3n XXIII.<a href=\"http:\/\/www.ptveracruz.org\/?page_id=3995\">&nbsp;Los montos destinados a gastos relativos a comunicaci\u00f3n social y publicidad oficial, desglosada por tipo de medio, proveedores, n\u00famero de contrato y concepto o campa\u00f1a<\/a><\/p>\n\n\n\n<p>Fracci\u00f3n XXIV.<a href=\"http:\/\/www.ptveracruz.org\/?page_id=3998\">&nbsp;El informe del resultado de las auditor\u00edas al ejercicio presupuestal de cada sujeto obligado que se realicen y, en su caso, las aclaraciones que correspondan<\/a><\/p>\n\n\n\n<p>Fracci\u00f3n XXV.<a href=\"http:\/\/www.ptveracruz.org\/?page_id=4000\">&nbsp;El resultado de la dictaminaci\u00f3n de los estados financieros<\/a><\/p>\n\n\n\n<p>Fracci\u00f3n XXVI.<a href=\"http:\/\/www.ptveracruz.org\/?page_id=4002\">&nbsp;Montos, criterios, convocatorias y listado de personas f\u00edsicas o morales a quienes, se les asigne o permita usar recursos p\u00fablicos . Asimismo, los informes que dichas personas les entreguen sobre el uso y destino de dichos recursos<\/a><\/p>\n\n\n\n<p>Fracci\u00f3n XXVII.&nbsp;<a href=\"http:\/\/www.ptveracruz.org\/?page_id=4006\">Las concesiones, contratos, convenios, permisos, licencias o autorizaciones otorgados<\/a><\/p>\n\n\n\n<p>Fracci\u00f3n XXVIII.<a href=\"http:\/\/www.ptveracruz.org\/?page_id=4004\">Resultados sobre procedimientos de adjudicaci\u00f3n directa, invitaci\u00f3n restringida y licitaci\u00f3n de cualquier naturaleza<\/a><\/p>\n\n\n\n<p>Fracci\u00f3n XXIX.&nbsp;<a href=\"http:\/\/www.ptveracruz.org\/?page_id=4009\">Los informes que por disposici\u00f3n legal generen los sujetos obligados<\/a><\/p>\n\n\n\n<p>Fracci\u00f3n XXX.&nbsp;<a href=\"http:\/\/www.ptveracruz.org\/?page_id=4012\">Las estad\u00edsticas que generen en cumplimiento de sus facultades, competencias o funciones<\/a><\/p>\n\n\n\n<p>Fracci\u00f3n XXXI.<a href=\"http:\/\/www.ptveracruz.org\/?page_id=4015\">&nbsp;Informe de avances program\u00e1ticos o presupuestales, balances generales y su estado financiero<\/a><\/p>\n\n\n\n<p>Fracci\u00f3n XXXII.<a href=\"http:\/\/www.ptveracruz.org\/?page_id=4018\">&nbsp;Padr\u00f3n de proveedores y contratistas<\/a><\/p>\n\n\n\n<p>Fracci\u00f3n XXXIII.<a href=\"http:\/\/www.ptveracruz.org\/?page_id=4021\">&nbsp;Los convenios de coordinaci\u00f3n y de concertaci\u00f3n con los sectores social y privado<\/a><\/p>\n\n\n\n<p>Fracci\u00f3n XXXIV.&nbsp;<a href=\"http:\/\/www.ptveracruz.org\/?page_id=4023\">El inventario de bienes muebles e inmuebles en posesi\u00f3n y propiedad<\/a><\/p>\n\n\n\n<p>Fracci\u00f3n XXXV.&nbsp;<a href=\"http:\/\/www.ptveracruz.org\/?page_id=4026\">Las recomendaciones emitidas por los \u00f3rganos p\u00fablicos del Estado mexicano u organismos internacionales garantes<\/a><\/p>\n\n\n\n<p>Fracci\u00f3n XXXVI.&nbsp;<a href=\"http:\/\/www.ptveracruz.org\/?page_id=4034\">Las resoluciones y laudos que se emitan en procesos o procedimientos seguidos en forma de juicio<\/a><\/p>\n\n\n\n<p>Fracci\u00f3n XXXVII.<a href=\"http:\/\/www.ptveracruz.org\/?page_id=4037\">&nbsp;Los mecanismos de participaci\u00f3n ciudadana<\/a><\/p>\n\n\n\n<p>Fracci\u00f3n XXXVIII.<a href=\"http:\/\/www.ptveracruz.org\/?page_id=4040\">&nbsp;Los programas que ofrecen, incluyendo informaci\u00f3n sobre la poblaci\u00f3n, objetivo y destino, as\u00ed como los tr\u00e1mites, tiempos de respuesta, requisitos y formatos para acceder a los mismos<\/a><\/p>\n\n\n\n<p>Fracci\u00f3n XXXIX.&nbsp;<a href=\"http:\/\/www.ptveracruz.org\/?page_id=4043\">Las actas, acuerdos y resoluciones del Comit\u00e9 de los sujetos obligados<\/a><\/p>\n\n\n\n<p>Fracci\u00f3n XL.&nbsp;<a href=\"http:\/\/www.ptveracruz.org\/?page_id=4046\">Todas las evaluaciones y encuestas que hagan los sujetos obligados a programas financiados con recursos p\u00fablicos<\/a><\/p>\n\n\n\n<p>Fracci\u00f3n XLI.<a href=\"http:\/\/www.ptveracruz.org\/?page_id=4049\">&nbsp;Los estudios financiados con recursos p\u00fablicos<\/a><\/p>\n\n\n\n<p>Fracci\u00f3n XLII.<a href=\"http:\/\/www.ptveracruz.org\/?page_id=4052\">&nbsp;El listado de jubilados y pensionados y el monto que reciben<\/a><\/p>\n\n\n\n<p>Fracci\u00f3n XLIII.<a href=\"http:\/\/www.ptveracruz.org\/?page_id=4054\">&nbsp;Los ingresos recibidos por cualquier concepto, se\u00f1alando el nombre de los responsables de recibirlos, administrarlos y ejercerlos, as\u00ed como el destino de cada uno de ellos<\/a><\/p>\n\n\n\n<p>Fracci\u00f3n XLIV.&nbsp;<a href=\"http:\/\/www.ptveracruz.org\/?page_id=4057\">Donaciones hechas a terceros en dinero o en especie<\/a><\/p>\n\n\n\n<p>Fracci\u00f3n XLV.<a href=\"http:\/\/www.ptveracruz.org\/?page_id=4060\">&nbsp;El cat\u00e1logo de disposici\u00f3n y gu\u00eda de archivo documental<\/a><\/p>\n\n\n\n<p>Fracci\u00f3n XLVI.&nbsp;<a href=\"http:\/\/www.ptveracruz.org\/?page_id=4063\">Las actas de sesiones ordinarias y extraordinarias y sus anexos, as\u00ed como las opiniones y recomendaciones que emitan, en su caso, los consejos consultivos<\/a><\/p>\n\n\n\n<p>Fracci\u00f3n XLVII.<a href=\"http:\/\/www.ptveracruz.org\/?page_id=4067\">Listado de solicitudes a las empresas concesionarias de telecomunicaciones y proveedores de servicios o aplicaciones de Internet para la intervenci\u00f3n de comunicaciones privadas, el acceso al registro de comunicaciones y la localizaci\u00f3n geogr\u00e1fica en tiempo real de equipos de comunicaci\u00f3n<\/a><\/p>\n\n\n\n<p>Fracci\u00f3n XLVIII.<a href=\"http:\/\/www.ptveracruz.org\/?page_id=4070\">&nbsp;Las enajenaciones y otros actos jur\u00eddicos relacionados con bienes p\u00fablicos<\/a><\/p>\n\n\n\n<p>Fracci\u00f3n LII.<a href=\"http:\/\/www.ptveracruz.org\/?page_id=4072\">&nbsp;Los \u00edndices de expedientes clasificados como reservados<\/a><\/p>\n\n\n\n<p>Fracci\u00f3n LIII.<a href=\"http:\/\/www.ptveracruz.org\/?page_id=4074\">&nbsp;La informaci\u00f3n desclasificada, la cual deber\u00e1 de permanecer dos a\u00f1os posteriores a partir de que perdi\u00f3 su clasificaci\u00f3n<\/a><\/p>\n\n\n\n<p>Fracci\u00f3n LIV.<a href=\"http:\/\/www.ptveracruz.org\/?page_id=4077\">&nbsp;Cualquier otra informaci\u00f3n que sea de utilidad o se considere relevante<\/a><\/p>\n\n\n\n<p>Fracci\u00f3n \u2013 \u2013&nbsp;<a href=\"http:\/\/www.ptveracruz.org\/?page_id=4080\">Obligaciones aplicables<\/a><\/p>\n","protected":false},"excerpt":{"rendered":"<p>Los sujetos obligados deber\u00e1n publicar y mantener actualizada la informaci\u00f3n p\u00fablica, de conformidad con los lineamientos que para el caso expida el [&hellip;]<\/p>\n","protected":false},"author":1,"featured_media":0,"parent":0,"menu_order":0,"comment_status":"closed","ping_status":"closed","template":"","meta":{"footnotes":""},"class_list":["post-4733","page","type-page","status-publish","hentry"],"_links":{"self":[{"href":"https:\/\/ptveracruz.mx\/index.php?rest_route=\/wp\/v2\/pages\/4733","targetHints":{"allow":["GET"]}}],"collection":[{"href":"https:\/\/ptveracruz.mx\/index.php?rest_route=\/wp\/v2\/pages"}],"about":[{"href":"https:\/\/ptveracruz.mx\/index.php?rest_route=\/wp\/v2\/types\/page"}],"author":[{"embeddable":true,"href":"https:\/\/ptveracruz.mx\/index.php?rest_route=\/wp\/v2\/users\/1"}],"replies":[{"embeddable":true,"href":"https:\/\/ptveracruz.mx\/index.php?rest_route=%2Fwp%2Fv2%2Fcomments&post=4733"}],"version-history":[{"count":3,"href":"https:\/\/ptveracruz.mx\/index.php?rest_route=\/wp\/v2\/pages\/4733\/revisions"}],"predecessor-version":[{"id":5769,"href":"https:\/\/ptveracruz.mx\/index.php?rest_route=\/wp\/v2\/pages\/4733\/revisions\/5769"}],"wp:attachment":[{"href":"https:\/\/ptveracruz.mx\/index.php?rest_route=%2Fwp%2Fv2%2Fmedia&parent=4733"}],"curies":[{"name":"wp","href":"https:\/\/api.w.org\/{rel}","templated":true}]}}