{"id":4695,"date":"2022-04-28T15:53:55","date_gmt":"2022-04-28T21:53:55","guid":{"rendered":"https:\/\/ptveracruz.mx\/?page_id=4695"},"modified":"2023-03-29T18:34:02","modified_gmt":"2023-03-30T00:34:02","slug":"ley-875-de-transparencia-y-acceso-a-la-informacion-publica-en-el-estado-de-veracruz-2","status":"publish","type":"page","link":"https:\/\/ptveracruz.mx\/?page_id=4695","title":{"rendered":"Transparencia Periodo 2022"},"content":{"rendered":"\n<p class=\"has-medium-font-size\" id=\"block-ed7c7cd4-72b6-4c86-b1f0-1a70432418be\"><strong><br>Ley 875 de transparencia y acceso a la informaci\u00f3n p\u00fablica en el Estado de Veracruz<\/strong><\/p>\n\n\n\n<p id=\"block-ca75881d-9dfe-4f08-ba5e-36cafcafa627\">\ufeff<\/p>\n\n\n\n<figure class=\"wp-block-table is-style-stripes\"><table><tbody><tr><td><a href=\"https:\/\/ptveracruz.mx\/?page_id=5102\"><img decoding=\"async\" src=\"http:\/\/www.ptveracruz.org\/wp-content\/uploads\/2014\/02\/articulo-15-1.jpg\" alt=\"\"><\/a><a href=\"https:\/\/ptveracruz.mx\/?page_id=4733\"><img decoding=\"async\" src=\"https:\/\/ptveracruz.mx\/wp-content\/uploads\/2014\/02\/articulo-15-1.jpg\" alt=\"\"><\/a><a href=\"https:\/\/ptveracruz.mx\/?page_id=4731\"><img decoding=\"async\" src=\"https:\/\/ptveracruz.mx\/wp-content\/uploads\/2023\/03\/articulo-21.jpg\" alt=\"\"><\/a><\/td><td><a href=\"https:\/\/ptveracruz.mx\/?page_id=5104\"><img decoding=\"async\" src=\"http:\/\/www.ptveracruz.org\/wp-content\/uploads\/2023\/03\/articulo-21.jpg\" alt=\"\"><\/a><\/td><\/tr><\/tbody><\/table><\/figure>\n\n\n\n<p>\ufeff<\/p>\n\n\n\n<p id=\"block-2311fefc-d374-40b3-9cc0-509ad188468f\"><strong>Ley General de transparencia y acceso a la informaci\u00f3n p\u00fablica<\/strong><\/p>\n\n\n\n<p id=\"block-a9515d6a-f72e-4351-99af-06e244cf3e48\">Los art\u00edculos 70 y 76&nbsp;se homologan a la Ley General de Transparencia y Acceso a la Informaci\u00f3n P\u00fablica<\/p>\n\n\n<div class=\"wp-block-image\">\n<figure class=\"aligncenter size-full is-resized\" id=\"block-a2f1d8b7-38fc-4a06-bcee-9c66790d0471\"><a href=\"https:\/\/ptveracruz.mx\/wp-content\/uploads\/2018\/09\/trasnparencia.jpg\"><img loading=\"lazy\" decoding=\"async\" src=\"https:\/\/ptveracruz.mx\/wp-content\/uploads\/2018\/09\/trasnparencia.jpg\" alt=\"\" class=\"wp-image-3335\" width=\"288\" height=\"130\"\/><\/a><\/figure>\n<\/div>\n\n\n<p id=\"block-9bc35e6e-90d3-4e04-8980-3d5566f01ba9\"><a href=\"http:\/\/www.ptveracruz.org\/wp-content\/uploads\/2014\/02\/SOLICITUD-DE-ACCESO-A-LA-INFORMACI%C3%93N.pdf\">Descarga aqu\u00ed el formato para solicitud de acceso a la informaci\u00f3n p\u00fablica<\/a><\/p>\n\n\n\n<p id=\"block-4d06e996-894f-4a72-97fc-3191f6d44dec\"><a href=\"http:\/\/www.ptveracruz.org\/?page_id=1917\">Protecci\u00f3n sobre datos personales y privacidad<\/a><\/p>\n\n\n\n<ul class=\"wp-block-list\">\n<li><\/li>\n<\/ul>\n","protected":false},"excerpt":{"rendered":"<p>Ley 875 de transparencia y acceso a la informaci\u00f3n p\u00fablica en el Estado de Veracruz \ufeff \ufeff Ley General de transparencia y [&hellip;]<\/p>\n","protected":false},"author":1,"featured_media":0,"parent":0,"menu_order":0,"comment_status":"closed","ping_status":"closed","template":"","meta":{"footnotes":""},"class_list":["post-4695","page","type-page","status-publish","hentry"],"_links":{"self":[{"href":"https:\/\/ptveracruz.mx\/index.php?rest_route=\/wp\/v2\/pages\/4695","targetHints":{"allow":["GET"]}}],"collection":[{"href":"https:\/\/ptveracruz.mx\/index.php?rest_route=\/wp\/v2\/pages"}],"about":[{"href":"https:\/\/ptveracruz.mx\/index.php?rest_route=\/wp\/v2\/types\/page"}],"author":[{"embeddable":true,"href":"https:\/\/ptveracruz.mx\/index.php?rest_route=\/wp\/v2\/users\/1"}],"replies":[{"embeddable":true,"href":"https:\/\/ptveracruz.mx\/index.php?rest_route=%2Fwp%2Fv2%2Fcomments&post=4695"}],"version-history":[{"count":9,"href":"https:\/\/ptveracruz.mx\/index.php?rest_route=\/wp\/v2\/pages\/4695\/revisions"}],"predecessor-version":[{"id":5326,"href":"https:\/\/ptveracruz.mx\/index.php?rest_route=\/wp\/v2\/pages\/4695\/revisions\/5326"}],"wp:attachment":[{"href":"https:\/\/ptveracruz.mx\/index.php?rest_route=%2Fwp%2Fv2%2Fmedia&parent=4695"}],"curies":[{"name":"wp","href":"https:\/\/api.w.org\/{rel}","templated":true}]}}