{"id":4459,"date":"2020-09-04T16:05:09","date_gmt":"2020-09-04T22:05:09","guid":{"rendered":"http:\/\/www.ptveracruz.org\/?page_id=4459"},"modified":"2020-09-04T16:05:09","modified_gmt":"2020-09-04T22:05:09","slug":"directorio-de-servidores-publicos-2020","status":"publish","type":"page","link":"https:\/\/ptveracruz.mx\/?page_id=4459","title":{"rendered":"Directorio de Servidores P\u00fablicos (2020)"},"content":{"rendered":"<header class=\"entry-header\">\n<h1 class=\"title-post entry-title\" data-wahfont=\"20\">Informaci\u00f3n de declaraci\u00f3n patrimonial<\/h1>\n<\/header>\n<div class=\"entry-content\">\n<blockquote>\n<p data-wahfont=\"16\">No aplica\/ Debido a la naturaleza jur\u00eddica<br \/>\nde las declaraciones patrimoniales y por<br \/>\nel tipo de cargos en los partidos pol\u00edticos<br \/>\nno pueden tomarse como servidores<br \/>\np\u00fablicos, para efectos de la declaraci\u00f3n<br \/>\npatrimonial, adem\u00e1s de que es<br \/>\ncompetente el Congreso del Estado o en<br \/>\nsu caso, la Contralor\u00eda General.<\/p>\n<\/blockquote>\n<h2 data-wahfont=\"42\"><a href=\"https:\/\/drive.google.com\/file\/d\/1rzwXt69A9kALeus_g2ojdH5pCO14WjYR\/view?usp=sharing\" data-wahfont=\"42\">ACUERDOS DEL IVAI<\/a><\/h2>\n<h4 data-wahfont=\"25\">Declaraci\u00f3n \u00a0patrimonial<\/h4>\n<p data-wahfont=\"14\"><a href=\"http:\/\/www.ptveracruz.org\/wp-content\/uploads\/2017\/08\/12A-Formato-Declaraciones-de-Situaci%C3%B3n-patrimonial-de-losas-servidoresas-p%C3%BAblicosas.xls\" data-wahfont=\"14\"><img loading=\"lazy\" decoding=\"async\" class=\"aligncenter size-full wp-image-2000\" src=\"http:\/\/www.ptveracruz.org\/wp-content\/uploads\/2017\/05\/descargar.jpg\" alt=\"\" width=\"64\" height=\"64\" \/><\/a><\/p>\n<p data-wahfont=\"14\"><img loading=\"lazy\" decoding=\"async\" class=\"aligncenter size-full wp-image-2003\" src=\"http:\/\/www.ptveracruz.org\/wp-content\/uploads\/2017\/05\/responsable.jpg\" alt=\"\" width=\"64\" height=\"64\" \/><\/p>\n<p data-wahfont=\"14\">Comisi\u00f3n Ejecutiva Estatal<\/p>\n<p data-wahfont=\"14\"><img loading=\"lazy\" decoding=\"async\" class=\"aligncenter size-full wp-image-2002\" src=\"http:\/\/www.ptveracruz.org\/wp-content\/uploads\/2017\/05\/fecha-de-actualizacion2.jpg\" alt=\"\" width=\"64\" height=\"64\" \/><\/p>\n<p data-wahfont=\"14\">31\/12\/2018<\/p>\n<p data-wahfont=\"14\"><img loading=\"lazy\" decoding=\"async\" class=\"aligncenter size-full wp-image-2001\" src=\"http:\/\/www.ptveracruz.org\/wp-content\/uploads\/2017\/05\/fecha-de-actualizacion.jpg\" alt=\"\" width=\"64\" height=\"64\" \/><\/p>\n<p data-wahfont=\"14\">15\/12\/2018<\/p>\n<h4 data-wahfont=\"25\">Declaraciones Fiscales de servidores p\u00fablicos<\/h4>\n<p data-wahfont=\"14\"><a href=\"http:\/\/www.ptveracruz.org\/wp-content\/uploads\/2017\/08\/12B-Formato-Declaraciones-fiscales-de-losas-servidoresas-p%C3%BAblicosas.xls\" data-wahfont=\"14\"><img loading=\"lazy\" decoding=\"async\" class=\"aligncenter size-full wp-image-2000\" src=\"http:\/\/www.ptveracruz.org\/wp-content\/uploads\/2017\/05\/descargar.jpg\" alt=\"\" width=\"64\" height=\"64\" \/><\/a><\/p>\n<p data-wahfont=\"14\"><img loading=\"lazy\" decoding=\"async\" class=\"aligncenter size-full wp-image-2003\" src=\"http:\/\/www.ptveracruz.org\/wp-content\/uploads\/2017\/05\/responsable.jpg\" alt=\"\" width=\"64\" height=\"64\" \/><\/p>\n<p data-wahfont=\"14\">Comisi\u00f3n Ejecutiva Estatal<\/p>\n<p data-wahfont=\"14\"><img loading=\"lazy\" decoding=\"async\" class=\"aligncenter size-full wp-image-2002\" src=\"http:\/\/www.ptveracruz.org\/wp-content\/uploads\/2017\/05\/fecha-de-actualizacion2.jpg\" alt=\"\" width=\"64\" height=\"64\" \/><\/p>\n<p data-wahfont=\"14\">31\/12\/2018<\/p>\n<p data-wahfont=\"14\"><img loading=\"lazy\" decoding=\"async\" class=\"aligncenter size-full wp-image-2001\" src=\"http:\/\/www.ptveracruz.org\/wp-content\/uploads\/2017\/05\/fecha-de-actualizacion.jpg\" alt=\"\" width=\"64\" height=\"64\" \/><\/p>\n<p data-wahfont=\"14\">15\/12\/2018<\/p>\n<h4 data-wahfont=\"25\">Declaraciones de intereses de los servidores p\u00fablicos<\/h4>\n<p data-wahfont=\"14\"><a href=\"http:\/\/www.ptveracruz.org\/wp-content\/uploads\/2017\/08\/12C-Formato-Declaraciones-de-intereses-de-losas-servidoresas-p%C3%BAblicosas.xls\" data-wahfont=\"14\"><img loading=\"lazy\" decoding=\"async\" class=\"aligncenter size-full wp-image-2000\" src=\"http:\/\/www.ptveracruz.org\/wp-content\/uploads\/2017\/05\/descargar.jpg\" alt=\"\" width=\"64\" height=\"64\" \/><\/a><\/p>\n<p data-wahfont=\"14\"><img loading=\"lazy\" decoding=\"async\" class=\"aligncenter size-full wp-image-2003\" src=\"http:\/\/www.ptveracruz.org\/wp-content\/uploads\/2017\/05\/responsable.jpg\" alt=\"\" width=\"64\" height=\"64\" \/><\/p>\n<p data-wahfont=\"14\">Comisi\u00f3n Ejecutiva Estatal<\/p>\n<p data-wahfont=\"14\"><img loading=\"lazy\" decoding=\"async\" class=\"aligncenter size-full wp-image-2002\" src=\"http:\/\/www.ptveracruz.org\/wp-content\/uploads\/2017\/05\/fecha-de-actualizacion2.jpg\" alt=\"\" width=\"64\" height=\"64\" \/><\/p>\n<p data-wahfont=\"14\">31\/12\/2018<\/p>\n<p data-wahfont=\"14\"><img loading=\"lazy\" decoding=\"async\" class=\"aligncenter size-full wp-image-2001\" src=\"http:\/\/www.ptveracruz.org\/wp-content\/uploads\/2017\/05\/fecha-de-actualizacion.jpg\" alt=\"\" width=\"64\" height=\"64\" \/><\/p>\n<p data-wahfont=\"14\">15\/12\/2018<\/p>\n<p data-wahfont=\"14\">No aplica debido a la naturaleza jur\u00eddica de las declaraciones patrimoniales y por el tipo de cargos en los partidos pol\u00edticos no pueden tomarse comos servidores p\u00fablicos, para efectos de la declaraci\u00f3n patrimonial,adem\u00e1s de que es competente el Congreso del Estado o en su caso la Contralor\u00eda General<\/p>\n<\/div>\n","protected":false},"excerpt":{"rendered":"<p>Informaci\u00f3n de declaraci\u00f3n patrimonial No aplica\/ Debido a la naturaleza jur\u00eddica de las declaraciones patrimoniales y por el tipo de cargos en [&hellip;]<\/p>\n","protected":false},"author":1,"featured_media":0,"parent":0,"menu_order":0,"comment_status":"closed","ping_status":"closed","template":"","meta":{"footnotes":""},"class_list":["post-4459","page","type-page","status-publish","hentry"],"_links":{"self":[{"href":"https:\/\/ptveracruz.mx\/index.php?rest_route=\/wp\/v2\/pages\/4459","targetHints":{"allow":["GET"]}}],"collection":[{"href":"https:\/\/ptveracruz.mx\/index.php?rest_route=\/wp\/v2\/pages"}],"about":[{"href":"https:\/\/ptveracruz.mx\/index.php?rest_route=\/wp\/v2\/types\/page"}],"author":[{"embeddable":true,"href":"https:\/\/ptveracruz.mx\/index.php?rest_route=\/wp\/v2\/users\/1"}],"replies":[{"embeddable":true,"href":"https:\/\/ptveracruz.mx\/index.php?rest_route=%2Fwp%2Fv2%2Fcomments&post=4459"}],"version-history":[{"count":1,"href":"https:\/\/ptveracruz.mx\/index.php?rest_route=\/wp\/v2\/pages\/4459\/revisions"}],"predecessor-version":[{"id":4460,"href":"https:\/\/ptveracruz.mx\/index.php?rest_route=\/wp\/v2\/pages\/4459\/revisions\/4460"}],"wp:attachment":[{"href":"https:\/\/ptveracruz.mx\/index.php?rest_route=%2Fwp%2Fv2%2Fmedia&parent=4459"}],"curies":[{"name":"wp","href":"https:\/\/api.w.org\/{rel}","templated":true}]}}