{"id":4143,"date":"2020-08-21T11:57:14","date_gmt":"2020-08-21T17:57:14","guid":{"rendered":"http:\/\/www.ptveracruz.org\/?page_id=4143"},"modified":"2021-02-01T22:24:32","modified_gmt":"2021-02-02T04:24:32","slug":"financiamiento-publico-y-descuentos-2020-art-21-xxiv","status":"publish","type":"page","link":"https:\/\/ptveracruz.mx\/?page_id=4143","title":{"rendered":"Financiamiento P\u00fablico y descuentos (2020) ART 21 XXIV"},"content":{"rendered":"<header class=\"entry-header\">\n<h1 class=\"title-post entry-title\" data-wahfont=\"20\">Financiamiento P\u00fablico y descuentos<\/h1>\n<\/header>\n<div class=\"entry-content\">\n<div class=\"entry-content\">\n<blockquote>\n<p data-wahfont=\"16\">2020<\/p>\n<\/blockquote>\n<h4 class=\"entry-content\">\u00a0Tercer Cuatrimestre<\/h4>\n<div><\/div>\n<\/div>\n<table style=\"height: 339px;\" width=\"562\">\n<tbody>\n<tr>\n<td>\n<p><a href=\"https:\/\/drive.google.com\/file\/d\/1zAcJLnfCKH4jrHzshl-KKmIPE6eF3K0i\/view?usp=sharing\"><img loading=\"lazy\" decoding=\"async\" class=\"aligncenter wp-image-3228 size-full\" src=\"http:\/\/www.ptveracruz.org\/wp-content\/uploads\/2017\/08\/descargar-visualizar.jpg\" alt=\"\" width=\"65\" height=\"64\" \/><\/a><\/p>\n<p>Julio<\/p>\n<p>&nbsp;<\/td>\n<td>\n<p><a href=\"https:\/\/drive.google.com\/file\/d\/1Yr9Dr5gsIprim4pbX1qejx9H7SM5ihWq\/view?usp=sharing\"><img loading=\"lazy\" decoding=\"async\" class=\"aligncenter wp-image-3228 size-full\" src=\"http:\/\/www.ptveracruz.org\/wp-content\/uploads\/2017\/08\/descargar-visualizar.jpg\" alt=\"\" width=\"65\" height=\"64\" \/><\/a><\/p>\n<p>Agosto<\/p>\n<p>&nbsp;<\/td>\n<td>\n<p><a href=\"https:\/\/drive.google.com\/file\/d\/1UFRXJyA5zZdxQsnOg6uhWJDsD4a80g9e\/view?usp=sharing\"><img loading=\"lazy\" decoding=\"async\" class=\"aligncenter wp-image-3228 size-full\" src=\"http:\/\/www.ptveracruz.org\/wp-content\/uploads\/2017\/08\/descargar-visualizar.jpg\" alt=\"\" width=\"65\" height=\"64\" \/><\/a><\/p>\n<p>Septiembre<\/p>\n<p>&nbsp;<\/td>\n<\/tr>\n<tr>\n<td><img loading=\"lazy\" decoding=\"async\" class=\"aligncenter size-full wp-image-2003\" src=\"http:\/\/www.ptveracruz.org\/wp-content\/uploads\/2017\/05\/responsable.jpg\" alt=\"\" width=\"64\" height=\"64\" \/><\/p>\n<p data-wahfont=\"14\">Finanzas y Administraci\u00f3n<\/p>\n<\/td>\n<td><img loading=\"lazy\" decoding=\"async\" class=\"aligncenter size-full wp-image-2003\" src=\"http:\/\/www.ptveracruz.org\/wp-content\/uploads\/2017\/05\/responsable.jpg\" alt=\"\" width=\"64\" height=\"64\" \/><\/p>\n<p data-wahfont=\"14\">Finanzas y Administraci\u00f3n<\/p>\n<\/td>\n<td><img loading=\"lazy\" decoding=\"async\" class=\"aligncenter size-full wp-image-2003\" src=\"http:\/\/www.ptveracruz.org\/wp-content\/uploads\/2017\/05\/responsable.jpg\" alt=\"\" width=\"64\" height=\"64\" \/><\/p>\n<p data-wahfont=\"14\">Finanzas y Administraci\u00f3n<\/p>\n<\/td>\n<\/tr>\n<tr>\n<td><img loading=\"lazy\" decoding=\"async\" class=\"size-full wp-image-2001 aligncenter\" src=\"http:\/\/www.ptveracruz.org\/wp-content\/uploads\/2017\/05\/fecha-de-actualizacion.jpg\" alt=\"\" width=\"64\" height=\"64\" \/><\/p>\n<p data-wahfont=\"14\">31\/7\/2020<\/p>\n<\/td>\n<td><img loading=\"lazy\" decoding=\"async\" class=\"size-full wp-image-2001 aligncenter\" src=\"http:\/\/www.ptveracruz.org\/wp-content\/uploads\/2017\/05\/fecha-de-actualizacion.jpg\" alt=\"\" width=\"64\" height=\"64\" \/><\/p>\n<p data-wahfont=\"14\">30\/8\/2020<\/p>\n<\/td>\n<td><img loading=\"lazy\" decoding=\"async\" class=\"size-full wp-image-2001 aligncenter\" src=\"http:\/\/www.ptveracruz.org\/wp-content\/uploads\/2017\/05\/fecha-de-actualizacion.jpg\" alt=\"\" width=\"64\" height=\"64\" \/><\/p>\n<p data-wahfont=\"14\">30\/9\/2020<\/p>\n<\/td>\n<\/tr>\n<tr>\n<td><img loading=\"lazy\" decoding=\"async\" class=\"size-full wp-image-2002 aligncenter\" src=\"http:\/\/www.ptveracruz.org\/wp-content\/uploads\/2017\/05\/fecha-de-actualizacion2.jpg\" alt=\"\" width=\"64\" height=\"64\" \/><\/p>\n<div class=\"entry-content\">\n<p data-wahfont=\"14\">25\/7\/2020<\/p>\n<\/div>\n<\/td>\n<td><img loading=\"lazy\" decoding=\"async\" class=\"size-full wp-image-2002 aligncenter\" src=\"http:\/\/www.ptveracruz.org\/wp-content\/uploads\/2017\/05\/fecha-de-actualizacion2.jpg\" alt=\"\" width=\"64\" height=\"64\" \/><\/p>\n<div class=\"entry-content\">\n<p data-wahfont=\"14\">25\/8\/2020<\/p>\n<\/div>\n<\/td>\n<td><img loading=\"lazy\" decoding=\"async\" class=\"size-full wp-image-2002 aligncenter\" src=\"http:\/\/www.ptveracruz.org\/wp-content\/uploads\/2017\/05\/fecha-de-actualizacion2.jpg\" alt=\"\" width=\"64\" height=\"64\" \/><\/p>\n<div class=\"entry-content\">\n<p data-wahfont=\"14\">25\/9\/2020<\/p>\n<\/div>\n<\/td>\n<\/tr>\n<\/tbody>\n<\/table>\n<p data-wahfont=\"14\"><strong>Descuentos de Sanciones<\/strong><\/p>\n<table width=\"562\">\n<tbody>\n<tr>\n<td>\n<p><a href=\"https:\/\/drive.google.com\/file\/d\/1XjHgMqA0AV26tDfFHvWdupmOFEMhNA5N\/view?usp=sharing\"><img loading=\"lazy\" decoding=\"async\" class=\"aligncenter wp-image-3228 size-full\" src=\"http:\/\/www.ptveracruz.org\/wp-content\/uploads\/2017\/08\/descargar-visualizar.jpg\" alt=\"\" width=\"65\" height=\"64\" \/><\/a><\/p>\n<p>Julio<\/p>\n<p>&nbsp;<\/td>\n<td>\n<p><a href=\"https:\/\/drive.google.com\/file\/d\/19UfYa2nElCy4UnlNXDHoyxLf6GtFD_n7\/view?usp=sharing\"><img loading=\"lazy\" decoding=\"async\" class=\"aligncenter wp-image-3228 size-full\" src=\"http:\/\/www.ptveracruz.org\/wp-content\/uploads\/2017\/08\/descargar-visualizar.jpg\" alt=\"\" width=\"65\" height=\"64\" \/><\/a><\/p>\n<p>Agosto<\/p>\n<p>&nbsp;<\/td>\n<td>\n<p><a href=\"https:\/\/drive.google.com\/file\/d\/1DtuTr1WIQgwXFnlBN_hUN4hFCqIfSAmm\/view?usp=sharing\"><img loading=\"lazy\" decoding=\"async\" class=\"aligncenter wp-image-3228 size-full\" src=\"http:\/\/www.ptveracruz.org\/wp-content\/uploads\/2017\/08\/descargar-visualizar.jpg\" alt=\"\" width=\"65\" height=\"64\" \/><\/a><\/p>\n<p>Septiembre<\/p>\n<p>&nbsp;<\/td>\n<\/tr>\n<tr>\n<td><img loading=\"lazy\" decoding=\"async\" class=\"aligncenter size-full wp-image-2003\" src=\"http:\/\/www.ptveracruz.org\/wp-content\/uploads\/2017\/05\/responsable.jpg\" alt=\"\" width=\"64\" height=\"64\" \/><\/p>\n<p data-wahfont=\"14\">Finanzas y Administraci\u00f3n<\/p>\n<\/td>\n<td><img loading=\"lazy\" decoding=\"async\" class=\"aligncenter size-full wp-image-2003\" src=\"http:\/\/www.ptveracruz.org\/wp-content\/uploads\/2017\/05\/responsable.jpg\" alt=\"\" width=\"64\" height=\"64\" \/><\/p>\n<p data-wahfont=\"14\">Finanzas y Administraci\u00f3n<\/p>\n<\/td>\n<td><img loading=\"lazy\" decoding=\"async\" class=\"aligncenter size-full wp-image-2003\" src=\"http:\/\/www.ptveracruz.org\/wp-content\/uploads\/2017\/05\/responsable.jpg\" alt=\"\" width=\"64\" height=\"64\" \/><\/p>\n<p data-wahfont=\"14\">Finanzas y Administraci\u00f3n<\/p>\n<\/td>\n<\/tr>\n<tr>\n<td><img loading=\"lazy\" decoding=\"async\" class=\"size-full wp-image-2001 aligncenter\" src=\"http:\/\/www.ptveracruz.org\/wp-content\/uploads\/2017\/05\/fecha-de-actualizacion.jpg\" alt=\"\" width=\"64\" height=\"64\" \/><\/p>\n<p data-wahfont=\"14\">31\/7\/2020<\/p>\n<\/td>\n<td><img loading=\"lazy\" decoding=\"async\" class=\"size-full wp-image-2001 aligncenter\" src=\"http:\/\/www.ptveracruz.org\/wp-content\/uploads\/2017\/05\/fecha-de-actualizacion.jpg\" alt=\"\" width=\"64\" height=\"64\" \/><\/p>\n<p data-wahfont=\"14\">30\/8\/2020<\/p>\n<\/td>\n<td><img loading=\"lazy\" decoding=\"async\" class=\"size-full wp-image-2001 aligncenter\" src=\"http:\/\/www.ptveracruz.org\/wp-content\/uploads\/2017\/05\/fecha-de-actualizacion.jpg\" alt=\"\" width=\"64\" height=\"64\" \/><\/p>\n<p data-wahfont=\"14\">30\/9\/2020<\/p>\n<\/td>\n<\/tr>\n<tr>\n<td><img loading=\"lazy\" decoding=\"async\" class=\"size-full wp-image-2002 aligncenter\" src=\"http:\/\/www.ptveracruz.org\/wp-content\/uploads\/2017\/05\/fecha-de-actualizacion2.jpg\" alt=\"\" width=\"64\" height=\"64\" \/><\/p>\n<div class=\"entry-content\">\n<p data-wahfont=\"14\">25\/7\/2020<\/p>\n<\/div>\n<\/td>\n<td><img loading=\"lazy\" decoding=\"async\" class=\"size-full wp-image-2002 aligncenter\" src=\"http:\/\/www.ptveracruz.org\/wp-content\/uploads\/2017\/05\/fecha-de-actualizacion2.jpg\" alt=\"\" width=\"64\" height=\"64\" \/><\/p>\n<div class=\"entry-content\">\n<p data-wahfont=\"14\">25\/8\/2020<\/p>\n<\/div>\n<\/td>\n<td><img loading=\"lazy\" decoding=\"async\" class=\"size-full wp-image-2002 aligncenter\" src=\"http:\/\/www.ptveracruz.org\/wp-content\/uploads\/2017\/05\/fecha-de-actualizacion2.jpg\" alt=\"\" width=\"64\" height=\"64\" \/><\/p>\n<div class=\"entry-content\">\n<p data-wahfont=\"14\">25\/9\/2020<\/p>\n<\/div>\n<\/td>\n<\/tr>\n<\/tbody>\n<\/table>\n<div class=\"entry-content\">\n<h4 class=\"entry-content\">Cuarto Cuatrimestre<\/h4>\n<div><\/div>\n<\/div>\n<table width=\"562\">\n<tbody>\n<tr>\n<td>\n<p><a href=\"https:\/\/drive.google.com\/file\/d\/1sq3dBUPiIsWoaErMo3s-tyle7WHknxfl\/view?usp=sharing\"><img loading=\"lazy\" decoding=\"async\" class=\"aligncenter wp-image-3228 size-full\" src=\"http:\/\/www.ptveracruz.org\/wp-content\/uploads\/2017\/08\/descargar-visualizar.jpg\" alt=\"\" width=\"65\" height=\"64\" \/><\/a><\/p>\n<p>Octubre<\/p>\n<p>&nbsp;<\/td>\n<td>\n<p><a href=\"https:\/\/drive.google.com\/file\/d\/1wh6usAavey-8_lMQo6IV5JW3xdzIzuhi\/view?usp=sharing\"><img loading=\"lazy\" decoding=\"async\" class=\"aligncenter wp-image-3228 size-full\" src=\"http:\/\/www.ptveracruz.org\/wp-content\/uploads\/2017\/08\/descargar-visualizar.jpg\" alt=\"\" width=\"65\" height=\"64\" \/><\/a><\/p>\n<p>Noviembre<\/p>\n<p>&nbsp;<\/td>\n<td>\n<p><a href=\"https:\/\/drive.google.com\/file\/d\/1T9C-SZe6OHZeCbDrnLaMCEEfqij5qGHA\/view?usp=sharing\"><img loading=\"lazy\" decoding=\"async\" class=\"aligncenter wp-image-3228 size-full\" src=\"http:\/\/www.ptveracruz.org\/wp-content\/uploads\/2017\/08\/descargar-visualizar.jpg\" alt=\"\" width=\"65\" height=\"64\" \/><\/a><\/p>\n<p>Diciembre<\/p>\n<p>&nbsp;<\/td>\n<\/tr>\n<tr>\n<td><img loading=\"lazy\" decoding=\"async\" class=\"aligncenter size-full wp-image-2003\" src=\"http:\/\/www.ptveracruz.org\/wp-content\/uploads\/2017\/05\/responsable.jpg\" alt=\"\" width=\"64\" height=\"64\" \/><\/p>\n<p data-wahfont=\"14\">Finanzas y Administraci\u00f3n<\/p>\n<\/td>\n<td><img loading=\"lazy\" decoding=\"async\" class=\"aligncenter size-full wp-image-2003\" src=\"http:\/\/www.ptveracruz.org\/wp-content\/uploads\/2017\/05\/responsable.jpg\" alt=\"\" width=\"64\" height=\"64\" \/><\/p>\n<p data-wahfont=\"14\">Finanzas y Administraci\u00f3n<\/p>\n<\/td>\n<td><img loading=\"lazy\" decoding=\"async\" class=\"aligncenter size-full wp-image-2003\" src=\"http:\/\/www.ptveracruz.org\/wp-content\/uploads\/2017\/05\/responsable.jpg\" alt=\"\" width=\"64\" height=\"64\" \/><\/p>\n<p data-wahfont=\"14\">Finanzas y Administraci\u00f3n<\/p>\n<\/td>\n<\/tr>\n<tr>\n<td><img loading=\"lazy\" decoding=\"async\" class=\"size-full wp-image-2001 aligncenter\" src=\"http:\/\/www.ptveracruz.org\/wp-content\/uploads\/2017\/05\/fecha-de-actualizacion.jpg\" alt=\"\" width=\"64\" height=\"64\" \/><\/p>\n<p data-wahfont=\"14\">31\/10\/2020<\/p>\n<\/td>\n<td><img loading=\"lazy\" decoding=\"async\" class=\"size-full wp-image-2001 aligncenter\" src=\"http:\/\/www.ptveracruz.org\/wp-content\/uploads\/2017\/05\/fecha-de-actualizacion.jpg\" alt=\"\" width=\"64\" height=\"64\" \/><\/p>\n<p data-wahfont=\"14\">30\/11\/2020<\/p>\n<\/td>\n<td><img loading=\"lazy\" decoding=\"async\" class=\"size-full wp-image-2001 aligncenter\" src=\"http:\/\/www.ptveracruz.org\/wp-content\/uploads\/2017\/05\/fecha-de-actualizacion.jpg\" alt=\"\" width=\"64\" height=\"64\" \/><\/p>\n<p data-wahfont=\"14\">30\/12\/2020<\/p>\n<\/td>\n<\/tr>\n<tr>\n<td><img loading=\"lazy\" decoding=\"async\" class=\"size-full wp-image-2002 aligncenter\" src=\"http:\/\/www.ptveracruz.org\/wp-content\/uploads\/2017\/05\/fecha-de-actualizacion2.jpg\" alt=\"\" width=\"64\" height=\"64\" \/><\/p>\n<div class=\"entry-content\">\n<p data-wahfont=\"14\">25\/10\/2020<\/p>\n<\/div>\n<\/td>\n<td><img loading=\"lazy\" decoding=\"async\" class=\"size-full wp-image-2002 aligncenter\" src=\"http:\/\/www.ptveracruz.org\/wp-content\/uploads\/2017\/05\/fecha-de-actualizacion2.jpg\" alt=\"\" width=\"64\" height=\"64\" \/><\/p>\n<div class=\"entry-content\">\n<p data-wahfont=\"14\">25\/11\/2020<\/p>\n<\/div>\n<\/td>\n<td><img loading=\"lazy\" decoding=\"async\" class=\"size-full wp-image-2002 aligncenter\" src=\"http:\/\/www.ptveracruz.org\/wp-content\/uploads\/2017\/05\/fecha-de-actualizacion2.jpg\" alt=\"\" width=\"64\" height=\"64\" \/><\/p>\n<div class=\"entry-content\">\n<p data-wahfont=\"14\">25\/12\/2020<\/p>\n<\/div>\n<\/td>\n<\/tr>\n<\/tbody>\n<\/table>\n<p data-wahfont=\"14\"><strong>Descuentos de Sanciones<\/strong><\/p>\n<table width=\"562\">\n<tbody>\n<tr>\n<td>\n<p><a href=\"https:\/\/drive.google.com\/file\/d\/1Sz16ZaFAkYc8qXM76yWx5qj0KlbX8NuZ\/view?usp=sharing\"><img loading=\"lazy\" decoding=\"async\" class=\"aligncenter wp-image-3228 size-full\" src=\"http:\/\/www.ptveracruz.org\/wp-content\/uploads\/2017\/08\/descargar-visualizar.jpg\" alt=\"\" width=\"65\" height=\"64\" \/><\/a><\/p>\n<p>Octubre<\/p>\n<p>&nbsp;<\/td>\n<td>\n<p><a href=\"https:\/\/drive.google.com\/file\/d\/1dMR1vzwLTd3HkZZHZYpGTcmsXKJABCcG\/view?usp=sharing\"><img loading=\"lazy\" decoding=\"async\" class=\"aligncenter wp-image-3228 size-full\" src=\"http:\/\/www.ptveracruz.org\/wp-content\/uploads\/2017\/08\/descargar-visualizar.jpg\" alt=\"\" width=\"65\" height=\"64\" \/><\/a><\/p>\n<p>Noviembre<\/p>\n<p>&nbsp;<\/td>\n<td>\n<p><a href=\"https:\/\/drive.google.com\/file\/d\/1rC4Mr6ztnCjCsC6d2W30GFddvWL8aIaT\/view?usp=sharing\"><img loading=\"lazy\" decoding=\"async\" class=\"aligncenter wp-image-3228 size-full\" src=\"http:\/\/www.ptveracruz.org\/wp-content\/uploads\/2017\/08\/descargar-visualizar.jpg\" alt=\"\" width=\"65\" height=\"64\" \/><\/a><\/p>\n<p>Diciembre<\/p>\n<p>&nbsp;<\/td>\n<\/tr>\n<tr>\n<td><img loading=\"lazy\" decoding=\"async\" class=\"aligncenter size-full wp-image-2003\" src=\"http:\/\/www.ptveracruz.org\/wp-content\/uploads\/2017\/05\/responsable.jpg\" alt=\"\" width=\"64\" height=\"64\" \/><\/p>\n<p data-wahfont=\"14\">Finanzas y Administraci\u00f3n<\/p>\n<\/td>\n<td><img loading=\"lazy\" decoding=\"async\" class=\"aligncenter size-full wp-image-2003\" src=\"http:\/\/www.ptveracruz.org\/wp-content\/uploads\/2017\/05\/responsable.jpg\" alt=\"\" width=\"64\" height=\"64\" \/><\/p>\n<p data-wahfont=\"14\">Finanzas y Administraci\u00f3n<\/p>\n<\/td>\n<td><img loading=\"lazy\" decoding=\"async\" class=\"aligncenter size-full wp-image-2003\" src=\"http:\/\/www.ptveracruz.org\/wp-content\/uploads\/2017\/05\/responsable.jpg\" alt=\"\" width=\"64\" height=\"64\" \/><\/p>\n<p data-wahfont=\"14\">Finanzas y Administraci\u00f3n<\/p>\n<\/td>\n<\/tr>\n<tr>\n<td><img loading=\"lazy\" decoding=\"async\" class=\"size-full wp-image-2001 aligncenter\" src=\"http:\/\/www.ptveracruz.org\/wp-content\/uploads\/2017\/05\/fecha-de-actualizacion.jpg\" alt=\"\" width=\"64\" height=\"64\" \/><\/p>\n<p data-wahfont=\"14\">31\/10\/2020<\/p>\n<\/td>\n<td><img loading=\"lazy\" decoding=\"async\" class=\"size-full wp-image-2001 aligncenter\" src=\"http:\/\/www.ptveracruz.org\/wp-content\/uploads\/2017\/05\/fecha-de-actualizacion.jpg\" alt=\"\" width=\"64\" height=\"64\" \/><\/p>\n<p data-wahfont=\"14\">30\/11\/2020<\/p>\n<\/td>\n<td><img loading=\"lazy\" decoding=\"async\" class=\"size-full wp-image-2001 aligncenter\" src=\"http:\/\/www.ptveracruz.org\/wp-content\/uploads\/2017\/05\/fecha-de-actualizacion.jpg\" alt=\"\" width=\"64\" height=\"64\" \/><\/p>\n<p data-wahfont=\"14\">30\/12\/2020<\/p>\n<\/td>\n<\/tr>\n<tr>\n<td><img loading=\"lazy\" decoding=\"async\" class=\"size-full wp-image-2002 aligncenter\" src=\"http:\/\/www.ptveracruz.org\/wp-content\/uploads\/2017\/05\/fecha-de-actualizacion2.jpg\" alt=\"\" width=\"64\" height=\"64\" \/><\/p>\n<div class=\"entry-content\">\n<p data-wahfont=\"14\">25\/10\/2020<\/p>\n<\/div>\n<\/td>\n<td><img loading=\"lazy\" decoding=\"async\" class=\"size-full wp-image-2002 aligncenter\" src=\"http:\/\/www.ptveracruz.org\/wp-content\/uploads\/2017\/05\/fecha-de-actualizacion2.jpg\" alt=\"\" width=\"64\" height=\"64\" \/><\/p>\n<div class=\"entry-content\">\n<p data-wahfont=\"14\">25\/11\/2020<\/p>\n<\/div>\n<\/td>\n<td><img loading=\"lazy\" decoding=\"async\" class=\"size-full wp-image-2002 aligncenter\" src=\"http:\/\/www.ptveracruz.org\/wp-content\/uploads\/2017\/05\/fecha-de-actualizacion2.jpg\" alt=\"\" width=\"64\" height=\"64\" \/><\/p>\n<div class=\"entry-content\">\n<p data-wahfont=\"14\">25\/12\/2020<\/p>\n<\/div>\n<\/td>\n<\/tr>\n<\/tbody>\n<\/table>\n<\/div>\n","protected":false},"excerpt":{"rendered":"<p>Financiamiento P\u00fablico y descuentos 2020 \u00a0Tercer Cuatrimestre Julio &nbsp; Agosto &nbsp; Septiembre &nbsp; Finanzas y Administraci\u00f3n Finanzas y Administraci\u00f3n Finanzas y Administraci\u00f3n [&hellip;]<\/p>\n","protected":false},"author":1,"featured_media":0,"parent":0,"menu_order":0,"comment_status":"closed","ping_status":"closed","template":"","meta":{"footnotes":""},"class_list":["post-4143","page","type-page","status-publish","hentry"],"_links":{"self":[{"href":"https:\/\/ptveracruz.mx\/index.php?rest_route=\/wp\/v2\/pages\/4143","targetHints":{"allow":["GET"]}}],"collection":[{"href":"https:\/\/ptveracruz.mx\/index.php?rest_route=\/wp\/v2\/pages"}],"about":[{"href":"https:\/\/ptveracruz.mx\/index.php?rest_route=\/wp\/v2\/types\/page"}],"author":[{"embeddable":true,"href":"https:\/\/ptveracruz.mx\/index.php?rest_route=\/wp\/v2\/users\/1"}],"replies":[{"embeddable":true,"href":"https:\/\/ptveracruz.mx\/index.php?rest_route=%2Fwp%2Fv2%2Fcomments&post=4143"}],"version-history":[{"count":9,"href":"https:\/\/ptveracruz.mx\/index.php?rest_route=\/wp\/v2\/pages\/4143\/revisions"}],"predecessor-version":[{"id":4656,"href":"https:\/\/ptveracruz.mx\/index.php?rest_route=\/wp\/v2\/pages\/4143\/revisions\/4656"}],"wp:attachment":[{"href":"https:\/\/ptveracruz.mx\/index.php?rest_route=%2Fwp%2Fv2%2Fmedia&parent=4143"}],"curies":[{"name":"wp","href":"https:\/\/api.w.org\/{rel}","templated":true}]}}