{"id":4135,"date":"2020-08-21T11:51:02","date_gmt":"2020-08-21T17:51:02","guid":{"rendered":"http:\/\/www.ptveracruz.org\/?page_id=4135"},"modified":"2020-08-21T11:51:21","modified_gmt":"2020-08-21T17:51:21","slug":"responsables-de-procesos-internos-de-evaluacion-y-seleccion-de-candidatos-2020-art21-xxi","status":"publish","type":"page","link":"https:\/\/ptveracruz.mx\/?page_id=4135","title":{"rendered":"Responsables de procesos internos de evaluaci\u00f3n y selecci\u00f3n de candidatos (2020) art21 XXI"},"content":{"rendered":"<header class=\"entry-header\">\n<h1 class=\"title-post entry-title\" data-wahfont=\"20\">Responsables de procesos internos de evaluaci\u00f3n y selecci\u00f3n de candidatos<\/h1>\n<\/header>\n<div class=\"entry-content\">\n<blockquote>\n<p data-wahfont=\"16\">2019<\/p>\n<\/blockquote>\n<p data-wahfont=\"14\"><a href=\"https:\/\/drive.google.com\/file\/d\/1nX5FYTPF_aqL4f-26y7j5s-KbGZGhHy7\/view?usp=sharing\" data-wahfont=\"14\"><img loading=\"lazy\" decoding=\"async\" class=\"aligncenter wp-image-3228 size-full\" src=\"http:\/\/www.ptveracruz.org\/wp-content\/uploads\/2017\/08\/descargar-visualizar.jpg\" alt=\"\" width=\"65\" height=\"64\" \/><\/a><\/p>\n<p data-wahfont=\"14\"><img loading=\"lazy\" decoding=\"async\" class=\"aligncenter size-full wp-image-2003\" src=\"http:\/\/www.ptveracruz.org\/wp-content\/uploads\/2017\/05\/responsable.jpg\" alt=\"\" width=\"64\" height=\"64\" \/><\/p>\n<p data-wahfont=\"14\">Comisi\u00f3n Ejecutiva Estatal<\/p>\n<p data-wahfont=\"14\"><img loading=\"lazy\" decoding=\"async\" class=\"aligncenter size-full wp-image-2001\" src=\"http:\/\/www.ptveracruz.org\/wp-content\/uploads\/2017\/05\/fecha-de-actualizacion.jpg\" alt=\"\" width=\"64\" height=\"64\" \/><\/p>\n<p data-wahfont=\"14\">10\/4\/2019<\/p>\n<p data-wahfont=\"14\"><img loading=\"lazy\" decoding=\"async\" class=\"aligncenter size-full wp-image-2002\" src=\"http:\/\/www.ptveracruz.org\/wp-content\/uploads\/2017\/05\/fecha-de-actualizacion2.jpg\" alt=\"\" width=\"64\" height=\"64\" \/><\/p>\n<p data-wahfont=\"14\">9\/30\/2019<\/p>\n<blockquote>\n<p data-wahfont=\"16\">2018<\/p>\n<\/blockquote>\n<p data-wahfont=\"14\"><a href=\"https:\/\/drive.google.com\/open?id=1JNyyz_bFOGGyeWQscvPBBBlTZQZMsW_9\" data-wahfont=\"14\"><img loading=\"lazy\" decoding=\"async\" class=\"aligncenter wp-image-3228 size-full\" src=\"http:\/\/www.ptveracruz.org\/wp-content\/uploads\/2017\/08\/descargar-visualizar.jpg\" alt=\"\" width=\"65\" height=\"64\" \/><\/a><\/p>\n<p data-wahfont=\"14\"><img loading=\"lazy\" decoding=\"async\" class=\"aligncenter size-full wp-image-2003\" src=\"http:\/\/www.ptveracruz.org\/wp-content\/uploads\/2017\/05\/responsable.jpg\" alt=\"\" width=\"64\" height=\"64\" \/><\/p>\n<p data-wahfont=\"14\">Comisi\u00f3n Ejecutiva Estatal<\/p>\n<p data-wahfont=\"14\"><img loading=\"lazy\" decoding=\"async\" class=\"aligncenter size-full wp-image-2001\" src=\"http:\/\/www.ptveracruz.org\/wp-content\/uploads\/2017\/05\/fecha-de-actualizacion.jpg\" alt=\"\" width=\"64\" height=\"64\" \/><\/p>\n<p data-wahfont=\"14\">31\/12\/2018<\/p>\n<p data-wahfont=\"14\"><img loading=\"lazy\" decoding=\"async\" class=\"aligncenter size-full wp-image-2002\" src=\"http:\/\/www.ptveracruz.org\/wp-content\/uploads\/2017\/05\/fecha-de-actualizacion2.jpg\" alt=\"\" width=\"64\" height=\"64\" \/><\/p>\n<p data-wahfont=\"14\">15\/12\/2018<\/p>\n<\/div>\n","protected":false},"excerpt":{"rendered":"<p>Responsables de procesos internos de evaluaci\u00f3n y selecci\u00f3n de candidatos 2019 Comisi\u00f3n Ejecutiva Estatal 10\/4\/2019 9\/30\/2019 2018 Comisi\u00f3n Ejecutiva Estatal 31\/12\/2018 15\/12\/2018<\/p>\n","protected":false},"author":1,"featured_media":0,"parent":0,"menu_order":0,"comment_status":"closed","ping_status":"closed","template":"","meta":{"footnotes":""},"class_list":["post-4135","page","type-page","status-publish","hentry"],"_links":{"self":[{"href":"https:\/\/ptveracruz.mx\/index.php?rest_route=\/wp\/v2\/pages\/4135","targetHints":{"allow":["GET"]}}],"collection":[{"href":"https:\/\/ptveracruz.mx\/index.php?rest_route=\/wp\/v2\/pages"}],"about":[{"href":"https:\/\/ptveracruz.mx\/index.php?rest_route=\/wp\/v2\/types\/page"}],"author":[{"embeddable":true,"href":"https:\/\/ptveracruz.mx\/index.php?rest_route=\/wp\/v2\/users\/1"}],"replies":[{"embeddable":true,"href":"https:\/\/ptveracruz.mx\/index.php?rest_route=%2Fwp%2Fv2%2Fcomments&post=4135"}],"version-history":[{"count":2,"href":"https:\/\/ptveracruz.mx\/index.php?rest_route=\/wp\/v2\/pages\/4135\/revisions"}],"predecessor-version":[{"id":4137,"href":"https:\/\/ptveracruz.mx\/index.php?rest_route=\/wp\/v2\/pages\/4135\/revisions\/4137"}],"wp:attachment":[{"href":"https:\/\/ptveracruz.mx\/index.php?rest_route=%2Fwp%2Fv2%2Fmedia&parent=4135"}],"curies":[{"name":"wp","href":"https:\/\/api.w.org\/{rel}","templated":true}]}}