{"id":4105,"date":"2020-08-21T11:25:52","date_gmt":"2020-08-21T17:25:52","guid":{"rendered":"http:\/\/www.ptveracruz.org\/?page_id=4105"},"modified":"2021-02-01T21:53:34","modified_gmt":"2021-02-02T03:53:34","slug":"listado-de-aportantes-campanas-y-precampanas-2020-art21","status":"publish","type":"page","link":"https:\/\/ptveracruz.mx\/?page_id=4105","title":{"rendered":"Listado de aportantes campa\u00f1as y precampa\u00f1as (2020) art21"},"content":{"rendered":"<header class=\"entry-header\">\n<h1 class=\"title-post entry-title\" data-wahfont=\"20\">Listado de aportantes campa\u00f1as y precampa\u00f1as<\/h1>\n<\/header>\n<p data-wahfont=\"14\">\n<div class=\"entry-content\">\n<blockquote>\n<p data-wahfont=\"16\">2020<\/p>\n<\/blockquote>\n<\/div>\n<div class=\"entry-content\"><\/div>\n<table class=\" aligncenter\" width=\"494\">\n<tbody>\n<tr>\n<td>\n<p><a href=\"https:\/\/drive.google.com\/file\/d\/1fkCqzu9IS6c-sPTNgKxlMavjtCFyAYad\/view?usp=sharing\"><img loading=\"lazy\" decoding=\"async\" class=\"aligncenter wp-image-3228 size-full\" src=\"http:\/\/www.ptveracruz.org\/wp-content\/uploads\/2017\/08\/descargar-visualizar.jpg\" alt=\"\" width=\"65\" height=\"64\" \/><\/a><\/p>\n<p>Tercer cuatrimestre<\/td>\n<td>\n<p><a href=\"https:\/\/drive.google.com\/file\/d\/1afrEJekMJrO9c2S1QQGfy1MpCr_bnqnB\/view?usp=sharing\"><img loading=\"lazy\" decoding=\"async\" class=\"aligncenter wp-image-3228 size-full\" src=\"http:\/\/www.ptveracruz.org\/wp-content\/uploads\/2017\/08\/descargar-visualizar.jpg\" alt=\"\" width=\"65\" height=\"64\" \/><\/a><\/p>\n<p>Cuarto cuatrimestre<\/td>\n<\/tr>\n<tr>\n<td><img loading=\"lazy\" decoding=\"async\" class=\"aligncenter size-full wp-image-2003\" src=\"http:\/\/www.ptveracruz.org\/wp-content\/uploads\/2017\/05\/responsable.jpg\" alt=\"\" width=\"64\" height=\"64\" \/><\/p>\n<p data-wahfont=\"14\">Finanzas y Administraci\u00f3n<\/p>\n<p data-wahfont=\"14\">\n<\/td>\n<td><img loading=\"lazy\" decoding=\"async\" class=\"aligncenter size-full wp-image-2003\" src=\"http:\/\/www.ptveracruz.org\/wp-content\/uploads\/2017\/05\/responsable.jpg\" alt=\"\" width=\"64\" height=\"64\" \/><\/p>\n<p data-wahfont=\"14\">Finanzas y Administraci\u00f3n<\/p>\n<p data-wahfont=\"14\">\n<\/td>\n<\/tr>\n<tr>\n<td><img loading=\"lazy\" decoding=\"async\" class=\"size-full wp-image-2001 aligncenter\" src=\"http:\/\/www.ptveracruz.org\/wp-content\/uploads\/2017\/05\/fecha-de-actualizacion.jpg\" alt=\"\" width=\"64\" height=\"64\" \/><\/p>\n<p data-wahfont=\"14\">30\/9\/2020<\/p>\n<p data-wahfont=\"14\">\n<\/td>\n<td>\n<p data-wahfont=\"14\"><img loading=\"lazy\" decoding=\"async\" class=\"size-full wp-image-2001 aligncenter\" src=\"http:\/\/www.ptveracruz.org\/wp-content\/uploads\/2017\/05\/fecha-de-actualizacion.jpg\" alt=\"\" width=\"64\" height=\"64\" \/><\/p>\n<p data-wahfont=\"14\">\u00a031\/12\/2020<\/p>\n<p data-wahfont=\"14\">\n<\/td>\n<\/tr>\n<tr>\n<td><img loading=\"lazy\" decoding=\"async\" class=\"size-full wp-image-2002 aligncenter\" src=\"http:\/\/www.ptveracruz.org\/wp-content\/uploads\/2017\/05\/fecha-de-actualizacion2.jpg\" alt=\"\" width=\"64\" height=\"64\" \/><\/p>\n<div class=\"entry-content\">\n<p data-wahfont=\"14\">25\/9\/2020<\/p>\n<\/div>\n<p data-wahfont=\"14\">\n<\/td>\n<td><img loading=\"lazy\" decoding=\"async\" class=\"size-full wp-image-2002 aligncenter\" src=\"http:\/\/www.ptveracruz.org\/wp-content\/uploads\/2017\/05\/fecha-de-actualizacion2.jpg\" alt=\"\" width=\"64\" height=\"64\" \/><\/p>\n<div class=\"entry-content\">\u00a025\/12\/2020<\/div>\n<div><\/div>\n<p data-wahfont=\"14\">\n<\/td>\n<\/tr>\n<\/tbody>\n<\/table>\n<p>&nbsp;<\/p>\n","protected":false},"excerpt":{"rendered":"<p>Listado de aportantes campa\u00f1as y precampa\u00f1as 2020 Tercer cuatrimestre Cuarto cuatrimestre Finanzas y Administraci\u00f3n Finanzas y Administraci\u00f3n 30\/9\/2020 \u00a031\/12\/2020 25\/9\/2020 \u00a025\/12\/2020 &nbsp;<\/p>\n","protected":false},"author":1,"featured_media":0,"parent":0,"menu_order":0,"comment_status":"closed","ping_status":"closed","template":"","meta":{"footnotes":""},"class_list":["post-4105","page","type-page","status-publish","hentry"],"_links":{"self":[{"href":"https:\/\/ptveracruz.mx\/index.php?rest_route=\/wp\/v2\/pages\/4105","targetHints":{"allow":["GET"]}}],"collection":[{"href":"https:\/\/ptveracruz.mx\/index.php?rest_route=\/wp\/v2\/pages"}],"about":[{"href":"https:\/\/ptveracruz.mx\/index.php?rest_route=\/wp\/v2\/types\/page"}],"author":[{"embeddable":true,"href":"https:\/\/ptveracruz.mx\/index.php?rest_route=\/wp\/v2\/users\/1"}],"replies":[{"embeddable":true,"href":"https:\/\/ptveracruz.mx\/index.php?rest_route=%2Fwp%2Fv2%2Fcomments&post=4105"}],"version-history":[{"count":2,"href":"https:\/\/ptveracruz.mx\/index.php?rest_route=\/wp\/v2\/pages\/4105\/revisions"}],"predecessor-version":[{"id":4643,"href":"https:\/\/ptveracruz.mx\/index.php?rest_route=\/wp\/v2\/pages\/4105\/revisions\/4643"}],"wp:attachment":[{"href":"https:\/\/ptveracruz.mx\/index.php?rest_route=%2Fwp%2Fv2%2Fmedia&parent=4105"}],"curies":[{"name":"wp","href":"https:\/\/api.w.org\/{rel}","templated":true}]}}