{"id":4095,"date":"2020-08-21T11:17:11","date_gmt":"2020-08-21T17:17:11","guid":{"rendered":"http:\/\/www.ptveracruz.org\/?page_id=4095"},"modified":"2021-02-01T21:52:10","modified_gmt":"2021-02-02T03:52:10","slug":"responsables-de-organos-internos-de-finanzas-del-partido-2020-art-21","status":"publish","type":"page","link":"https:\/\/ptveracruz.mx\/?page_id=4095","title":{"rendered":"Responsables de \u00f3rganos internos de finanzas del partido (2020) art 21"},"content":{"rendered":"<header class=\"entry-header\">\n<h1 class=\"title-post entry-title\" data-wahfont=\"20\">Responsables de \u00f3rganos internos de finanzas del partido<\/h1>\n<div class=\"entry-content\">\n<blockquote>\n<p data-wahfont=\"16\">2020<\/p>\n<\/blockquote>\n<\/div>\n<div class=\"entry-content\"><\/div>\n<table class=\" aligncenter\" width=\"494\">\n<tbody>\n<tr>\n<td>\n<p><a href=\"https:\/\/drive.google.com\/file\/d\/1OkO701bdiZGqMWGK9-RFrTUsNmLMCGGc\/view?usp=sharing\"><img loading=\"lazy\" decoding=\"async\" class=\"aligncenter wp-image-3228 size-full\" src=\"http:\/\/www.ptveracruz.org\/wp-content\/uploads\/2017\/08\/descargar-visualizar.jpg\" alt=\"\" width=\"65\" height=\"64\" \/><\/a><\/p>\n<p>Tercer cuatrimestre<\/td>\n<td>\n<p><a href=\"https:\/\/drive.google.com\/file\/d\/1l_trWedpSrfkp1BSUg6ORD6PCIWL_qF9\/view?usp=sharing\"><img loading=\"lazy\" decoding=\"async\" class=\"aligncenter wp-image-3228 size-full\" src=\"http:\/\/www.ptveracruz.org\/wp-content\/uploads\/2017\/08\/descargar-visualizar.jpg\" alt=\"\" width=\"65\" height=\"64\" \/><\/a><\/p>\n<p>Cuarto cuatrimestre<\/td>\n<\/tr>\n<tr>\n<td><img loading=\"lazy\" decoding=\"async\" class=\"aligncenter size-full wp-image-2003\" src=\"http:\/\/www.ptveracruz.org\/wp-content\/uploads\/2017\/05\/responsable.jpg\" alt=\"\" width=\"64\" height=\"64\" \/><\/p>\n<p data-wahfont=\"14\">Finanzas y Administraci\u00f3n<\/p>\n<p data-wahfont=\"14\">\n<\/td>\n<td><img loading=\"lazy\" decoding=\"async\" class=\"aligncenter size-full wp-image-2003\" src=\"http:\/\/www.ptveracruz.org\/wp-content\/uploads\/2017\/05\/responsable.jpg\" alt=\"\" width=\"64\" height=\"64\" \/><\/p>\n<p data-wahfont=\"14\">Finanzas y Administraci\u00f3n<\/p>\n<p data-wahfont=\"14\">\n<\/td>\n<\/tr>\n<tr>\n<td><img loading=\"lazy\" decoding=\"async\" class=\"size-full wp-image-2001 aligncenter\" src=\"http:\/\/www.ptveracruz.org\/wp-content\/uploads\/2017\/05\/fecha-de-actualizacion.jpg\" alt=\"\" width=\"64\" height=\"64\" \/><\/p>\n<p data-wahfont=\"14\">30\/9\/2020<\/p>\n<p data-wahfont=\"14\">\n<\/td>\n<td>\n<p data-wahfont=\"14\"><img loading=\"lazy\" decoding=\"async\" class=\"size-full wp-image-2001 aligncenter\" src=\"http:\/\/www.ptveracruz.org\/wp-content\/uploads\/2017\/05\/fecha-de-actualizacion.jpg\" alt=\"\" width=\"64\" height=\"64\" \/><\/p>\n<p data-wahfont=\"14\">\u00a031\/12\/2020<\/p>\n<p data-wahfont=\"14\">\n<\/td>\n<\/tr>\n<tr>\n<td><img loading=\"lazy\" decoding=\"async\" class=\"size-full wp-image-2002 aligncenter\" src=\"http:\/\/www.ptveracruz.org\/wp-content\/uploads\/2017\/05\/fecha-de-actualizacion2.jpg\" alt=\"\" width=\"64\" height=\"64\" \/><\/p>\n<div class=\"entry-content\">\n<p data-wahfont=\"14\">25\/9\/2020<\/p>\n<\/div>\n<p data-wahfont=\"14\">\n<\/td>\n<td><img loading=\"lazy\" decoding=\"async\" class=\"size-full wp-image-2002 aligncenter\" src=\"http:\/\/www.ptveracruz.org\/wp-content\/uploads\/2017\/05\/fecha-de-actualizacion2.jpg\" alt=\"\" width=\"64\" height=\"64\" \/><\/p>\n<div class=\"entry-content\">\u00a025\/12\/2020<\/div>\n<div><\/div>\n<p data-wahfont=\"14\">\n<\/td>\n<\/tr>\n<\/tbody>\n<\/table>\n<p>&nbsp;<\/p>\n<\/header>\n<div class=\"entry-content\"><\/div>\n","protected":false},"excerpt":{"rendered":"<p>Responsables de \u00f3rganos internos de finanzas del partido 2020 Tercer cuatrimestre Cuarto cuatrimestre Finanzas y Administraci\u00f3n Finanzas y Administraci\u00f3n 30\/9\/2020 \u00a031\/12\/2020 25\/9\/2020 [&hellip;]<\/p>\n","protected":false},"author":1,"featured_media":0,"parent":0,"menu_order":0,"comment_status":"closed","ping_status":"closed","template":"","meta":{"footnotes":""},"class_list":["post-4095","page","type-page","status-publish","hentry"],"_links":{"self":[{"href":"https:\/\/ptveracruz.mx\/index.php?rest_route=\/wp\/v2\/pages\/4095","targetHints":{"allow":["GET"]}}],"collection":[{"href":"https:\/\/ptveracruz.mx\/index.php?rest_route=\/wp\/v2\/pages"}],"about":[{"href":"https:\/\/ptveracruz.mx\/index.php?rest_route=\/wp\/v2\/types\/page"}],"author":[{"embeddable":true,"href":"https:\/\/ptveracruz.mx\/index.php?rest_route=\/wp\/v2\/users\/1"}],"replies":[{"embeddable":true,"href":"https:\/\/ptveracruz.mx\/index.php?rest_route=%2Fwp%2Fv2%2Fcomments&post=4095"}],"version-history":[{"count":3,"href":"https:\/\/ptveracruz.mx\/index.php?rest_route=\/wp\/v2\/pages\/4095\/revisions"}],"predecessor-version":[{"id":4642,"href":"https:\/\/ptveracruz.mx\/index.php?rest_route=\/wp\/v2\/pages\/4095\/revisions\/4642"}],"wp:attachment":[{"href":"https:\/\/ptveracruz.mx\/index.php?rest_route=%2Fwp%2Fv2%2Fmedia&parent=4095"}],"curies":[{"name":"wp","href":"https:\/\/api.w.org\/{rel}","templated":true}]}}