{"id":4085,"date":"2020-08-21T11:11:32","date_gmt":"2020-08-21T17:11:32","guid":{"rendered":"http:\/\/www.ptveracruz.org\/?page_id=4085"},"modified":"2020-09-04T16:55:36","modified_gmt":"2020-09-04T22:55:36","slug":"acuerdos-y-resoluciones-de-organos-de-direccion-2020-art-21","status":"publish","type":"page","link":"https:\/\/ptveracruz.mx\/?page_id=4085","title":{"rendered":"Acuerdos y resoluciones de \u00f3rganos de direcci\u00f3n (2020) art 21"},"content":{"rendered":"<header class=\"entry-header\">\n<h1 class=\"title-post entry-title\" data-wahfont=\"20\">Acuerdos y resoluciones de \u00f3rganos de direcci\u00f3n<\/h1>\n<\/header>\n<div class=\"entry-content\">\n<blockquote>\n<p data-wahfont=\"16\">2020<\/p>\n<\/blockquote>\n<p data-wahfont=\"14\"><a href=\"https:\/\/drive.google.com\/file\/d\/16mdQJ6QJn5J2LqJuFT83fsGM3s033Ys4\/view?usp=sharing\" data-wahfont=\"14\"><img loading=\"lazy\" decoding=\"async\" class=\"aligncenter wp-image-3228 size-full\" src=\"http:\/\/www.ptveracruz.org\/wp-content\/uploads\/2017\/08\/descargar-visualizar.jpg\" alt=\"\" width=\"65\" height=\"64\" \/><\/a><\/p>\n<p data-wahfont=\"14\"><img loading=\"lazy\" decoding=\"async\" class=\"aligncenter size-full wp-image-2003\" src=\"http:\/\/www.ptveracruz.org\/wp-content\/uploads\/2017\/05\/responsable.jpg\" alt=\"\" width=\"64\" height=\"64\" \/><\/p>\n<p data-wahfont=\"14\">Comisi\u00f3n Ejecutiva Estatal<\/p>\n<p data-wahfont=\"14\"><img loading=\"lazy\" decoding=\"async\" class=\"size-full wp-image-2001 aligncenter\" src=\"http:\/\/www.ptveracruz.org\/wp-content\/uploads\/2017\/05\/fecha-de-actualizacion.jpg\" alt=\"\" width=\"64\" height=\"64\" \/><\/p>\n<p data-wahfont=\"14\">7\/15\/2020<img loading=\"lazy\" decoding=\"async\" class=\"aligncenter size-full wp-image-2002\" src=\"http:\/\/www.ptveracruz.org\/wp-content\/uploads\/2017\/05\/fecha-de-actualizacion2.jpg\" alt=\"\" width=\"64\" height=\"64\" \/><\/p>\n<p data-wahfont=\"14\">6\/30\/2020<\/p>\n<p data-wahfont=\"14\">\n<\/div>\n","protected":false},"excerpt":{"rendered":"<p>Acuerdos y resoluciones de \u00f3rganos de direcci\u00f3n 2020 Comisi\u00f3n Ejecutiva Estatal 7\/15\/2020 6\/30\/2020<\/p>\n","protected":false},"author":1,"featured_media":0,"parent":0,"menu_order":0,"comment_status":"closed","ping_status":"closed","template":"","meta":{"footnotes":""},"class_list":["post-4085","page","type-page","status-publish","hentry"],"_links":{"self":[{"href":"https:\/\/ptveracruz.mx\/index.php?rest_route=\/wp\/v2\/pages\/4085","targetHints":{"allow":["GET"]}}],"collection":[{"href":"https:\/\/ptveracruz.mx\/index.php?rest_route=\/wp\/v2\/pages"}],"about":[{"href":"https:\/\/ptveracruz.mx\/index.php?rest_route=\/wp\/v2\/types\/page"}],"author":[{"embeddable":true,"href":"https:\/\/ptveracruz.mx\/index.php?rest_route=\/wp\/v2\/users\/1"}],"replies":[{"embeddable":true,"href":"https:\/\/ptveracruz.mx\/index.php?rest_route=%2Fwp%2Fv2%2Fcomments&post=4085"}],"version-history":[{"count":3,"href":"https:\/\/ptveracruz.mx\/index.php?rest_route=\/wp\/v2\/pages\/4085\/revisions"}],"predecessor-version":[{"id":4477,"href":"https:\/\/ptveracruz.mx\/index.php?rest_route=\/wp\/v2\/pages\/4085\/revisions\/4477"}],"wp:attachment":[{"href":"https:\/\/ptveracruz.mx\/index.php?rest_route=%2Fwp%2Fv2%2Fmedia&parent=4085"}],"curies":[{"name":"wp","href":"https:\/\/api.w.org\/{rel}","templated":true}]}}