{"id":4077,"date":"2020-08-21T10:45:17","date_gmt":"2020-08-21T16:45:17","guid":{"rendered":"http:\/\/www.ptveracruz.org\/?page_id=4077"},"modified":"2020-08-21T10:45:28","modified_gmt":"2020-08-21T16:45:28","slug":"otra-informacion-2020","status":"publish","type":"page","link":"https:\/\/ptveracruz.mx\/?page_id=4077","title":{"rendered":"Otra informaci\u00f3n (2020)"},"content":{"rendered":"<header class=\"entry-header\">\n<h1 class=\"title-post entry-title\" data-wahfont=\"20\">Otra informaci\u00f3n<\/h1>\n<\/header>\n<div class=\"entry-content\">\n<blockquote>\n<p data-wahfont=\"16\">2019<\/p>\n<\/blockquote>\n<h5 data-wahfont=\"20\">M\u00e1s Informaci\u00f3n relacionada_Informaci\u00f3n de inter\u00e9s p\u00fablico<\/h5>\n<p data-wahfont=\"14\"><a href=\"https:\/\/drive.google.com\/file\/d\/1qF-yEhZdboITWZSLj7ly20Ptv5mNnT-M\/view?usp=sharing\" data-wahfont=\"14\"><img loading=\"lazy\" decoding=\"async\" class=\"wp-image-3228 size-full aligncenter\" src=\"http:\/\/www.ptveracruz.org\/wp-content\/uploads\/2017\/08\/descargar-visualizar.jpg\" alt=\"\" width=\"65\" height=\"64\" \/><\/a><\/p>\n<p data-wahfont=\"14\"><img loading=\"lazy\" decoding=\"async\" class=\"aligncenter size-full wp-image-2003\" src=\"http:\/\/www.ptveracruz.org\/wp-content\/uploads\/2017\/05\/responsable.jpg\" alt=\"\" width=\"64\" height=\"64\" \/><\/p>\n<p data-wahfont=\"14\">Comisi\u00f3n Ejecutiva Estatal<\/p>\n<p data-wahfont=\"14\"><img loading=\"lazy\" decoding=\"async\" class=\"aligncenter size-full wp-image-2001\" src=\"http:\/\/www.ptveracruz.org\/wp-content\/uploads\/2017\/05\/fecha-de-actualizacion.jpg\" alt=\"\" width=\"64\" height=\"64\" \/><\/p>\n<p data-wahfont=\"14\">10\/04\/2019<\/p>\n<p data-wahfont=\"14\"><img loading=\"lazy\" decoding=\"async\" class=\"aligncenter size-full wp-image-2002\" src=\"http:\/\/www.ptveracruz.org\/wp-content\/uploads\/2017\/05\/fecha-de-actualizacion2.jpg\" alt=\"\" width=\"64\" height=\"64\" \/><\/p>\n<p data-wahfont=\"14\">9\/30\/2019<\/p>\n<h5 data-wahfont=\"20\">M\u00e1s informaci\u00f3n relacionada \u2013Preguntas frecuentes\u2013<\/h5>\n<p data-wahfont=\"14\"><a href=\"https:\/\/drive.google.com\/file\/d\/1PsMy8xvtX4Y_jdOOJF8cOrzcHYYxcSql\/view?usp=sharing\" data-wahfont=\"14\"><img loading=\"lazy\" decoding=\"async\" class=\"aligncenter wp-image-3228 size-full\" src=\"http:\/\/www.ptveracruz.org\/wp-content\/uploads\/2017\/08\/descargar-visualizar.jpg\" alt=\"\" width=\"65\" height=\"64\" \/><\/a><\/p>\n<p data-wahfont=\"14\"><img loading=\"lazy\" decoding=\"async\" class=\"aligncenter size-full wp-image-2003\" src=\"http:\/\/www.ptveracruz.org\/wp-content\/uploads\/2017\/05\/responsable.jpg\" alt=\"\" width=\"64\" height=\"64\" \/><\/p>\n<p data-wahfont=\"14\">Comisi\u00f3n Ejecutiva Estatal<img loading=\"lazy\" decoding=\"async\" class=\"size-full wp-image-2001 aligncenter\" src=\"http:\/\/www.ptveracruz.org\/wp-content\/uploads\/2017\/05\/fecha-de-actualizacion.jpg\" alt=\"\" width=\"64\" height=\"64\" \/><\/p>\n<p data-wahfont=\"14\">10\/04\/2019<\/p>\n<p data-wahfont=\"14\"><img loading=\"lazy\" decoding=\"async\" class=\"aligncenter size-full wp-image-2002\" src=\"http:\/\/www.ptveracruz.org\/wp-content\/uploads\/2017\/05\/fecha-de-actualizacion2.jpg\" alt=\"\" width=\"64\" height=\"64\" \/><\/p>\n<p data-wahfont=\"14\">9\/30\/2019<\/p>\n<h5 data-wahfont=\"20\">M\u00e1s informaci\u00f3n relacionada \u2013transparencia proactiva\u2013<\/h5>\n<p data-wahfont=\"14\"><a href=\"https:\/\/drive.google.com\/file\/d\/1sVyek7pbFHFrXpdeBzQ8vRp1r2gy6a4r\/view?usp=sharing\" data-wahfont=\"14\"><img loading=\"lazy\" decoding=\"async\" class=\"aligncenter wp-image-3228 size-full\" src=\"http:\/\/www.ptveracruz.org\/wp-content\/uploads\/2017\/08\/descargar-visualizar.jpg\" alt=\"\" width=\"65\" height=\"64\" \/><\/a><\/p>\n<p data-wahfont=\"14\"><img loading=\"lazy\" decoding=\"async\" class=\"aligncenter size-full wp-image-2003\" src=\"http:\/\/www.ptveracruz.org\/wp-content\/uploads\/2017\/05\/responsable.jpg\" alt=\"\" width=\"64\" height=\"64\" \/><\/p>\n<p data-wahfont=\"14\">Comisi\u00f3n Ejecutiva Estatal<\/p>\n<p data-wahfont=\"14\"><img loading=\"lazy\" decoding=\"async\" class=\"size-full wp-image-2001 aligncenter\" src=\"http:\/\/www.ptveracruz.org\/wp-content\/uploads\/2017\/05\/fecha-de-actualizacion.jpg\" alt=\"\" width=\"64\" height=\"64\" \/><\/p>\n<p data-wahfont=\"14\">10\/04\/2019<\/p>\n<p data-wahfont=\"14\"><img loading=\"lazy\" decoding=\"async\" class=\"aligncenter size-full wp-image-2002\" src=\"http:\/\/www.ptveracruz.org\/wp-content\/uploads\/2017\/05\/fecha-de-actualizacion2.jpg\" alt=\"\" width=\"64\" height=\"64\" \/><\/p>\n<p data-wahfont=\"14\">9\/30\/2019<\/p>\n<blockquote>\n<h4 data-wahfont=\"25\"><a href=\"http:\/\/www.ptveracruz.org\/wp-content\/uploads\/2017\/05\/DIAGNOSTICO-DE-ACCESIBILIDAD-PT.pdf\" data-wahfont=\"25\">Diagn\u00f3stico de Accesibilidad\u00a0<\/a><\/h4>\n<\/blockquote>\n<blockquote>\n<p data-wahfont=\"16\">2018<\/p>\n<\/blockquote>\n<h5 data-wahfont=\"20\">M\u00e1s Informaci\u00f3n relacionada_Informaci\u00f3n de inter\u00e9s p\u00fablico<\/h5>\n<p data-wahfont=\"14\"><a href=\"https:\/\/drive.google.com\/open?id=1kL6_iFk37gimpc1WJSRiKC5YMT3buNAp\" data-wahfont=\"14\"><img loading=\"lazy\" decoding=\"async\" class=\"aligncenter wp-image-3228 size-full\" src=\"http:\/\/www.ptveracruz.org\/wp-content\/uploads\/2017\/08\/descargar-visualizar.jpg\" alt=\"\" width=\"65\" height=\"64\" \/><\/a><\/p>\n<p data-wahfont=\"14\"><img loading=\"lazy\" decoding=\"async\" class=\"aligncenter size-full wp-image-2003\" src=\"http:\/\/www.ptveracruz.org\/wp-content\/uploads\/2017\/05\/responsable.jpg\" alt=\"\" width=\"64\" height=\"64\" \/><\/p>\n<p data-wahfont=\"14\">Comisi\u00f3n Ejecutiva Estatal<\/p>\n<p data-wahfont=\"14\"><img loading=\"lazy\" decoding=\"async\" class=\"aligncenter size-full wp-image-2001\" src=\"http:\/\/www.ptveracruz.org\/wp-content\/uploads\/2017\/05\/fecha-de-actualizacion.jpg\" alt=\"\" width=\"64\" height=\"64\" \/><\/p>\n<p data-wahfont=\"14\">31\/12\/2018<\/p>\n<p data-wahfont=\"14\"><img loading=\"lazy\" decoding=\"async\" class=\"aligncenter size-full wp-image-2002\" src=\"http:\/\/www.ptveracruz.org\/wp-content\/uploads\/2017\/05\/fecha-de-actualizacion2.jpg\" alt=\"\" width=\"64\" height=\"64\" \/><\/p>\n<p data-wahfont=\"14\">15\/12\/2018<\/p>\n<h5 data-wahfont=\"20\">M\u00e1s informaci\u00f3n relacionada \u2013Preguntas frecuentes\u2013<\/h5>\n<p data-wahfont=\"14\"><a href=\"https:\/\/drive.google.com\/open?id=1Xcnzocu5P-w-_hC9C-B857H8uirSHDrQ\" data-wahfont=\"14\"><img loading=\"lazy\" decoding=\"async\" class=\"aligncenter wp-image-3228 size-full\" src=\"http:\/\/www.ptveracruz.org\/wp-content\/uploads\/2017\/08\/descargar-visualizar.jpg\" alt=\"\" width=\"65\" height=\"64\" \/><\/a><\/p>\n<p data-wahfont=\"14\"><img loading=\"lazy\" decoding=\"async\" class=\"aligncenter size-full wp-image-2003\" src=\"http:\/\/www.ptveracruz.org\/wp-content\/uploads\/2017\/05\/responsable.jpg\" alt=\"\" width=\"64\" height=\"64\" \/><\/p>\n<p data-wahfont=\"14\">Comisi\u00f3n Ejecutiva Estatal<img loading=\"lazy\" decoding=\"async\" class=\"size-full wp-image-2001 aligncenter\" src=\"http:\/\/www.ptveracruz.org\/wp-content\/uploads\/2017\/05\/fecha-de-actualizacion.jpg\" alt=\"\" width=\"64\" height=\"64\" \/><\/p>\n<p data-wahfont=\"14\">31\/12\/2018<\/p>\n<p data-wahfont=\"14\"><img loading=\"lazy\" decoding=\"async\" class=\"aligncenter size-full wp-image-2002\" src=\"http:\/\/www.ptveracruz.org\/wp-content\/uploads\/2017\/05\/fecha-de-actualizacion2.jpg\" alt=\"\" width=\"64\" height=\"64\" \/><\/p>\n<p data-wahfont=\"14\">15\/12\/2018<\/p>\n<h5 data-wahfont=\"20\">M\u00e1s informaci\u00f3n relacionada \u2013transparencia proactiva\u2013<\/h5>\n<p data-wahfont=\"14\"><a href=\"https:\/\/drive.google.com\/open?id=1_b-VPdP3oZXjAHxyx7hInd5jcJNsvD6i\" data-wahfont=\"14\"><img loading=\"lazy\" decoding=\"async\" class=\"aligncenter wp-image-3228 size-full\" src=\"http:\/\/www.ptveracruz.org\/wp-content\/uploads\/2017\/08\/descargar-visualizar.jpg\" alt=\"\" width=\"65\" height=\"64\" \/><\/a><\/p>\n<p data-wahfont=\"14\"><img loading=\"lazy\" decoding=\"async\" class=\"aligncenter size-full wp-image-2003\" src=\"http:\/\/www.ptveracruz.org\/wp-content\/uploads\/2017\/05\/responsable.jpg\" alt=\"\" width=\"64\" height=\"64\" \/><\/p>\n<p data-wahfont=\"14\">Comisi\u00f3n Ejecutiva Estatal<\/p>\n<p data-wahfont=\"14\"><img loading=\"lazy\" decoding=\"async\" class=\"size-full wp-image-2001 aligncenter\" src=\"http:\/\/www.ptveracruz.org\/wp-content\/uploads\/2017\/05\/fecha-de-actualizacion.jpg\" alt=\"\" width=\"64\" height=\"64\" \/><\/p>\n<p data-wahfont=\"14\">31\/12\/2018<\/p>\n<p data-wahfont=\"14\"><img loading=\"lazy\" decoding=\"async\" class=\"aligncenter size-full wp-image-2002\" src=\"http:\/\/www.ptveracruz.org\/wp-content\/uploads\/2017\/05\/fecha-de-actualizacion2.jpg\" alt=\"\" width=\"64\" height=\"64\" \/><\/p>\n<p data-wahfont=\"14\">15\/12\/2018<\/p>\n<blockquote>\n<h4 data-wahfont=\"25\"><a href=\"http:\/\/www.ptveracruz.org\/wp-content\/uploads\/2017\/05\/DIAGNOSTICO-DE-ACCESIBILIDAD-PT.pdf\" data-wahfont=\"25\">Diagn\u00f3stico de Accesibilidad<\/a><\/h4>\n<\/blockquote>\n<\/div>\n","protected":false},"excerpt":{"rendered":"<p>Otra informaci\u00f3n 2019 M\u00e1s Informaci\u00f3n relacionada_Informaci\u00f3n de inter\u00e9s p\u00fablico Comisi\u00f3n Ejecutiva Estatal 10\/04\/2019 9\/30\/2019 M\u00e1s informaci\u00f3n relacionada \u2013Preguntas frecuentes\u2013 Comisi\u00f3n Ejecutiva Estatal [&hellip;]<\/p>\n","protected":false},"author":1,"featured_media":0,"parent":0,"menu_order":0,"comment_status":"closed","ping_status":"closed","template":"","meta":{"footnotes":""},"class_list":["post-4077","page","type-page","status-publish","hentry"],"_links":{"self":[{"href":"https:\/\/ptveracruz.mx\/index.php?rest_route=\/wp\/v2\/pages\/4077","targetHints":{"allow":["GET"]}}],"collection":[{"href":"https:\/\/ptveracruz.mx\/index.php?rest_route=\/wp\/v2\/pages"}],"about":[{"href":"https:\/\/ptveracruz.mx\/index.php?rest_route=\/wp\/v2\/types\/page"}],"author":[{"embeddable":true,"href":"https:\/\/ptveracruz.mx\/index.php?rest_route=\/wp\/v2\/users\/1"}],"replies":[{"embeddable":true,"href":"https:\/\/ptveracruz.mx\/index.php?rest_route=%2Fwp%2Fv2%2Fcomments&post=4077"}],"version-history":[{"count":2,"href":"https:\/\/ptveracruz.mx\/index.php?rest_route=\/wp\/v2\/pages\/4077\/revisions"}],"predecessor-version":[{"id":4079,"href":"https:\/\/ptveracruz.mx\/index.php?rest_route=\/wp\/v2\/pages\/4077\/revisions\/4079"}],"wp:attachment":[{"href":"https:\/\/ptveracruz.mx\/index.php?rest_route=%2Fwp%2Fv2%2Fmedia&parent=4077"}],"curies":[{"name":"wp","href":"https:\/\/api.w.org\/{rel}","templated":true}]}}