{"id":3993,"date":"2020-08-20T14:04:23","date_gmt":"2020-08-20T20:04:23","guid":{"rendered":"http:\/\/www.ptveracruz.org\/?page_id=3993"},"modified":"2020-08-20T14:04:41","modified_gmt":"2020-08-20T20:04:41","slug":"informacion-relativa-a-la-deuda-publica-2020","status":"publish","type":"page","link":"https:\/\/ptveracruz.mx\/?page_id=3993","title":{"rendered":"Informaci\u00f3n relativa a la deuda p\u00fablica (2020)"},"content":{"rendered":"<header class=\"entry-header\">\n<h1 class=\"title-post entry-title\" data-wahfont=\"20\">Informaci\u00f3n relativa a la deuda p\u00fablica<\/h1>\n<\/header>\n<div class=\"entry-content\">\n<blockquote>\n<p data-wahfont=\"16\">No aplica. El art\u00edculo 323 C\u00f3digo Financiero para el Estado de Veracruz y el 20 fracci\u00f3n XIX de la Ley Org\u00e1nica del Poder Ejecutivo establece que la secretar\u00eda de Finanzas y Planeaci\u00f3n es la responsable del control y publicaci\u00f3n de la deuda p\u00fablica.<\/p>\n<\/blockquote>\n<p data-wahfont=\"14\"><a href=\"http:\/\/www.ptveracruz.org\/wp-content\/uploads\/2017\/08\/22-Formato-Deuda-P%C3%BAblica.xls\" data-wahfont=\"14\"><img loading=\"lazy\" decoding=\"async\" class=\"aligncenter size-full wp-image-2000\" src=\"http:\/\/www.ptveracruz.org\/wp-content\/uploads\/2017\/05\/descargar.jpg\" alt=\"\" width=\"64\" height=\"64\" \/><\/a><\/p>\n<p data-wahfont=\"14\"><img loading=\"lazy\" decoding=\"async\" class=\"aligncenter size-full wp-image-2003\" src=\"http:\/\/www.ptveracruz.org\/wp-content\/uploads\/2017\/05\/responsable.jpg\" alt=\"\" width=\"64\" height=\"64\" \/>Comisi\u00f3n Ejecutiva Estatal<\/p>\n<p data-wahfont=\"14\"><img loading=\"lazy\" decoding=\"async\" class=\"aligncenter size-full wp-image-2002\" src=\"http:\/\/www.ptveracruz.org\/wp-content\/uploads\/2017\/05\/fecha-de-actualizacion2.jpg\" alt=\"\" width=\"64\" height=\"64\" \/><\/p>\n<p data-wahfont=\"14\">31\/12\/2018<\/p>\n<p data-wahfont=\"14\"><img loading=\"lazy\" decoding=\"async\" class=\"aligncenter size-full wp-image-2001\" src=\"http:\/\/www.ptveracruz.org\/wp-content\/uploads\/2017\/05\/fecha-de-actualizacion.jpg\" alt=\"\" width=\"64\" height=\"64\" \/><\/p>\n<p data-wahfont=\"14\">15\/12\/2018<\/p>\n<\/div>\n","protected":false},"excerpt":{"rendered":"<p>Informaci\u00f3n relativa a la deuda p\u00fablica No aplica. El art\u00edculo 323 C\u00f3digo Financiero para el Estado de Veracruz y el 20 fracci\u00f3n [&hellip;]<\/p>\n","protected":false},"author":1,"featured_media":0,"parent":0,"menu_order":0,"comment_status":"closed","ping_status":"closed","template":"","meta":{"footnotes":""},"class_list":["post-3993","page","type-page","status-publish","hentry"],"_links":{"self":[{"href":"https:\/\/ptveracruz.mx\/index.php?rest_route=\/wp\/v2\/pages\/3993","targetHints":{"allow":["GET"]}}],"collection":[{"href":"https:\/\/ptveracruz.mx\/index.php?rest_route=\/wp\/v2\/pages"}],"about":[{"href":"https:\/\/ptveracruz.mx\/index.php?rest_route=\/wp\/v2\/types\/page"}],"author":[{"embeddable":true,"href":"https:\/\/ptveracruz.mx\/index.php?rest_route=\/wp\/v2\/users\/1"}],"replies":[{"embeddable":true,"href":"https:\/\/ptveracruz.mx\/index.php?rest_route=%2Fwp%2Fv2%2Fcomments&post=3993"}],"version-history":[{"count":1,"href":"https:\/\/ptveracruz.mx\/index.php?rest_route=\/wp\/v2\/pages\/3993\/revisions"}],"predecessor-version":[{"id":3994,"href":"https:\/\/ptveracruz.mx\/index.php?rest_route=\/wp\/v2\/pages\/3993\/revisions\/3994"}],"wp:attachment":[{"href":"https:\/\/ptveracruz.mx\/index.php?rest_route=%2Fwp%2Fv2%2Fmedia&parent=3993"}],"curies":[{"name":"wp","href":"https:\/\/api.w.org\/{rel}","templated":true}]}}