{"id":3918,"date":"2020-08-20T12:38:13","date_gmt":"2020-08-20T18:38:13","guid":{"rendered":"http:\/\/www.ptveracruz.org\/?page_id=3918"},"modified":"2020-10-04T18:45:41","modified_gmt":"2020-10-05T00:45:41","slug":"marco-normativo-2020","status":"publish","type":"page","link":"https:\/\/ptveracruz.mx\/?page_id=3918","title":{"rendered":"Fracci\u00f3n I (2020)"},"content":{"rendered":"<h5><strong>El marco normativo aplicable al sujeto obligado, en el que deber\u00e1 incluirse leyes, c\u00f3digos, reglamentos, decretos de creaci\u00f3n, manuales administrativos, reglas de operaci\u00f3n, criterios y pol\u00edticas, entre otros.<\/strong><\/h5>\n<blockquote>\n<p data-wahfont=\"16\">2020<\/p>\n<\/blockquote>\n<h4 data-wahfont=\"25\"><\/h4>\n<table style=\"height: 199px;\" width=\"668\">\n<tbody>\n<tr>\n<td><a href=\"https:\/\/drive.google.com\/file\/d\/1pCuLButP_fLAA2lx5hXtdhNrDrjSWQYf\/view?usp=sharing\" data-wahfont=\"25\"><img loading=\"lazy\" decoding=\"async\" class=\"aligncenter wp-image-3228 size-full\" src=\"http:\/\/www.ptveracruz.org\/wp-content\/uploads\/2017\/08\/descargar-visualizar.jpg\" alt=\"\" width=\"65\" height=\"64\" \/><\/a><\/td>\n<td>\n<h4 data-wahfont=\"25\"><img loading=\"lazy\" decoding=\"async\" class=\"size-full wp-image-2003 aligncenter\" src=\"http:\/\/www.ptveracruz.org\/wp-content\/uploads\/2017\/05\/responsable.jpg\" alt=\"\" width=\"64\" height=\"64\" \/><\/h4>\n<\/td>\n<td><img loading=\"lazy\" decoding=\"async\" class=\"aligncenter size-full wp-image-2001\" src=\"http:\/\/www.ptveracruz.org\/wp-content\/uploads\/2017\/05\/fecha-de-actualizacion.jpg\" alt=\"\" width=\"64\" height=\"64\" \/><\/td>\n<td><img loading=\"lazy\" decoding=\"async\" class=\"aligncenter size-full wp-image-2002\" src=\"http:\/\/www.ptveracruz.org\/wp-content\/uploads\/2017\/05\/fecha-de-actualizacion2.jpg\" alt=\"\" width=\"64\" height=\"64\" \/><\/td>\n<\/tr>\n<tr>\n<td><\/td>\n<td>\n<p style=\"text-align: center;\" data-wahfont=\"14\">Comisi\u00f3n Ejecutiva Estatal<\/p>\n<\/td>\n<td style=\"text-align: center;\">\n<p data-wahfont=\"14\">10\/4\/2019<\/p>\n<\/td>\n<td>\n<p style=\"text-align: center;\" data-wahfont=\"14\">9\/30\/2019<\/p>\n<\/td>\n<\/tr>\n<\/tbody>\n<\/table>\n<p>&nbsp;<\/p>\n<h4 data-wahfont=\"25\"><\/h4>\n<h4 data-wahfont=\"25\"><\/h4>\n<p data-wahfont=\"14\"><a href=\"https:\/\/drive.google.com\/file\/d\/1Q5WxdusW1DvDs1wG_20QPXxH3sTTVNR7\/view?usp=sharing\" data-wahfont=\"14\">ACTA DE COMIT\u00c9 DE TRANSPARENCIA DE INEXISTENCIA DE ALGUNOS DOCUMENTOS DEL MARCO NORMATIVO<\/a><\/p>\n<h4 data-wahfont=\"25\">Leyes que nos rigen<\/h4>\n<p data-wahfont=\"14\"><a href=\"http:\/\/www.ptveracruz.org\/wp-content\/uploads\/2017\/05\/CONSTITUCION-POLITICA-DE-LOS-ESTADOS-UNIDOS-MEXICANOS.pdf\" data-wahfont=\"14\">Constituci\u00f3n Pol\u00edtica de los Estados Unidos Mexicanos<\/a><\/p>\n<p data-wahfont=\"14\"><a href=\"http:\/\/www.ptveracruz.org\/wp-content\/uploads\/2017\/05\/CONSTITUCI%C3%93N-POL%C3%8DTICA-DEL-ESTADO-DE-VERACRUZ.pdf\" data-wahfont=\"14\">Constituci\u00f3n Pol\u00edtica del Estado de Veracruz<\/a><\/p>\n<p data-wahfont=\"14\"><a href=\"http:\/\/www.ptveracruz.org\/wp-content\/uploads\/2017\/05\/LEY-FEDERAL-DE-CONSULTA-POPULAR.pdf\" data-wahfont=\"14\">Ley Federal de Consulta Popular<\/a><\/p>\n<p data-wahfont=\"14\"><a href=\"http:\/\/www.ptveracruz.org\/wp-content\/uploads\/2017\/05\/LEY-GENERAL-DE-INSTITUCIONES-Y-PROCEDIMIENTOS-ELECTORALES.pdf\" data-wahfont=\"14\">Ley General de Instituciones y Procesos Electorales<\/a><\/p>\n<p data-wahfont=\"14\"><a href=\"http:\/\/www.ptveracruz.org\/wp-content\/uploads\/2017\/05\/LEY-GENERAL-DE-PARTIDOS-POL%C3%8DTICOS.pdf\" data-wahfont=\"14\">Ley General de los Partidos Pol\u00edticos<\/a><\/p>\n<p data-wahfont=\"14\"><a href=\"http:\/\/www.ptveracruz.org\/wp-content\/uploads\/2017\/05\/Reglamento_de_Fiscalizacion.pdf\" data-wahfont=\"14\">Reglamento de Fiscalizaci\u00f3n<\/a><\/p>\n<p data-wahfont=\"14\"><a href=\"http:\/\/www.ptveracruz.org\/wp-content\/uploads\/2017\/05\/C%C3%B3digo-Electoral-para-el-Estado-de-Veracruz.pdf\" data-wahfont=\"14\">C\u00f3digo Electoral para el Estado de Veracruz<\/a><\/p>\n<p data-wahfont=\"14\"><a href=\"http:\/\/www.ptveracruz.org\/wp-content\/uploads\/2017\/05\/Ley-General-del-Sistema-de-Medios-de-Impugnaci%C3%B3n-en-Materia-Electoral.pdf\" data-wahfont=\"14\">Ley General del Sistema de Medios de Impugnaci\u00f3n en Materia Electoral<\/a><\/p>\n<p data-wahfont=\"14\"><a href=\"http:\/\/www.ptveracruz.org\/wp-content\/uploads\/2017\/05\/Ley-General-en-Materia-de-Delitos-Electorales.pdf\" data-wahfont=\"14\">Ley General en Materia de Delitos Electorales<\/a><\/p>\n<p data-wahfont=\"14\"><a href=\"http:\/\/www.ptveracruz.org\/wp-content\/uploads\/2017\/05\/Plan-y-Calendario-Integral-del-Proceso-Electoral-Federal-2017-2018.pdf\" data-wahfont=\"14\">Plan y Calendario Integral del Proceso Electoral Federal 2017-2018<\/a><\/p>\n<p data-wahfont=\"14\"><a href=\"http:\/\/www.ptveracruz.org\/wp-content\/uploads\/2017\/05\/Reglamento-de-Elecciones.pdf\" data-wahfont=\"14\">Reglamento de Elecciones<\/a><\/p>\n<p data-wahfont=\"14\"><a href=\"http:\/\/www.ptveracruz.org\/wp-content\/uploads\/2017\/05\/Reglamento-de-Procedimientos-Sancionadores-en-Materia-de-Fiscalizaci%C3%B3n.pdf\" data-wahfont=\"14\">Reglamento de Procedimientos Sancionadores en Materia de Fiscalizaci\u00f3n<\/a><\/p>\n<p data-wahfont=\"14\"><a href=\"http:\/\/www.ptveracruz.org\/wp-content\/uploads\/2017\/05\/Reglamento-del-Instituto-Nacional-Electoral-en-Materia-de-Transparencia-y-Acceso-a-la-Informaci%C3%B3n-P%C3%BAblica.pdf\" data-wahfont=\"14\">Reglamento del Instituto Nacional Electoral en Materia de Transparencia y Acceso a la Informaci\u00f3n P\u00fablica<\/a><\/p>\n<p data-wahfont=\"14\"><a href=\"http:\/\/www.ptveracruz.org\/wp-content\/uploads\/2017\/05\/LGT-Comentada.pdf\" data-wahfont=\"14\">Ley General de Transparencia-Comentada\u00a0<\/a><\/p>\n<p data-wahfont=\"14\"><a href=\"https:\/\/drive.google.com\/file\/d\/1-hV5nJOSkBhZIcfiNTnxJuuO_k61DfMK\/view?usp=sharing\" data-wahfont=\"14\">Ley General de Archivos<\/a><\/p>\n<h4 data-wahfont=\"25\">Documentos b\u00e1sicos del Partido<\/h4>\n<p data-wahfont=\"14\"><a href=\"http:\/\/www.ptveracruz.org\/wp-content\/uploads\/2017\/05\/ACTA-CONSTITUTIVA-PT.pdf\" data-wahfont=\"14\">Acta constitutiva del Partido<\/a><\/p>\n<p data-wahfont=\"14\"><a href=\"http:\/\/www.ptveracruz.org\/wp-content\/uploads\/2017\/05\/declaracion-principios-pt-1.pdf\" data-wahfont=\"14\">Declaraci\u00f3n de principios<\/a><\/p>\n<p data-wahfont=\"14\"><a href=\"http:\/\/www.ptveracruz.org\/wp-content\/uploads\/2017\/05\/estatutos-generales-pt-1.pdf\" data-wahfont=\"14\">Estatutos generales<\/a><\/p>\n<p data-wahfont=\"14\"><a href=\"http:\/\/www.ptveracruz.org\/wp-content\/uploads\/2017\/05\/programa-accion-pt-1.pdf\" data-wahfont=\"14\">Programa de acci\u00f3n<\/a><\/p>\n<p data-wahfont=\"14\"><a href=\"http:\/\/www.ptveracruz.org\/wp-content\/uploads\/2017\/05\/normas-reglamentarias-pt.pdf\" data-wahfont=\"14\">Normas reglamentarias<\/a><\/p>\n<h4 data-wahfont=\"25\">Leyes de transparencia<\/h4>\n<p data-wahfont=\"14\"><a href=\"http:\/\/www.ptveracruz.org\/wp-content\/uploads\/2014\/02\/LGTAIP-INAI.pdf\" data-wahfont=\"14\">LGTAIP INAI<\/a><\/p>\n<p data-wahfont=\"14\"><a href=\"http:\/\/www.ptveracruz.org\/wp-content\/uploads\/2014\/02\/LGTAIP.pdf\" data-wahfont=\"14\">LGTAIP<\/a><\/p>\n<p data-wahfont=\"14\"><a href=\"http:\/\/www.ptveracruz.org\/wp-content\/uploads\/2014\/02\/LINEAMIENTOS-GENERALES-PARA-LA-PUBLICACION.pdf\" data-wahfont=\"14\">LINEAMIENTOS GENERALES PARA LA PUBLICACION<\/a><\/p>\n<p data-wahfont=\"14\"><a href=\"http:\/\/www.ptveracruz.org\/wp-content\/uploads\/2014\/02\/LTAIPEV-875.pdf\" data-wahfont=\"14\">LTAIPEV 875<\/a><\/p>\n<p data-wahfont=\"14\"><a href=\"http:\/\/www.ptveracruz.org\/wp-content\/uploads\/2017\/05\/Ley-General-de-Protecci%C3%B3n-de-Datos-Personales-en-Poder-de-los-Sujetos-Obligados-T.pdf\" data-wahfont=\"14\">Ley General de Protecci\u00f3n de Datos Personales en Poder de los Sujetos Obligados\u00a0<\/a><\/p>\n<p data-wahfont=\"14\"><a href=\"http:\/\/www.ptveracruz.org\/wp-content\/uploads\/2017\/05\/Ley-General-de-Protecci%C3%B3n-de-Datos-Personales-en-Posesi%C3%B3n-de-Sujetos-Obligados-T.pdf\" data-wahfont=\"14\">Ley General de Protecci\u00f3n de Datos Personales en Posesi\u00f3n de Sujetos Obligados<\/a><\/p>\n<p data-wahfont=\"14\"><a href=\"http:\/\/www.ptveracruz.org\/wp-content\/uploads\/2017\/05\/Lineamientos-T%C3%A9cnicos-Generales-modificados-T.pdf\" data-wahfont=\"14\">Lineamientos T\u00e9cnicos Generales modificados<\/a><\/p>\n<p data-wahfont=\"14\"><a href=\"http:\/\/www.ptveracruz.org\/wp-content\/uploads\/2017\/05\/Lineamientos-Generales-Ley-875-de-Transparencia-y-Acceso-a-la-Informaci%C3%B3n-P%C3%BAblica-para-el-Estado-de-Veracruz-de-Ignacio-de-la-Llave_Versi%C3%B3n_Final_GOE.pdf\" data-wahfont=\"14\">Lineamientos Generales Ley 875 de Transparencia y Acceso a la Informaci\u00f3n P\u00fablica para el Estado de Veracruz de Ignacio de la Llave<\/a><\/p>\n<p data-wahfont=\"14\"><a href=\"https:\/\/drive.google.com\/file\/d\/1jDi6rmLFb4QLz9IaFjEvPNmTcsFq4f6s\/view?usp=sharing\" data-wahfont=\"14\">Lineamientos Clasificaci\u00f3n Desclacificaci\u00f3n<\/a><\/p>\n","protected":false},"excerpt":{"rendered":"<p>El marco normativo aplicable al sujeto obligado, en el que deber\u00e1 incluirse leyes, c\u00f3digos, reglamentos, decretos de creaci\u00f3n, manuales administrativos, reglas de [&hellip;]<\/p>\n","protected":false},"author":1,"featured_media":0,"parent":0,"menu_order":0,"comment_status":"closed","ping_status":"closed","template":"","meta":{"footnotes":""},"class_list":["post-3918","page","type-page","status-publish","hentry"],"_links":{"self":[{"href":"https:\/\/ptveracruz.mx\/index.php?rest_route=\/wp\/v2\/pages\/3918","targetHints":{"allow":["GET"]}}],"collection":[{"href":"https:\/\/ptveracruz.mx\/index.php?rest_route=\/wp\/v2\/pages"}],"about":[{"href":"https:\/\/ptveracruz.mx\/index.php?rest_route=\/wp\/v2\/types\/page"}],"author":[{"embeddable":true,"href":"https:\/\/ptveracruz.mx\/index.php?rest_route=\/wp\/v2\/users\/1"}],"replies":[{"embeddable":true,"href":"https:\/\/ptveracruz.mx\/index.php?rest_route=%2Fwp%2Fv2%2Fcomments&post=3918"}],"version-history":[{"count":5,"href":"https:\/\/ptveracruz.mx\/index.php?rest_route=\/wp\/v2\/pages\/3918\/revisions"}],"predecessor-version":[{"id":4557,"href":"https:\/\/ptveracruz.mx\/index.php?rest_route=\/wp\/v2\/pages\/3918\/revisions\/4557"}],"wp:attachment":[{"href":"https:\/\/ptveracruz.mx\/index.php?rest_route=%2Fwp%2Fv2%2Fmedia&parent=3918"}],"curies":[{"name":"wp","href":"https:\/\/api.w.org\/{rel}","templated":true}]}}