{"id":3912,"date":"2020-08-19T18:05:42","date_gmt":"2020-08-20T00:05:42","guid":{"rendered":"http:\/\/www.ptveracruz.org\/?page_id=3912"},"modified":"2023-08-04T17:37:23","modified_gmt":"2023-08-04T23:37:23","slug":"articulo-21-3","status":"publish","type":"page","link":"https:\/\/ptveracruz.mx\/?page_id=3912","title":{"rendered":"Art\u00edculo 21 2020"},"content":{"rendered":"<p><strong>Fracci\u00f3n I.<\/strong> <a href=\"http:\/\/www.ptveracruz.mx\/?page_id=4082\">Padr\u00f3n de afiliados<\/a> <strong>(En cumplimiento al Acuerdo INE\/CG-33\/2019 del Consejo General del Instituto Nacional Electoral de fecha 23 de enero de 2019, que el Padr\u00f3n de Afiliado del Partido del Trabajo se encuentra &#8220;EN REVISI\u00d3N Y ACTUALIZACI\u00d3N&#8221;)<\/strong><\/p>\n<p><strong>Fracci\u00f3n II.<\/strong> <a href=\"http:\/\/www.ptveracruz.mx\/?page_id=4085\">Acuerdos y resoluciones de \u00f3rganos de direcci\u00f3n<\/a><\/p>\n<p><strong>Fracci\u00f3n III.<\/strong><a href=\"http:\/\/www.ptveracruz.mx\/?page_id=4087\"> Convenios de participaci\u00f3n entre partido y organizaciones de sociedad civil<\/a><\/p>\n<p><strong>Fracci\u00f3n IV.<\/strong><a href=\"http:\/\/www.ptveracruz.mx\/?page_id=4090\"> Contratos \u00a0y convenios para adquisici\u00f3n o arrendamiento de bienes y servicios<\/a><\/p>\n<p><strong>Fracci\u00f3n V.<\/strong> <a href=\"http:\/\/www.ptveracruz.mx\/?page_id=4093\">Minutas de sesiones PT<\/a><\/p>\n<p><strong>Fracci\u00f3n VI.<\/strong> <a href=\"http:\/\/www.ptveracruz.mx\/?page_id=4095\">Responsables de \u00f3rganos internos de finanzas del partido.<\/a><\/p>\n<p><strong>Fracci\u00f3n VII.<\/strong> <a href=\"http:\/\/www.ptveracruz.mx\/?page_id=4097\">Organizaciones sociales adherentes o similares<\/a><\/p>\n<p><strong>Fracci\u00f3n VIII.<\/strong> <a href=\"http:\/\/www.ptveracruz.mx\/?page_id=4100\">Los montos de las cuotas ordinarias y extraordinarias aportadas por militantes<\/a><\/p>\n<p><strong>Fracci\u00f3n IX.<\/strong> <a href=\"http:\/\/www.ptveracruz.mx\/?page_id=4103\">Montos autorizados de financiamiento privado. Relacion de aportantes y montos.<\/a><\/p>\n<p><strong>Fracci\u00f3n X.\u00a0<\/strong><a href=\"http:\/\/www.ptveracruz.mx\/?page_id=4105\">Listado de aportantes a las pre campa\u00f1as y campa\u00f1as.<\/a><\/p>\n<p><strong>Fracci\u00f3n XI.<\/strong><a href=\"http:\/\/www.ptveracruz.mx\/?page_id=4107\"> Acta de asamblea constitutiva<\/a><\/p>\n<p><strong>Fracci\u00f3n XII.<\/strong> <a href=\"http:\/\/www.ptveracruz.mx\/?page_id=4110\">Demarcaciones electorales en las que se participa<\/a><\/p>\n<p><strong>Fracci\u00f3n XIII.<\/strong> <a href=\"http:\/\/www.ptveracruz.mx\/?page_id=4113\">Los tiempos que corresponden en canales de radio y televisi\u00f3n<\/a><\/p>\n<p><strong>Fracci\u00f3n XIV.<\/strong> <a href=\"http:\/\/www.ptveracruz.mx\/?page_id=4115\">Documentos b\u00e1sicos, plataformas electorales y programas de gobierno y los mecanismos de designaci\u00f3n de \u00f3rganos de direcci\u00f3n en respectivos \u00e1mbitos<\/a><\/p>\n<p><strong>Fracci\u00f3n XV.<\/strong> <a href=\"http:\/\/www.ptveracruz.mx\/?page_id=4117\">Directorio de \u00f3rganos de direcci\u00f3n nacionales, estatales, municipales y distritales<\/a><\/p>\n<p><strong>Fracci\u00f3n XVI.<\/strong><a href=\"http:\/\/www.ptveracruz.mx\/?page_id=4120\"> Tabulador de remuneraciones de integrantes y estructura org\u00e1nica.<\/a><\/p>\n<p><strong>Fracci\u00f3n XVII.<\/strong> <a href=\"http:\/\/www.ptveracruz.mx\/?page_id=4122\">Curr\u00edculo de precandidatos y candidatos de proceso electoral.<\/a><\/p>\n<p><strong>Fracci\u00f3n XVIII.<\/strong> <a href=\"http:\/\/www.ptveracruz.mx\/?page_id=4126\">Curr\u00edculo de dirigentes a nivel estatal y municipal.<\/a><\/p>\n<p><strong>Fracci\u00f3n XIX.<\/strong> <a href=\"http:\/\/www.ptveracruz.mx\/?page_id=4128\">Convenios de frente, coalici\u00f3n o fusi\u00f3n de participaci\u00f3n electoral.<\/a><\/p>\n<p><strong>Fracci\u00f3n XX.<\/strong> <a href=\"http:\/\/www.ptveracruz.mx\/?page_id=4132\">Convocatorias para elecci\u00f3n de dirigentes o postulaci\u00f3n de candidatos y registro correspondiente<\/a><\/p>\n<p><strong>Fracci\u00f3n XXI.<\/strong> <a href=\"http:\/\/www.ptveracruz.mx\/?page_id=4135\">Responsables de procesos internos de evaluaci\u00f3n y selecci\u00f3n de candidatos a cargos<\/a><\/p>\n<p><strong>Fracci\u00f3n XXII.<\/strong> <a href=\"http:\/\/www.ptveracruz.org\/?page_id=4138\">Informes sobre gasto de financiamiento p\u00fablico ordinario ( Sectorial de mujeres)<\/a><\/p>\n<p><strong>Fracci\u00f3n XXIII.<\/strong> <a href=\"http:\/\/www.ptveracruz.mx\/?page_id=4141\">Resoluciones dictadas por \u00f3rganos de control<\/a><\/p>\n<p><strong>Fracci\u00f3n XXIV.<\/strong> <a href=\"http:\/\/www.ptveracruz.mx\/?page_id=4143\">Montos de financiamiento p\u00fablico otorgados mensualmente al partido en Veracruz.<\/a><\/p>\n<p><strong>Fracci\u00f3n XXV.<\/strong> <a href=\"http:\/\/www.ptveracruz.mx\/?page_id=4146\">Estado de situaci\u00f3n financiera y patrimonial; Inventario de los bienes inmuebles.<\/a><\/p>\n<p><strong>Fracci\u00f3n XXVI.<\/strong> <a href=\"http:\/\/www.ptveracruz.mx\/?page_id=4149\">Resoluciones emitidas de \u00f3rganos disciplinarios de cualquier nivel.<\/a><\/p>\n<p><strong>Fracci\u00f3n XXVII.<\/strong> <a href=\"http:\/\/www.ptveracruz.mx?page_id=4151\" data-wplink-url-error=\"true\">Nombres de representantes ante autoridad electoral.<\/a><\/p>\n<p><strong>Fracci\u00f3n XXVIII.<\/strong> <a href=\"http:\/\/www.ptveracruz.mx\/?page_id=4153\">Mecanismos de control y supervisi\u00f3n aplicados a los procesos internos de la selecci\u00f3n de candidatos.<\/a><\/p>\n<p><strong>Fracci\u00f3n XXIX.<\/strong><a href=\"http:\/\/www.ptveracruz.mx\/?page_id=4155\"> Listado de fundaciones, asociaciones, centros o institutos de capacitaci\u00f3n o cualquier otro que reciben apoyo del partido.<\/a><\/p>\n<p><strong>Fracci\u00f3n XXX.<\/strong> <a href=\"http:\/\/www.ptveracruz.mx\/?page_id=4159\">Resoluciones que dicta la autoridad electoral competente respecto a informes de ingresos y gastos.<\/a><\/p>\n<p><strong>Fracci\u00f3n XXXI.<\/strong> <a href=\"http:\/\/www.ptveracruz.mx\/?page_id=4162\">Informes con motivos de obligaciones legales<\/a><\/p>\n<p><strong>Fracci\u00f3n XXXII.<\/strong> <a href=\"http:\/\/www.ptveracruz.mx\/?page_id=4164\">Informes anuales de campa\u00f1a<\/a><\/p>\n<div class=\"entry-content\">\u00a0<strong>Fracci\u00f3n XXXIII. <\/strong><a href=\"http:\/\/www.ptveracruz.mx\/?page_id=4166\">Gastos de campa\u00f1a<\/a><\/div>\n","protected":false},"excerpt":{"rendered":"<p>Fracci\u00f3n I. Padr\u00f3n de afiliados (En cumplimiento al Acuerdo INE\/CG-33\/2019 del Consejo General del Instituto Nacional Electoral de fecha 23 de enero [&hellip;]<\/p>\n","protected":false},"author":1,"featured_media":0,"parent":0,"menu_order":0,"comment_status":"closed","ping_status":"closed","template":"","meta":{"footnotes":""},"class_list":["post-3912","page","type-page","status-publish","hentry"],"_links":{"self":[{"href":"https:\/\/ptveracruz.mx\/index.php?rest_route=\/wp\/v2\/pages\/3912","targetHints":{"allow":["GET"]}}],"collection":[{"href":"https:\/\/ptveracruz.mx\/index.php?rest_route=\/wp\/v2\/pages"}],"about":[{"href":"https:\/\/ptveracruz.mx\/index.php?rest_route=\/wp\/v2\/types\/page"}],"author":[{"embeddable":true,"href":"https:\/\/ptveracruz.mx\/index.php?rest_route=\/wp\/v2\/users\/1"}],"replies":[{"embeddable":true,"href":"https:\/\/ptveracruz.mx\/index.php?rest_route=%2Fwp%2Fv2%2Fcomments&post=3912"}],"version-history":[{"count":36,"href":"https:\/\/ptveracruz.mx\/index.php?rest_route=\/wp\/v2\/pages\/3912\/revisions"}],"predecessor-version":[{"id":5360,"href":"https:\/\/ptveracruz.mx\/index.php?rest_route=\/wp\/v2\/pages\/3912\/revisions\/5360"}],"wp:attachment":[{"href":"https:\/\/ptveracruz.mx\/index.php?rest_route=%2Fwp%2Fv2%2Fmedia&parent=3912"}],"curies":[{"name":"wp","href":"https:\/\/api.w.org\/{rel}","templated":true}]}}