{"id":3890,"date":"2020-08-19T17:44:37","date_gmt":"2020-08-19T23:44:37","guid":{"rendered":"http:\/\/www.ptveracruz.org\/?page_id=3890"},"modified":"2023-03-29T18:39:37","modified_gmt":"2023-03-30T00:39:37","slug":"transparencia-periodo-2020","status":"publish","type":"page","link":"https:\/\/ptveracruz.mx\/?page_id=3890","title":{"rendered":"Transparencia periodo 2020"},"content":{"rendered":"\n<p class=\"has-text-align-center\"><span style=\"color: #000000;\"><strong>En cumplimiento al Acuerdo INE\/CG-33\/2019<\/strong>&nbsp;del Consejo General del Instituto Nacional Electoral emitido el 23 de enero de 2019, el&nbsp;<strong>Padr\u00f3n de Afiliados del Partido del Trabajo<\/strong>&nbsp;se encuentra en la<strong>&nbsp;etapa de confirmaci\u00f3n y en su caso, ratificaci\u00f3n de la voluntad de la militancia.<\/strong><\/span><\/p>\n\n\n\n<p class=\"has-text-align-center\">El Padr\u00f3n de Afiliados que debe publicar el Partido del Trabajo durante el periodo de vigencia del Acuerdo INE\/CG-33\/2019, del 01 de febrero de 2019 al 31 de enero de 2020, es el que se alberga en el portal electr\u00f3nico del INE<br>\n<em>https:\/\/www.ine.mx\/actores-politicos\/partidos-politicos-nacionales\/padron-afiliados\/<\/em><\/p>\n\n\n\n<p class=\"has-text-align-center\"><strong>En Acatamiento al Acuerdo INE\/CG33\/2019<\/strong>, se publican las listas de Afiliaciones del Padr\u00f3n del Partido del Trabajo, verificadas y validadas por el INE:<\/p>\n\n\n\n<p class=\"has-text-align-center\">V\u00e1lidos&nbsp;(<a href=\"https:\/\/drive.google.com\/file\/d\/1-_KZaQgdENvzxDFRbkZRZKPqSe8GmdZ0\/view?usp=sharing\">descargar tabla<\/a>)<\/p>\n\n\n\n<p class=\"has-text-align-center\"><span style=\"color: #ff0000;\"><strong>Atte.<\/strong><\/span><\/p>\n\n\n\n<p class=\"has-text-align-center\"><span style=\"color: #ff0000;\"><strong>La Comisi\u00f3n Ejecutiva Estatal<\/strong><\/span><\/p>\n\n\n\n<p class=\"has-text-align-center\"><strong><span style=\"color: #000000;\">Ley 875 de transparencia y acceso a la informaci\u00f3n p\u00fablica en el Estado de Veracruz<\/span><\/strong><\/p>\n\n\n\n<figure class=\"wp-block-table\"><table><tbody><tr><td><a href=\"https:\/\/ptveracruz.mx\/?page_id=3909\"><img loading=\"lazy\" decoding=\"async\" width=\"150\" height=\"145\" class=\"wp-image-2758\" style=\"width: 150px;\" src=\"https:\/\/ptveracruz.mx\/wp-content\/uploads\/2014\/02\/articulo-15-1.jpg\" alt=\"\"><\/a><\/td><td><a href=\"https:\/\/ptveracruz.mx\/?page_id=3912\"><img loading=\"lazy\" decoding=\"async\" width=\"150\" height=\"145\" class=\"wp-image-2759\" style=\"width: 150px;\" src=\"https:\/\/ptveracruz.mx\/wp-content\/uploads\/2023\/03\/articulo-21.jpg\" alt=\"\"><\/a><\/td><\/tr><\/tbody><\/table><\/figure>\n\n\n\n<p><strong>Ley General de transparencia y acceso a la informaci\u00f3n p\u00fablica<\/strong><\/p>\n\n\n\n<p>Los art\u00edculos 70 y 76&nbsp;se homologan a la Ley General de Transparencia y Acceso a la Informaci\u00f3n P\u00fablica<\/p>\n\n\n<div class=\"wp-block-image\">\n<figure class=\"aligncenter\"><a href=\"https:\/\/consultapublicamx.inai.org.mx\/vut-web\/?idSujetoObigadoParametro=11522&amp;idEntidadParametro=30&amp;idSectorParametro=28\"><img decoding=\"async\" src=\"http:\/\/www.ptveracruz.org\/wp-content\/uploads\/2018\/09\/trasnparencia.jpg\" alt=\"\" class=\"wp-image-3335\"\/><\/a><\/figure>\n<\/div>\n\n\n<p><a href=\"http:\/\/www.ptveracruz.org\/wp-content\/uploads\/2014\/02\/SOLICITUD-DE-ACCESO-A-LA-INFORMACI\u00d3N.pdf\">Descarga aqu\u00ed el formato para solicitud de acceso a la informaci\u00f3n p\u00fablica<\/a><\/p>\n\n\n\n<p><a href=\"http:\/\/www.ptveracruz.org\/?page_id=1917\">Protecci\u00f3n sobre datos personales y privacidad<\/a><\/p>\n\n\n\n<p><\/p>\n","protected":false},"excerpt":{"rendered":"<p>En cumplimiento al Acuerdo INE\/CG-33\/2019&nbsp;del Consejo General del Instituto Nacional Electoral emitido el 23 de enero de 2019, el&nbsp;Padr\u00f3n de Afiliados del [&hellip;]<\/p>\n","protected":false},"author":1,"featured_media":0,"parent":0,"menu_order":0,"comment_status":"closed","ping_status":"closed","template":"","meta":{"footnotes":""},"class_list":["post-3890","page","type-page","status-publish","hentry"],"_links":{"self":[{"href":"https:\/\/ptveracruz.mx\/index.php?rest_route=\/wp\/v2\/pages\/3890","targetHints":{"allow":["GET"]}}],"collection":[{"href":"https:\/\/ptveracruz.mx\/index.php?rest_route=\/wp\/v2\/pages"}],"about":[{"href":"https:\/\/ptveracruz.mx\/index.php?rest_route=\/wp\/v2\/types\/page"}],"author":[{"embeddable":true,"href":"https:\/\/ptveracruz.mx\/index.php?rest_route=\/wp\/v2\/users\/1"}],"replies":[{"embeddable":true,"href":"https:\/\/ptveracruz.mx\/index.php?rest_route=%2Fwp%2Fv2%2Fcomments&post=3890"}],"version-history":[{"count":26,"href":"https:\/\/ptveracruz.mx\/index.php?rest_route=\/wp\/v2\/pages\/3890\/revisions"}],"predecessor-version":[{"id":5329,"href":"https:\/\/ptveracruz.mx\/index.php?rest_route=\/wp\/v2\/pages\/3890\/revisions\/5329"}],"wp:attachment":[{"href":"https:\/\/ptveracruz.mx\/index.php?rest_route=%2Fwp%2Fv2%2Fmedia&parent=3890"}],"curies":[{"name":"wp","href":"https:\/\/api.w.org\/{rel}","templated":true}]}}