{"id":3879,"date":"2020-08-19T17:36:47","date_gmt":"2020-08-19T23:36:47","guid":{"rendered":"http:\/\/www.ptveracruz.org\/?page_id=3879"},"modified":"2020-08-19T18:15:16","modified_gmt":"2020-08-20T00:15:16","slug":"transparencia-periodo-2015-2017","status":"publish","type":"page","link":"https:\/\/ptveracruz.mx\/?page_id=3879","title":{"rendered":"Transparencia periodo 2015-2017"},"content":{"rendered":"<blockquote>\n<h6>Ley 875 de transparencia y acceso a la informaci\u00f3n p\u00fablica en el Estado de Veracruz<\/h6>\n<\/blockquote>\n<p>&nbsp;<\/p>\n<p><a href=\"https:\/\/consultapublicamx.inai.org.mx\/vut-web\/?idSujetoObigadoParametro=11522&amp;idEntidadParametro=30&amp;idSectorParametro=28\"><img loading=\"lazy\" decoding=\"async\" class=\"wp-image-3335 size-full aligncenter\" src=\"http:\/\/www.ptveracruz.org\/wp-content\/uploads\/2018\/09\/trasnparencia.jpg\" alt=\"\" width=\"338\" height=\"153\" \/><\/a><\/p>\n<p>&nbsp;<\/p>\n<p><a href=\"http:\/\/www.ptveracruz.org\/?page_id=3898\"><img loading=\"lazy\" decoding=\"async\" class=\"wp-image-2758 aligncenter\" src=\"http:\/\/www.ptveracruz.org\/wp-content\/uploads\/2014\/02\/articulo-15-1.jpg\" alt=\"\" width=\"100\" height=\"96\" \/><\/a><\/p>\n<p><a href=\"http:\/\/www.ptveracruz.org\/?page_id=3902\"><img loading=\"lazy\" decoding=\"async\" class=\"wp-image-2759 aligncenter\" src=\"http:\/\/www.ptveracruz.org\/wp-content\/uploads\/2023\/03\/articulo-21.jpg\" alt=\"\" width=\"99\" height=\"95\" \/><\/a><\/p>\n<p>&nbsp;<\/p>\n<blockquote>\n<h6>Ley General de transparencia y acceso a la informaci\u00f3n p\u00fablica<\/h6>\n<\/blockquote>\n<p>&nbsp;<\/p>\n<p><a href=\"http:\/\/www.ptveracruz.org\/?page_id=1689\" target=\"_blank\" rel=\"noopener\"><img loading=\"lazy\" decoding=\"async\" class=\"wp-image-2760 aligncenter\" src=\"http:\/\/www.ptveracruz.org\/wp-content\/uploads\/2014\/02\/articulo-70-1.jpg\" alt=\"\" width=\"99\" height=\"95\" \/><\/a><\/p>\n<p><a href=\"http:\/\/www.ptveracruz.org\/?page_id=1678\" target=\"_blank\" rel=\"noopener\"><img loading=\"lazy\" decoding=\"async\" class=\"wp-image-2761 aligncenter\" src=\"http:\/\/www.ptveracruz.org\/wp-content\/uploads\/2014\/02\/articulo-76-1.jpg\" alt=\"\" width=\"100\" height=\"96\" \/><\/a><\/p>\n<p>&nbsp;<\/p>\n<h4><\/h4>\n<p>&nbsp;<\/p>\n<p>&nbsp;<\/p>\n<p>&nbsp;<\/p>\n<blockquote><p><a href=\"http:\/\/www.ptveracruz.org\/wp-content\/uploads\/2014\/02\/SOLICITUD-DE-ACCESO-A-LA-INFORMACI\u00d3N.pdf\">Descarga aqu\u00ed el formato para solicitud de acceso a la informaci\u00f3n p\u00fablica<\/a><\/p>\n<p>&nbsp;<\/p>\n<p><a href=\"http:\/\/www.ptveracruz.org\/?page_id=1917\">Protecci\u00f3n sobre datos personales y privacidad<\/a><\/p><\/blockquote>\n<p>&nbsp;<\/p>\n","protected":false},"excerpt":{"rendered":"<p>Ley 875 de transparencia y acceso a la informaci\u00f3n p\u00fablica en el Estado de Veracruz &nbsp; &nbsp; &nbsp; Ley General de transparencia [&hellip;]<\/p>\n","protected":false},"author":1,"featured_media":0,"parent":0,"menu_order":0,"comment_status":"closed","ping_status":"closed","template":"","meta":{"footnotes":""},"class_list":["post-3879","page","type-page","status-publish","hentry"],"_links":{"self":[{"href":"https:\/\/ptveracruz.mx\/index.php?rest_route=\/wp\/v2\/pages\/3879","targetHints":{"allow":["GET"]}}],"collection":[{"href":"https:\/\/ptveracruz.mx\/index.php?rest_route=\/wp\/v2\/pages"}],"about":[{"href":"https:\/\/ptveracruz.mx\/index.php?rest_route=\/wp\/v2\/types\/page"}],"author":[{"embeddable":true,"href":"https:\/\/ptveracruz.mx\/index.php?rest_route=\/wp\/v2\/users\/1"}],"replies":[{"embeddable":true,"href":"https:\/\/ptveracruz.mx\/index.php?rest_route=%2Fwp%2Fv2%2Fcomments&post=3879"}],"version-history":[{"count":6,"href":"https:\/\/ptveracruz.mx\/index.php?rest_route=\/wp\/v2\/pages\/3879\/revisions"}],"predecessor-version":[{"id":3916,"href":"https:\/\/ptveracruz.mx\/index.php?rest_route=\/wp\/v2\/pages\/3879\/revisions\/3916"}],"wp:attachment":[{"href":"https:\/\/ptveracruz.mx\/index.php?rest_route=%2Fwp%2Fv2%2Fmedia&parent=3879"}],"curies":[{"name":"wp","href":"https:\/\/api.w.org\/{rel}","templated":true}]}}