{"id":31,"date":"2014-02-17T21:23:02","date_gmt":"2014-02-17T21:23:02","guid":{"rendered":"http:\/\/www.ptveracruz.org\/?page_id=31"},"modified":"2014-07-03T17:28:56","modified_gmt":"2014-07-03T23:28:56","slug":"historia","status":"publish","type":"page","link":"https:\/\/ptveracruz.mx\/?page_id=31","title":{"rendered":"Historia"},"content":{"rendered":"<div id=\"menunav\" style=\"color: #000000;\">\n<p><span style=\"text-decoration: underline;\">\u00a0<\/span><\/p>\n<\/div>\n<div id=\"balazonota\" style=\"color: #666666;\">\n<p style=\"text-align: right;\">Ante la necesidad de crear una nueva alternativa pol\u00edtica que respondiera a los intereses de la mayor\u00eda de los ciudadanos y ciudadanas, se inicia la construcci\u00f3n del Partido del Trabajo.<\/p>\n<div id=\"referencianota\">\n<div id=\"referencnota\" style=\"color: #ffffff;\">\n<p>Unidad Nacional<\/p>\n<p>\u00a1Todo el Poder al Pueblo!<\/p>\n<\/div>\n<\/div>\n<\/div>\n<div id=\"imagenota\" style=\"color: #000000;\"><img decoding=\"async\" src=\"http:\/\/www.partidodeltrabajo.org.mx\/2011\/imgpt\/historia.png\" alt=\"\" \/><\/div>\n<div id=\"ejemplonota\" style=\"color: #000000;\">A partir de la coordinaci\u00f3n de varias organizaciones sociales como: Comit\u00e9s de Defensa Popular de Chihuahua y Durango; Frente Popular de Lucha de Zacatecas; Frente Popular &#8220;Tierra y Libertad&#8221; de Monterrey, as\u00ed como personas procedentes de la Uni\u00f3n Nacional de Trabajadores Agr\u00edcolas (UNTA); la Coordinadora Nacional &#8220;Plan de Ayala&#8221; y del movimiento magisterial independiente.As\u00ed el 8 de diciembre de 1990, en el Auditorio del &#8220;Plan Sexenal&#8221; de la ciudad de M\u00e9xico, se funda el Partido del Trabajo, y de inmediato participa en las elecciones de 1991, en donde obtuvo 270 mil votos, cantidad que no representaba el 1.5 por ciento que fija la ley para conservar el registro.<\/p>\n<p>Ante ello, de inmediato se inici\u00f3 una campa\u00f1a para realizar una serie de asambleas en por lo menos 20 Estados, con el objetivo de recuperar el registro, y esto se logro el 13 de enero de 1992, cuando por resoluci\u00f3n del Instituto Federal Electoral otorg\u00f3 el registro definitivo. Ello permiti\u00f3 que el Partido del Trabajo participara en las elecciones presidenciales realizadas en agosto de 1994, postulando como candidata a Cecilia Soto, donde obtuvo una votaci\u00f3n de casi un mill\u00f3n de sufragios emitidos en todo el pa\u00eds.<\/p>\n<p>Los resultados de las elecciones de 1994 fueron trascendentes en la historia del Partido del Trabajo, ya que lo convierte en la cuarta fuerza pol\u00edtica y logra espacios en algunos Congresos estatales y en la C\u00e1mara de Diputados.<\/p>\n<p>Espacios, que se han incrementado con el tiempo de manera considerable, pues mientras que en 1994 se logro un espacio en la C\u00e1mara de Diputados, en la actualidad la fracci\u00f3n Parlamentaria del PT la conforman 12 legisladores, asimismo cuenta con Fracci\u00f3n Parlamentaria en el Senado de la Rep\u00fablica, Diputados en la mayor parte de los Congresos Estatales, y gobierna en varios municipios, tambi\u00e9n esta presente en casi todos los Ayuntamientos de M\u00e9xico.<\/p>\n<p>En alianza con otros partidos ha logrado ganar la gubernatura en varias entidades, como: Tlaxcala, Baja California Sur, Nayarit, Chiapas y Yucat\u00e1n, entre otras.<\/p>\n<p>En la actualidad el PT, congruente con sus principios e ideolog\u00eda se integr\u00f3 al Frente Amplio Progresista, conformado por partidos que representan la izquierda en este pa\u00eds, como el Partido de la Revoluci\u00f3n Democr\u00e1tica, el Partido del Trabajo y Convergencia Democr\u00e1tica. Este movimiento democr\u00e1tico, es sin duda uno de los m\u00e1s importantes que se han registrado en el pa\u00eds en los \u00faltimos 20 a\u00f1os.<\/p>\n<\/div>\n","protected":false},"excerpt":{"rendered":"<p>\u00a0 Ante la necesidad de crear una nueva alternativa pol\u00edtica que respondiera a los intereses de la mayor\u00eda de los ciudadanos y [&hellip;]<\/p>\n","protected":false},"author":1,"featured_media":0,"parent":20,"menu_order":2,"comment_status":"closed","ping_status":"closed","template":"","meta":{"footnotes":""},"class_list":["post-31","page","type-page","status-publish","hentry"],"_links":{"self":[{"href":"https:\/\/ptveracruz.mx\/index.php?rest_route=\/wp\/v2\/pages\/31","targetHints":{"allow":["GET"]}}],"collection":[{"href":"https:\/\/ptveracruz.mx\/index.php?rest_route=\/wp\/v2\/pages"}],"about":[{"href":"https:\/\/ptveracruz.mx\/index.php?rest_route=\/wp\/v2\/types\/page"}],"author":[{"embeddable":true,"href":"https:\/\/ptveracruz.mx\/index.php?rest_route=\/wp\/v2\/users\/1"}],"replies":[{"embeddable":true,"href":"https:\/\/ptveracruz.mx\/index.php?rest_route=%2Fwp%2Fv2%2Fcomments&post=31"}],"version-history":[{"count":7,"href":"https:\/\/ptveracruz.mx\/index.php?rest_route=\/wp\/v2\/pages\/31\/revisions"}],"predecessor-version":[{"id":597,"href":"https:\/\/ptveracruz.mx\/index.php?rest_route=\/wp\/v2\/pages\/31\/revisions\/597"}],"up":[{"embeddable":true,"href":"https:\/\/ptveracruz.mx\/index.php?rest_route=\/wp\/v2\/pages\/20"}],"wp:attachment":[{"href":"https:\/\/ptveracruz.mx\/index.php?rest_route=%2Fwp%2Fv2%2Fmedia&parent=31"}],"curies":[{"name":"wp","href":"https:\/\/api.w.org\/{rel}","templated":true}]}}