{"id":2785,"date":"2018-01-04T17:16:29","date_gmt":"2018-01-04T23:16:29","guid":{"rendered":"http:\/\/www.ptveracruz.org\/?page_id=2785"},"modified":"2019-10-30T18:10:32","modified_gmt":"2019-10-31T00:10:32","slug":"gastos-de-representacion-y-viaticos","status":"publish","type":"page","link":"https:\/\/ptveracruz.mx\/?page_id=2785","title":{"rendered":"Gastos de representaci\u00f3n y vi\u00e1ticos"},"content":{"rendered":"<blockquote><p>2019<\/p><\/blockquote>\n<p><a href=\"https:\/\/drive.google.com\/file\/d\/13uSnmEqQSp4FFvaaeHSvxQz4BGuDZpWa\/view?usp=sharing\"><img loading=\"lazy\" decoding=\"async\" class=\"aligncenter size-full wp-image-3228\" src=\"http:\/\/www.ptveracruz.org\/wp-content\/uploads\/2017\/08\/descargar-visualizar.jpg\" alt=\"\" width=\"65\" height=\"64\" \/><\/a><\/p>\n<p><img loading=\"lazy\" decoding=\"async\" class=\"aligncenter size-full wp-image-2003\" src=\"http:\/\/www.ptveracruz.org\/wp-content\/uploads\/2017\/05\/responsable.jpg\" alt=\"\" width=\"64\" height=\"64\" \/><\/p>\n<p style=\"text-align: center;\">Finanzas y Administraci\u00f3n<\/p>\n<p><img loading=\"lazy\" decoding=\"async\" class=\"aligncenter size-full wp-image-2001\" src=\"http:\/\/www.ptveracruz.org\/wp-content\/uploads\/2017\/05\/fecha-de-actualizacion.jpg\" alt=\"\" width=\"64\" height=\"64\" \/><\/p>\n<p style=\"text-align: center;\">5\/10\/2019<\/p>\n<p style=\"text-align: center;\"><img loading=\"lazy\" decoding=\"async\" class=\"aligncenter size-full wp-image-2002\" src=\"http:\/\/www.ptveracruz.org\/wp-content\/uploads\/2017\/05\/fecha-de-actualizacion2.jpg\" alt=\"\" width=\"64\" height=\"64\" \/><\/p>\n<p style=\"text-align: center;\">3\/31\/2019<\/p>\n<p>&nbsp;<\/p>\n<blockquote><p>2018<\/p><\/blockquote>\n<h4 style=\"text-align: center;\">Gastos por conceptos de vi\u00e1ticos y representaci\u00f3n<\/h4>\n<p><img loading=\"lazy\" decoding=\"async\" class=\"aligncenter size-full wp-image-2004\" src=\"http:\/\/www.ptveracruz.org\/wp-content\/uploads\/2017\/05\/visualizar.jpg\" alt=\"\" width=\"64\" height=\"64\" \/><\/p>\n<p><a href=\"http:\/\/www.ptveracruz.org\/wp-content\/uploads\/2018\/01\/SUBIR-LTAIPVIL15IX.xlsx\"> <img loading=\"lazy\" decoding=\"async\" class=\"aligncenter size-full wp-image-2000\" src=\"http:\/\/www.ptveracruz.org\/wp-content\/uploads\/2017\/05\/descargar.jpg\" alt=\"\" width=\"64\" height=\"64\" \/><\/a><\/p>\n<p><img loading=\"lazy\" decoding=\"async\" class=\"aligncenter size-full wp-image-2003\" src=\"http:\/\/www.ptveracruz.org\/wp-content\/uploads\/2017\/05\/responsable.jpg\" alt=\"\" width=\"64\" height=\"64\" \/><\/p>\n<p style=\"text-align: center;\">Finanzas y Administraci\u00f3n<\/p>\n<p><img loading=\"lazy\" decoding=\"async\" class=\"aligncenter size-full wp-image-2001\" src=\"http:\/\/www.ptveracruz.org\/wp-content\/uploads\/2017\/05\/fecha-de-actualizacion.jpg\" alt=\"\" width=\"64\" height=\"64\" \/><\/p>\n<p style=\"text-align: center;\">05\/04\/2018<\/p>\n<p><img loading=\"lazy\" decoding=\"async\" class=\"aligncenter size-full wp-image-2002\" src=\"http:\/\/www.ptveracruz.org\/wp-content\/uploads\/2017\/05\/fecha-de-actualizacion2.jpg\" alt=\"\" width=\"64\" height=\"64\" \/><\/p>\n<p style=\"text-align: center;\">20\/03\/2018<\/p>\n<p>&nbsp;<\/p>\n<p>&nbsp;<\/p>\n<blockquote>\n<p style=\"text-align: center;\"><a href=\"http:\/\/www.ptveracruz.org\/wp-content\/uploads\/2018\/01\/Reporte-Contable-2016.pdf\">Reporte Contable 2016<\/a><\/p>\n<p style=\"text-align: center;\"><a href=\"http:\/\/www.ptveracruz.org\/wp-content\/uploads\/2018\/01\/Reporte-Contable-2017.pdf\">Reporte Contable 2017<\/a><\/p>\n<p style=\"text-align: center;\"><a href=\"http:\/\/www.ptveracruz.org\/wp-content\/uploads\/2018\/01\/IX-reporte-de-vi\u00e1ticos-1-trimestre-2018.pdf\">IX reporte de vi\u00e1ticos 1 trimestre 2018<\/a><\/p>\n<\/blockquote>\n","protected":false},"excerpt":{"rendered":"<p>2019 Finanzas y Administraci\u00f3n 5\/10\/2019 3\/31\/2019 &nbsp; 2018 Gastos por conceptos de vi\u00e1ticos y representaci\u00f3n Finanzas y Administraci\u00f3n 05\/04\/2018 20\/03\/2018 &nbsp; &nbsp; [&hellip;]<\/p>\n","protected":false},"author":1,"featured_media":0,"parent":0,"menu_order":0,"comment_status":"closed","ping_status":"closed","template":"","meta":{"footnotes":""},"class_list":["post-2785","page","type-page","status-publish","hentry"],"_links":{"self":[{"href":"https:\/\/ptveracruz.mx\/index.php?rest_route=\/wp\/v2\/pages\/2785","targetHints":{"allow":["GET"]}}],"collection":[{"href":"https:\/\/ptveracruz.mx\/index.php?rest_route=\/wp\/v2\/pages"}],"about":[{"href":"https:\/\/ptveracruz.mx\/index.php?rest_route=\/wp\/v2\/types\/page"}],"author":[{"embeddable":true,"href":"https:\/\/ptveracruz.mx\/index.php?rest_route=\/wp\/v2\/users\/1"}],"replies":[{"embeddable":true,"href":"https:\/\/ptveracruz.mx\/index.php?rest_route=%2Fwp%2Fv2%2Fcomments&post=2785"}],"version-history":[{"count":9,"href":"https:\/\/ptveracruz.mx\/index.php?rest_route=\/wp\/v2\/pages\/2785\/revisions"}],"predecessor-version":[{"id":3794,"href":"https:\/\/ptveracruz.mx\/index.php?rest_route=\/wp\/v2\/pages\/2785\/revisions\/3794"}],"wp:attachment":[{"href":"https:\/\/ptveracruz.mx\/index.php?rest_route=%2Fwp%2Fv2%2Fmedia&parent=2785"}],"curies":[{"name":"wp","href":"https:\/\/api.w.org\/{rel}","templated":true}]}}