{"id":2212,"date":"2017-08-10T13:22:46","date_gmt":"2017-08-10T19:22:46","guid":{"rendered":"http:\/\/www.ptveracruz.org\/?page_id=2212"},"modified":"2019-01-29T15:39:58","modified_gmt":"2019-01-29T21:39:58","slug":"listado-de-jubilados-y-pensionados","status":"publish","type":"page","link":"https:\/\/ptveracruz.mx\/?page_id=2212","title":{"rendered":"Listado de jubilados y pensionados"},"content":{"rendered":"<blockquote>\n<p style=\"text-align: center;\">No Aplica. Corresponde a una atribuci\u00f3n del Instituto de Pensiones del Estado de acuerdo al art\u00edculo 75 fracii\u00f3n IV de la Ley de Pensiones del Estado de Veracruz de Ignacio de la Llave<\/p>\n<\/blockquote>\n<p style=\"text-align: center;\">Lista de Jubilados y Pensionados<\/p>\n<p><a href=\"http:\/\/www.ptveracruz.org\/wp-content\/uploads\/2017\/08\/42A-Formato-Listado-de-jubilados-y-pensionados-1.xls\"><img loading=\"lazy\" decoding=\"async\" class=\"aligncenter size-full wp-image-2000\" src=\"http:\/\/www.ptveracruz.org\/wp-content\/uploads\/2017\/05\/descargar.jpg\" alt=\"\" width=\"64\" height=\"64\" \/><\/a><\/p>\n<p><img loading=\"lazy\" decoding=\"async\" class=\"aligncenter size-full wp-image-2003\" src=\"http:\/\/www.ptveracruz.org\/wp-content\/uploads\/2017\/05\/responsable.jpg\" alt=\"\" width=\"64\" height=\"64\" \/><\/p>\n<p style=\"text-align: center;\">Comisi\u00f3n Ejecutiva Estatal<\/p>\n<p><img loading=\"lazy\" decoding=\"async\" class=\"aligncenter size-full wp-image-2002\" src=\"http:\/\/www.ptveracruz.org\/wp-content\/uploads\/2017\/05\/fecha-de-actualizacion2.jpg\" alt=\"\" width=\"64\" height=\"64\" \/><\/p>\n<p style=\"text-align: center;\">31\/12\/2018<\/p>\n<p><img loading=\"lazy\" decoding=\"async\" class=\"aligncenter size-full wp-image-2001\" src=\"http:\/\/www.ptveracruz.org\/wp-content\/uploads\/2017\/05\/fecha-de-actualizacion.jpg\" alt=\"\" width=\"64\" height=\"64\" \/><\/p>\n<p style=\"text-align: center;\">15\/12\/2018<\/p>\n<p style=\"text-align: center;\">Lista de Jubilados y Pensionados m\u00e1s monto que reciben<\/p>\n<p><a href=\"http:\/\/www.ptveracruz.org\/wp-content\/uploads\/2017\/08\/42B-Formato-Listado-de-jubilados-y-pensionados-y-el-monto-que-reciben.xls\"><img loading=\"lazy\" decoding=\"async\" class=\"aligncenter size-full wp-image-2000\" src=\"http:\/\/www.ptveracruz.org\/wp-content\/uploads\/2017\/05\/descargar.jpg\" alt=\"\" width=\"64\" height=\"64\" \/><\/a><\/p>\n<p><img loading=\"lazy\" decoding=\"async\" class=\"size-full wp-image-2003 aligncenter\" src=\"http:\/\/www.ptveracruz.org\/wp-content\/uploads\/2017\/05\/responsable.jpg\" alt=\"\" width=\"64\" height=\"64\" \/><\/p>\n<p style=\"text-align: center;\">Comisi\u00f3n Ejecutiva Estatal<img loading=\"lazy\" decoding=\"async\" class=\"aligncenter size-full wp-image-2002\" src=\"http:\/\/www.ptveracruz.org\/wp-content\/uploads\/2017\/05\/fecha-de-actualizacion2.jpg\" alt=\"\" width=\"64\" height=\"64\" \/><\/p>\n<p style=\"text-align: center;\">31\/12\/2018<\/p>\n<p style=\"text-align: center;\"><img loading=\"lazy\" decoding=\"async\" class=\"aligncenter size-full wp-image-2001\" src=\"http:\/\/www.ptveracruz.org\/wp-content\/uploads\/2017\/05\/fecha-de-actualizacion.jpg\" alt=\"\" width=\"64\" height=\"64\" \/><\/p>\n<p style=\"text-align: center;\">15\/12\/2018<\/p>\n<p>&nbsp;<\/p>\n","protected":false},"excerpt":{"rendered":"<p>No Aplica. Corresponde a una atribuci\u00f3n del Instituto de Pensiones del Estado de acuerdo al art\u00edculo 75 fracii\u00f3n IV de la Ley [&hellip;]<\/p>\n","protected":false},"author":1,"featured_media":0,"parent":0,"menu_order":0,"comment_status":"closed","ping_status":"closed","template":"","meta":{"footnotes":""},"class_list":["post-2212","page","type-page","status-publish","hentry"],"_links":{"self":[{"href":"https:\/\/ptveracruz.mx\/index.php?rest_route=\/wp\/v2\/pages\/2212","targetHints":{"allow":["GET"]}}],"collection":[{"href":"https:\/\/ptveracruz.mx\/index.php?rest_route=\/wp\/v2\/pages"}],"about":[{"href":"https:\/\/ptveracruz.mx\/index.php?rest_route=\/wp\/v2\/types\/page"}],"author":[{"embeddable":true,"href":"https:\/\/ptveracruz.mx\/index.php?rest_route=\/wp\/v2\/users\/1"}],"replies":[{"embeddable":true,"href":"https:\/\/ptveracruz.mx\/index.php?rest_route=%2Fwp%2Fv2%2Fcomments&post=2212"}],"version-history":[{"count":6,"href":"https:\/\/ptveracruz.mx\/index.php?rest_route=\/wp\/v2\/pages\/2212\/revisions"}],"predecessor-version":[{"id":3453,"href":"https:\/\/ptveracruz.mx\/index.php?rest_route=\/wp\/v2\/pages\/2212\/revisions\/3453"}],"wp:attachment":[{"href":"https:\/\/ptveracruz.mx\/index.php?rest_route=%2Fwp%2Fv2%2Fmedia&parent=2212"}],"curies":[{"name":"wp","href":"https:\/\/api.w.org\/{rel}","templated":true}]}}