{"id":2208,"date":"2017-08-10T13:20:19","date_gmt":"2017-08-10T19:20:19","guid":{"rendered":"http:\/\/www.ptveracruz.org\/?page_id=2208"},"modified":"2019-01-28T17:30:50","modified_gmt":"2019-01-28T23:30:50","slug":"conseciones-contratosconvenios-permisos-licencias-o-autorizaciones-otorgadas","status":"publish","type":"page","link":"https:\/\/ptveracruz.mx\/?page_id=2208","title":{"rendered":"Concesiones, contratos,convenios, permisos, licencias o autorizaciones otorgadas"},"content":{"rendered":"<blockquote>\n<p style=\"text-align: center;\">No Aplica\/ Sobre los resultados de<br \/>\nprocedimientos de adjudicaci\u00f3n directa<br \/>\nexiste un \u00e1rea en los organismos p\u00fablicos<br \/>\nlocales electorales.<\/p>\n<\/blockquote>\n<p style=\"text-align: center;\">Procedimientos de licitaci\u00f3n p\u00fablica<\/p>\n<p><a href=\"http:\/\/www.ptveracruz.org\/wp-content\/uploads\/2017\/08\/XXVIII-A-Formato-Resultados-de-procedimientos-de-licitaci\u00f3n-p\u00fablica-e-invitaci\u00f3n-a-cuando-menos-tres-personas-realiza.xls\"><img loading=\"lazy\" decoding=\"async\" class=\"aligncenter size-full wp-image-2000\" src=\"http:\/\/www.ptveracruz.org\/wp-content\/uploads\/2017\/05\/descargar.jpg\" alt=\"\" width=\"64\" height=\"64\" \/><\/a><\/p>\n<p><img loading=\"lazy\" decoding=\"async\" class=\"aligncenter size-full wp-image-2003\" src=\"http:\/\/www.ptveracruz.org\/wp-content\/uploads\/2017\/05\/responsable.jpg\" alt=\"\" width=\"64\" height=\"64\" \/><\/p>\n<p style=\"text-align: center;\">Comisi\u00f3n Ejecutiva Estatal<\/p>\n<p><img loading=\"lazy\" decoding=\"async\" class=\"aligncenter size-full wp-image-2002\" src=\"http:\/\/www.ptveracruz.org\/wp-content\/uploads\/2017\/05\/fecha-de-actualizacion2.jpg\" alt=\"\" width=\"64\" height=\"64\" \/><\/p>\n<p style=\"text-align: center;\">31\/12\/2018<\/p>\n<p style=\"text-align: center;\"><img loading=\"lazy\" decoding=\"async\" class=\"aligncenter size-full wp-image-2001\" src=\"http:\/\/www.ptveracruz.org\/wp-content\/uploads\/2017\/05\/fecha-de-actualizacion.jpg\" alt=\"\" width=\"64\" height=\"64\" \/><\/p>\n<p style=\"text-align: center;\">15\/12\/2018<\/p>\n<p>&nbsp;<\/p>\n<p style=\"text-align: center;\">Procedimientos de adjudicaci\u00f3n directa<\/p>\n<p><a href=\"http:\/\/www.ptveracruz.org\/wp-content\/uploads\/2017\/08\/28B-Formato-Resultados-de-procedimientos-de-adjudicaci\u00f3n-directa-realizados.xls\"><img loading=\"lazy\" decoding=\"async\" class=\"aligncenter size-full wp-image-2000\" src=\"http:\/\/www.ptveracruz.org\/wp-content\/uploads\/2017\/05\/descargar.jpg\" alt=\"\" width=\"64\" height=\"64\" \/><\/a><\/p>\n<p><img loading=\"lazy\" decoding=\"async\" class=\"aligncenter size-full wp-image-2003\" src=\"http:\/\/www.ptveracruz.org\/wp-content\/uploads\/2017\/05\/responsable.jpg\" alt=\"\" width=\"64\" height=\"64\" \/><\/p>\n<p style=\"text-align: center;\">Comisi\u00f3n Ejecutiva Estatal<\/p>\n<p style=\"text-align: center;\"><img loading=\"lazy\" decoding=\"async\" class=\"aligncenter size-full wp-image-2002\" src=\"http:\/\/www.ptveracruz.org\/wp-content\/uploads\/2017\/05\/fecha-de-actualizacion2.jpg\" alt=\"\" width=\"64\" height=\"64\" \/><\/p>\n<p style=\"text-align: center;\">31\/12\/2018<\/p>\n<p style=\"text-align: center;\"><img loading=\"lazy\" decoding=\"async\" class=\"aligncenter size-full wp-image-2001\" src=\"http:\/\/www.ptveracruz.org\/wp-content\/uploads\/2017\/05\/fecha-de-actualizacion.jpg\" alt=\"\" width=\"64\" height=\"64\" \/><\/p>\n<p style=\"text-align: center;\">15\/12\/2018<\/p>\n","protected":false},"excerpt":{"rendered":"<p>No Aplica\/ Sobre los resultados de procedimientos de adjudicaci\u00f3n directa existe un \u00e1rea en los organismos p\u00fablicos locales electorales. Procedimientos de licitaci\u00f3n [&hellip;]<\/p>\n","protected":false},"author":1,"featured_media":0,"parent":0,"menu_order":0,"comment_status":"closed","ping_status":"closed","template":"","meta":{"footnotes":""},"class_list":["post-2208","page","type-page","status-publish","hentry"],"_links":{"self":[{"href":"https:\/\/ptveracruz.mx\/index.php?rest_route=\/wp\/v2\/pages\/2208","targetHints":{"allow":["GET"]}}],"collection":[{"href":"https:\/\/ptveracruz.mx\/index.php?rest_route=\/wp\/v2\/pages"}],"about":[{"href":"https:\/\/ptveracruz.mx\/index.php?rest_route=\/wp\/v2\/types\/page"}],"author":[{"embeddable":true,"href":"https:\/\/ptveracruz.mx\/index.php?rest_route=\/wp\/v2\/users\/1"}],"replies":[{"embeddable":true,"href":"https:\/\/ptveracruz.mx\/index.php?rest_route=%2Fwp%2Fv2%2Fcomments&post=2208"}],"version-history":[{"count":8,"href":"https:\/\/ptveracruz.mx\/index.php?rest_route=\/wp\/v2\/pages\/2208\/revisions"}],"predecessor-version":[{"id":3442,"href":"https:\/\/ptveracruz.mx\/index.php?rest_route=\/wp\/v2\/pages\/2208\/revisions\/3442"}],"wp:attachment":[{"href":"https:\/\/ptveracruz.mx\/index.php?rest_route=%2Fwp%2Fv2%2Fmedia&parent=2208"}],"curies":[{"name":"wp","href":"https:\/\/api.w.org\/{rel}","templated":true}]}}