{"id":2197,"date":"2017-08-10T13:09:48","date_gmt":"2017-08-10T19:09:48","guid":{"rendered":"http:\/\/www.ptveracruz.org\/?page_id=2197"},"modified":"2019-01-28T16:09:19","modified_gmt":"2019-01-28T22:09:19","slug":"informacion-de-los-programas-de-subsidio","status":"publish","type":"page","link":"https:\/\/ptveracruz.mx\/?page_id=2197","title":{"rendered":"Informaci\u00f3n de los programas de subsidio"},"content":{"rendered":"<blockquote>\n<p style=\"text-align: center;\">No aplica de conformidad a la finalidad que tienen los partidos pol\u00edticos en el art\u00edculo 41 fracci\u00f3n I, segundo p\u00e1rrafo de la Constituci\u00f3n Pol\u00edtica de los Estados Unidos Mexicanos.<\/p>\n<\/blockquote>\n<p style=\"text-align: center;\">Programas sociales desarrollados por sujetos obligados<\/p>\n<p><a href=\"http:\/\/www.ptveracruz.org\/wp-content\/uploads\/2017\/08\/15A-Formato-Programas-sociales-desarrollados-por-sujetos-obligados.xls\"><img loading=\"lazy\" decoding=\"async\" class=\"aligncenter wp-image-2000 size-full\" src=\"http:\/\/www.ptveracruz.org\/wp-content\/uploads\/2017\/05\/descargar.jpg\" alt=\"\" width=\"64\" height=\"64\" \/><\/a><\/p>\n<p><img loading=\"lazy\" decoding=\"async\" class=\"aligncenter size-full wp-image-2003\" src=\"http:\/\/www.ptveracruz.org\/wp-content\/uploads\/2017\/05\/responsable.jpg\" alt=\"\" width=\"64\" height=\"64\" \/><\/p>\n<p style=\"text-align: center;\">Comisi\u00f3n Ejecutiva Estatal<\/p>\n<p><img loading=\"lazy\" decoding=\"async\" class=\"aligncenter size-full wp-image-2002\" src=\"http:\/\/www.ptveracruz.org\/wp-content\/uploads\/2017\/05\/fecha-de-actualizacion2.jpg\" alt=\"\" width=\"64\" height=\"64\" \/><\/p>\n<p style=\"text-align: center;\">31\/12\/2018<\/p>\n<p><img loading=\"lazy\" decoding=\"async\" class=\"aligncenter size-full wp-image-2001\" src=\"http:\/\/www.ptveracruz.org\/wp-content\/uploads\/2017\/05\/fecha-de-actualizacion.jpg\" alt=\"\" width=\"64\" height=\"64\" \/><\/p>\n<p style=\"text-align: center;\">15\/12\/2018<\/p>\n<p>&nbsp;<\/p>\n<p style=\"text-align: center;\">Padr\u00f3n de beneficiarios por programa social<\/p>\n<p style=\"text-align: center;\"><a href=\"http:\/\/www.ptveracruz.org\/wp-content\/uploads\/2017\/08\/15B-Formato-Padr\u00f3n-de-beneficiarios-del-programa-social.xls\"><img loading=\"lazy\" decoding=\"async\" class=\"aligncenter wp-image-2000 size-full\" src=\"http:\/\/www.ptveracruz.org\/wp-content\/uploads\/2017\/05\/descargar.jpg\" alt=\"\" width=\"64\" height=\"64\" \/><\/a><\/p>\n<p style=\"text-align: center;\"><img loading=\"lazy\" decoding=\"async\" class=\"aligncenter size-full wp-image-2003\" src=\"http:\/\/www.ptveracruz.org\/wp-content\/uploads\/2017\/05\/responsable.jpg\" alt=\"\" width=\"64\" height=\"64\" \/><\/p>\n<p style=\"text-align: center;\">Comisi\u00f3n Ejecutiva Estatal<\/p>\n<p style=\"text-align: center;\"><img loading=\"lazy\" decoding=\"async\" class=\"aligncenter size-full wp-image-2002\" src=\"http:\/\/www.ptveracruz.org\/wp-content\/uploads\/2017\/05\/fecha-de-actualizacion2.jpg\" alt=\"\" width=\"64\" height=\"64\" \/><\/p>\n<p style=\"text-align: center;\">31\/12\/2018<\/p>\n<p style=\"text-align: center;\"><img loading=\"lazy\" decoding=\"async\" class=\"aligncenter size-full wp-image-2001\" src=\"http:\/\/www.ptveracruz.org\/wp-content\/uploads\/2017\/05\/fecha-de-actualizacion.jpg\" alt=\"\" width=\"64\" height=\"64\" \/><\/p>\n<p style=\"text-align: center;\">15\/12\/2018<\/p>\n<p>&nbsp;<\/p>\n","protected":false},"excerpt":{"rendered":"<p>No aplica de conformidad a la finalidad que tienen los partidos pol\u00edticos en el art\u00edculo 41 fracci\u00f3n I, segundo p\u00e1rrafo de la [&hellip;]<\/p>\n","protected":false},"author":1,"featured_media":0,"parent":0,"menu_order":0,"comment_status":"closed","ping_status":"closed","template":"","meta":{"footnotes":""},"class_list":["post-2197","page","type-page","status-publish","hentry"],"_links":{"self":[{"href":"https:\/\/ptveracruz.mx\/index.php?rest_route=\/wp\/v2\/pages\/2197","targetHints":{"allow":["GET"]}}],"collection":[{"href":"https:\/\/ptveracruz.mx\/index.php?rest_route=\/wp\/v2\/pages"}],"about":[{"href":"https:\/\/ptveracruz.mx\/index.php?rest_route=\/wp\/v2\/types\/page"}],"author":[{"embeddable":true,"href":"https:\/\/ptveracruz.mx\/index.php?rest_route=\/wp\/v2\/users\/1"}],"replies":[{"embeddable":true,"href":"https:\/\/ptveracruz.mx\/index.php?rest_route=%2Fwp%2Fv2%2Fcomments&post=2197"}],"version-history":[{"count":8,"href":"https:\/\/ptveracruz.mx\/index.php?rest_route=\/wp\/v2\/pages\/2197\/revisions"}],"predecessor-version":[{"id":3429,"href":"https:\/\/ptveracruz.mx\/index.php?rest_route=\/wp\/v2\/pages\/2197\/revisions\/3429"}],"wp:attachment":[{"href":"https:\/\/ptveracruz.mx\/index.php?rest_route=%2Fwp%2Fv2%2Fmedia&parent=2197"}],"curies":[{"name":"wp","href":"https:\/\/api.w.org\/{rel}","templated":true}]}}