{"id":2194,"date":"2017-08-10T13:07:42","date_gmt":"2017-08-10T19:07:42","guid":{"rendered":"http:\/\/www.ptveracruz.org\/?page_id=2194"},"modified":"2019-01-28T15:43:22","modified_gmt":"2019-01-28T21:43:22","slug":"informacion-de-declaracion-patrimonial","status":"publish","type":"page","link":"https:\/\/ptveracruz.mx\/?page_id=2194","title":{"rendered":"Informaci\u00f3n de declaraci\u00f3n patrimonial"},"content":{"rendered":"<blockquote>\n<p style=\"text-align: center;\">No aplica\/ Debido a la naturaleza jur\u00eddica<br \/>\nde las declaraciones patrimoniales y por<br \/>\nel tipo de cargos en los partidos pol\u00edticos<br \/>\nno pueden tomarse como servidores<br \/>\np\u00fablicos, para efectos de la declaraci\u00f3n<br \/>\npatrimonial, adem\u00e1s de que es<br \/>\ncompetente el Congreso del Estado o en<br \/>\nsu caso, la Contralor\u00eda General.<\/p>\n<\/blockquote>\n<h2 style=\"text-align: center;\"><a href=\"https:\/\/drive.google.com\/file\/d\/1rzwXt69A9kALeus_g2ojdH5pCO14WjYR\/view?usp=sharing\">ACUERDOS DEL IVAI<\/a><\/h2>\n<h4 style=\"text-align: center;\">Declaraci\u00f3n \u00a0patrimonial<\/h4>\n<p><a href=\"http:\/\/www.ptveracruz.org\/wp-content\/uploads\/2017\/08\/12A-Formato-Declaraciones-de-Situaci\u00f3n-patrimonial-de-losas-servidoresas-p\u00fablicosas.xls\"><img loading=\"lazy\" decoding=\"async\" class=\"aligncenter size-full wp-image-2000\" src=\"http:\/\/www.ptveracruz.org\/wp-content\/uploads\/2017\/05\/descargar.jpg\" alt=\"\" width=\"64\" height=\"64\" \/><\/a><\/p>\n<p><img loading=\"lazy\" decoding=\"async\" class=\"aligncenter size-full wp-image-2003\" src=\"http:\/\/www.ptveracruz.org\/wp-content\/uploads\/2017\/05\/responsable.jpg\" alt=\"\" width=\"64\" height=\"64\" \/><\/p>\n<p style=\"text-align: center;\">Comisi\u00f3n Ejecutiva Estatal<\/p>\n<p><img loading=\"lazy\" decoding=\"async\" class=\"aligncenter size-full wp-image-2002\" src=\"http:\/\/www.ptveracruz.org\/wp-content\/uploads\/2017\/05\/fecha-de-actualizacion2.jpg\" alt=\"\" width=\"64\" height=\"64\" \/><\/p>\n<p style=\"text-align: center;\">31\/12\/2018<\/p>\n<p><img loading=\"lazy\" decoding=\"async\" class=\"aligncenter size-full wp-image-2001\" src=\"http:\/\/www.ptveracruz.org\/wp-content\/uploads\/2017\/05\/fecha-de-actualizacion.jpg\" alt=\"\" width=\"64\" height=\"64\" \/><\/p>\n<p style=\"text-align: center;\">15\/12\/2018<\/p>\n<p>&nbsp;<\/p>\n<h4 style=\"text-align: center;\">Declaraciones Fiscales de servidores p\u00fablicos<\/h4>\n<p><a href=\"http:\/\/www.ptveracruz.org\/wp-content\/uploads\/2017\/08\/12B-Formato-Declaraciones-fiscales-de-losas-servidoresas-p\u00fablicosas.xls\"><img loading=\"lazy\" decoding=\"async\" class=\"aligncenter size-full wp-image-2000\" src=\"http:\/\/www.ptveracruz.org\/wp-content\/uploads\/2017\/05\/descargar.jpg\" alt=\"\" width=\"64\" height=\"64\" \/><\/a><\/p>\n<p><img loading=\"lazy\" decoding=\"async\" class=\"aligncenter size-full wp-image-2003\" src=\"http:\/\/www.ptveracruz.org\/wp-content\/uploads\/2017\/05\/responsable.jpg\" alt=\"\" width=\"64\" height=\"64\" \/><\/p>\n<p style=\"text-align: center;\">Comisi\u00f3n Ejecutiva Estatal<\/p>\n<p style=\"text-align: center;\"><img loading=\"lazy\" decoding=\"async\" class=\"aligncenter size-full wp-image-2002\" src=\"http:\/\/www.ptveracruz.org\/wp-content\/uploads\/2017\/05\/fecha-de-actualizacion2.jpg\" alt=\"\" width=\"64\" height=\"64\" \/><\/p>\n<p style=\"text-align: center;\">31\/12\/2018<\/p>\n<p style=\"text-align: center;\"><img loading=\"lazy\" decoding=\"async\" class=\"aligncenter size-full wp-image-2001\" src=\"http:\/\/www.ptveracruz.org\/wp-content\/uploads\/2017\/05\/fecha-de-actualizacion.jpg\" alt=\"\" width=\"64\" height=\"64\" \/><\/p>\n<p style=\"text-align: center;\">15\/12\/2018<\/p>\n<p>&nbsp;<\/p>\n<h4 style=\"text-align: center;\">Declaraciones de intereses de los servidores p\u00fablicos<\/h4>\n<p><a href=\"http:\/\/www.ptveracruz.org\/wp-content\/uploads\/2017\/08\/12C-Formato-Declaraciones-de-intereses-de-losas-servidoresas-p\u00fablicosas.xls\"><img loading=\"lazy\" decoding=\"async\" class=\"aligncenter size-full wp-image-2000\" src=\"http:\/\/www.ptveracruz.org\/wp-content\/uploads\/2017\/05\/descargar.jpg\" alt=\"\" width=\"64\" height=\"64\" \/><\/a><\/p>\n<p><img loading=\"lazy\" decoding=\"async\" class=\"aligncenter size-full wp-image-2003\" src=\"http:\/\/www.ptveracruz.org\/wp-content\/uploads\/2017\/05\/responsable.jpg\" alt=\"\" width=\"64\" height=\"64\" \/><\/p>\n<p style=\"text-align: center;\">Comisi\u00f3n Ejecutiva Estatal<\/p>\n<p style=\"text-align: center;\"><img loading=\"lazy\" decoding=\"async\" class=\"aligncenter size-full wp-image-2002\" src=\"http:\/\/www.ptveracruz.org\/wp-content\/uploads\/2017\/05\/fecha-de-actualizacion2.jpg\" alt=\"\" width=\"64\" height=\"64\" \/><\/p>\n<p style=\"text-align: center;\">31\/12\/2018<\/p>\n<p style=\"text-align: center;\"><img loading=\"lazy\" decoding=\"async\" class=\"aligncenter size-full wp-image-2001\" src=\"http:\/\/www.ptveracruz.org\/wp-content\/uploads\/2017\/05\/fecha-de-actualizacion.jpg\" alt=\"\" width=\"64\" height=\"64\" \/><\/p>\n<p style=\"text-align: center;\">15\/12\/2018<\/p>\n<p>No aplica debido a la naturaleza jur\u00eddica de las declaraciones patrimoniales y por el tipo de cargos en los partidos pol\u00edticos no pueden tomarse comos servidores p\u00fablicos, para efectos de la declaraci\u00f3n patrimonial,adem\u00e1s de que es competente el Congreso del Estado o en su caso la Contralor\u00eda General<\/p>\n","protected":false},"excerpt":{"rendered":"<p>No aplica\/ Debido a la naturaleza jur\u00eddica de las declaraciones patrimoniales y por el tipo de cargos en los partidos pol\u00edticos no [&hellip;]<\/p>\n","protected":false},"author":1,"featured_media":0,"parent":0,"menu_order":0,"comment_status":"closed","ping_status":"closed","template":"","meta":{"footnotes":""},"class_list":["post-2194","page","type-page","status-publish","hentry"],"_links":{"self":[{"href":"https:\/\/ptveracruz.mx\/index.php?rest_route=\/wp\/v2\/pages\/2194","targetHints":{"allow":["GET"]}}],"collection":[{"href":"https:\/\/ptveracruz.mx\/index.php?rest_route=\/wp\/v2\/pages"}],"about":[{"href":"https:\/\/ptveracruz.mx\/index.php?rest_route=\/wp\/v2\/types\/page"}],"author":[{"embeddable":true,"href":"https:\/\/ptveracruz.mx\/index.php?rest_route=\/wp\/v2\/users\/1"}],"replies":[{"embeddable":true,"href":"https:\/\/ptveracruz.mx\/index.php?rest_route=%2Fwp%2Fv2%2Fcomments&post=2194"}],"version-history":[{"count":13,"href":"https:\/\/ptveracruz.mx\/index.php?rest_route=\/wp\/v2\/pages\/2194\/revisions"}],"predecessor-version":[{"id":3426,"href":"https:\/\/ptveracruz.mx\/index.php?rest_route=\/wp\/v2\/pages\/2194\/revisions\/3426"}],"wp:attachment":[{"href":"https:\/\/ptveracruz.mx\/index.php?rest_route=%2Fwp%2Fv2%2Fmedia&parent=2194"}],"curies":[{"name":"wp","href":"https:\/\/api.w.org\/{rel}","templated":true}]}}