{"id":20,"date":"2014-02-17T20:42:33","date_gmt":"2014-02-17T20:42:33","guid":{"rendered":"http:\/\/www.ptveracruz.org\/?page_id=20"},"modified":"2017-10-26T17:21:24","modified_gmt":"2017-10-26T23:21:24","slug":"que-es-el-pt","status":"publish","type":"page","link":"https:\/\/ptveracruz.mx\/?page_id=20","title":{"rendered":"\u00bfQU\u00c9 ES EL PT?"},"content":{"rendered":"<h4 style=\"text-align: center;\"><a href=\"http:\/\/www.ptveracruz.org\/?page_id=215\">\u00bfQu\u00e9 es el PT?<\/a><\/h4>\n<h4 style=\"text-align: center;\"><a href=\"http:\/\/www.ptveracruz.org\/?page_id=44\">Nuestra comisi\u00f3n estatal<\/a><\/h4>\n<h4 style=\"text-align: center;\"><a href=\"http:\/\/www.ptveracruz.org\/?page_id=31\">Nuestra Historia<\/a><\/h4>\n<h4 style=\"text-align: center;\"><a href=\"http:\/\/www.ptveracruz.org\/?page_id=34\">Nuestros Estatutos<\/a><\/h4>\n<h4 style=\"text-align: center;\"><a href=\"http:\/\/www.ptveracruz.org\/?page_id=33\">Nuestros Principios<\/a><\/h4>\n<h4 style=\"text-align: center;\"><a href=\"http:\/\/www.ptveracruz.org\/?page_id=40\">Programa de Acci\u00f3n PT<\/a><\/h4>\n<h4 style=\"text-align: center;\"><\/h4>\n","protected":false},"excerpt":{"rendered":"<p>\u00bfQu\u00e9 es el PT? Nuestra comisi\u00f3n estatal Nuestra Historia Nuestros Estatutos Nuestros Principios Programa de Acci\u00f3n PT<\/p>\n","protected":false},"author":1,"featured_media":0,"parent":0,"menu_order":1,"comment_status":"closed","ping_status":"closed","template":"","meta":{"footnotes":""},"class_list":["post-20","page","type-page","status-publish","hentry"],"_links":{"self":[{"href":"https:\/\/ptveracruz.mx\/index.php?rest_route=\/wp\/v2\/pages\/20","targetHints":{"allow":["GET"]}}],"collection":[{"href":"https:\/\/ptveracruz.mx\/index.php?rest_route=\/wp\/v2\/pages"}],"about":[{"href":"https:\/\/ptveracruz.mx\/index.php?rest_route=\/wp\/v2\/types\/page"}],"author":[{"embeddable":true,"href":"https:\/\/ptveracruz.mx\/index.php?rest_route=\/wp\/v2\/users\/1"}],"replies":[{"embeddable":true,"href":"https:\/\/ptveracruz.mx\/index.php?rest_route=%2Fwp%2Fv2%2Fcomments&post=20"}],"version-history":[{"count":8,"href":"https:\/\/ptveracruz.mx\/index.php?rest_route=\/wp\/v2\/pages\/20\/revisions"}],"predecessor-version":[{"id":2557,"href":"https:\/\/ptveracruz.mx\/index.php?rest_route=\/wp\/v2\/pages\/20\/revisions\/2557"}],"wp:attachment":[{"href":"https:\/\/ptveracruz.mx\/index.php?rest_route=%2Fwp%2Fv2%2Fmedia&parent=20"}],"curies":[{"name":"wp","href":"https:\/\/api.w.org\/{rel}","templated":true}]}}