{"id":1917,"date":"2017-07-06T18:03:33","date_gmt":"2017-07-07T00:03:33","guid":{"rendered":"http:\/\/www.ptveracruz.org\/?page_id=1917"},"modified":"2025-12-16T15:40:03","modified_gmt":"2025-12-16T21:40:03","slug":"proteccion-de-datos-personales-y-aviso-de-privacidad","status":"publish","type":"page","link":"https:\/\/ptveracruz.mx\/?page_id=1917","title":{"rendered":"Protecci\u00f3n de datos personales y aviso de privacidad"},"content":{"rendered":"\n<p><\/p>\n\n\n\n<p><a href=\"https:\/\/partidodeltrabajo.com.mx\/proteccion-de-datos-personales\/\">Protecci\u00f3n de Datos Personales<\/a><\/p>\n\n\n\n<p><a href=\"http:\/\/www.ptveracruz.mx\/wp-content\/uploads\/2017\/07\/CARTAdePRIVACIDADyPROTECCI\u00d3NdeDATOSPNLS.pdf\">Carta de Privacidad y Protecci\u00f3n de Datos Personales<\/a><\/p>\n\n\n\n<p><a href=\"http:\/\/www.ptveracruz.mx\/wp-content\/uploads\/2017\/07\/Manifestaci\u00f3nPT-Protecci\u00f3n-de-Datos-Personales.pdf\">Manifestaci\u00f3n de Protecci\u00f3n de Datos Personales<\/a><\/p>\n\n\n\n<p><a href=\"http:\/\/www.ptveracruz.mx\/wp-content\/uploads\/2017\/07\/FORMATO-PTEdos-EJERCICIO-DERECHOS-ARCO.docx.pdf\">Formato Ejercicio de derechos<\/a><\/p>\n","protected":false},"excerpt":{"rendered":"<p>Protecci\u00f3n de Datos Personales Carta de Privacidad y Protecci\u00f3n de Datos Personales Manifestaci\u00f3n de Protecci\u00f3n de Datos Personales Formato Ejercicio de derechos<\/p>\n","protected":false},"author":1,"featured_media":0,"parent":0,"menu_order":0,"comment_status":"closed","ping_status":"closed","template":"","meta":{"footnotes":""},"class_list":["post-1917","page","type-page","status-publish","hentry"],"_links":{"self":[{"href":"https:\/\/ptveracruz.mx\/index.php?rest_route=\/wp\/v2\/pages\/1917","targetHints":{"allow":["GET"]}}],"collection":[{"href":"https:\/\/ptveracruz.mx\/index.php?rest_route=\/wp\/v2\/pages"}],"about":[{"href":"https:\/\/ptveracruz.mx\/index.php?rest_route=\/wp\/v2\/types\/page"}],"author":[{"embeddable":true,"href":"https:\/\/ptveracruz.mx\/index.php?rest_route=\/wp\/v2\/users\/1"}],"replies":[{"embeddable":true,"href":"https:\/\/ptveracruz.mx\/index.php?rest_route=%2Fwp%2Fv2%2Fcomments&post=1917"}],"version-history":[{"count":4,"href":"https:\/\/ptveracruz.mx\/index.php?rest_route=\/wp\/v2\/pages\/1917\/revisions"}],"predecessor-version":[{"id":5750,"href":"https:\/\/ptveracruz.mx\/index.php?rest_route=\/wp\/v2\/pages\/1917\/revisions\/5750"}],"wp:attachment":[{"href":"https:\/\/ptveracruz.mx\/index.php?rest_route=%2Fwp%2Fv2%2Fmedia&parent=1917"}],"curies":[{"name":"wp","href":"https:\/\/api.w.org\/{rel}","templated":true}]}}