{"id":1809,"date":"2017-05-04T18:56:21","date_gmt":"2017-05-05T00:56:21","guid":{"rendered":"http:\/\/www.ptveracruz.org\/?page_id=1809"},"modified":"2019-10-24T15:32:19","modified_gmt":"2019-10-24T21:32:19","slug":"otra-informacion","status":"publish","type":"page","link":"https:\/\/ptveracruz.mx\/?page_id=1809","title":{"rendered":"Otra informaci\u00f3n"},"content":{"rendered":"<blockquote><p>2019<\/p><\/blockquote>\n<h5 style=\"text-align: center;\">M\u00e1s Informaci\u00f3n relacionada_Informaci\u00f3n de inter\u00e9s p\u00fablico<\/h5>\n<p><a href=\"https:\/\/drive.google.com\/file\/d\/1qF-yEhZdboITWZSLj7ly20Ptv5mNnT-M\/view?usp=sharing\"><img loading=\"lazy\" decoding=\"async\" class=\"wp-image-3228 size-full aligncenter\" src=\"http:\/\/www.ptveracruz.org\/wp-content\/uploads\/2017\/08\/descargar-visualizar.jpg\" alt=\"\" width=\"65\" height=\"64\" \/><\/a><\/p>\n<p style=\"text-align: center;\"><img loading=\"lazy\" decoding=\"async\" class=\"aligncenter size-full wp-image-2003\" src=\"http:\/\/www.ptveracruz.org\/wp-content\/uploads\/2017\/05\/responsable.jpg\" alt=\"\" width=\"64\" height=\"64\" \/><\/p>\n<p style=\"text-align: center;\">Comisi\u00f3n Ejecutiva Estatal<\/p>\n<p style=\"text-align: center;\"><img loading=\"lazy\" decoding=\"async\" class=\"aligncenter size-full wp-image-2001\" src=\"http:\/\/www.ptveracruz.org\/wp-content\/uploads\/2017\/05\/fecha-de-actualizacion.jpg\" alt=\"\" width=\"64\" height=\"64\" \/><\/p>\n<p style=\"text-align: center;\">10\/04\/2019<\/p>\n<p style=\"text-align: center;\"><img loading=\"lazy\" decoding=\"async\" class=\"aligncenter size-full wp-image-2002\" src=\"http:\/\/www.ptveracruz.org\/wp-content\/uploads\/2017\/05\/fecha-de-actualizacion2.jpg\" alt=\"\" width=\"64\" height=\"64\" \/><\/p>\n<p style=\"text-align: center;\">9\/30\/2019<\/p>\n<h5 style=\"text-align: center;\">M\u00e1s informaci\u00f3n relacionada &#8211;Preguntas frecuentes&#8211;<\/h5>\n<p style=\"text-align: center;\"><a href=\"https:\/\/drive.google.com\/file\/d\/1PsMy8xvtX4Y_jdOOJF8cOrzcHYYxcSql\/view?usp=sharing\"><img loading=\"lazy\" decoding=\"async\" class=\"aligncenter wp-image-3228 size-full\" src=\"http:\/\/www.ptveracruz.org\/wp-content\/uploads\/2017\/08\/descargar-visualizar.jpg\" alt=\"\" width=\"65\" height=\"64\" \/><\/a><\/p>\n<p style=\"text-align: center;\"><img loading=\"lazy\" decoding=\"async\" class=\"aligncenter size-full wp-image-2003\" src=\"http:\/\/www.ptveracruz.org\/wp-content\/uploads\/2017\/05\/responsable.jpg\" alt=\"\" width=\"64\" height=\"64\" \/><\/p>\n<p style=\"text-align: center;\">Comisi\u00f3n Ejecutiva Estatal<img loading=\"lazy\" decoding=\"async\" class=\"size-full wp-image-2001 aligncenter\" src=\"http:\/\/www.ptveracruz.org\/wp-content\/uploads\/2017\/05\/fecha-de-actualizacion.jpg\" alt=\"\" width=\"64\" height=\"64\" \/><\/p>\n<p style=\"text-align: center;\">10\/04\/2019<\/p>\n<p style=\"text-align: center;\"><img loading=\"lazy\" decoding=\"async\" class=\"aligncenter size-full wp-image-2002\" src=\"http:\/\/www.ptveracruz.org\/wp-content\/uploads\/2017\/05\/fecha-de-actualizacion2.jpg\" alt=\"\" width=\"64\" height=\"64\" \/><\/p>\n<p style=\"text-align: center;\">9\/30\/2019<\/p>\n<h5 style=\"text-align: center;\">M\u00e1s informaci\u00f3n relacionada &#8211;transparencia proactiva&#8211;<\/h5>\n<p style=\"text-align: center;\"><a href=\"https:\/\/drive.google.com\/file\/d\/1sVyek7pbFHFrXpdeBzQ8vRp1r2gy6a4r\/view?usp=sharing\"><img loading=\"lazy\" decoding=\"async\" class=\"aligncenter wp-image-3228 size-full\" src=\"http:\/\/www.ptveracruz.org\/wp-content\/uploads\/2017\/08\/descargar-visualizar.jpg\" alt=\"\" width=\"65\" height=\"64\" \/><\/a><\/p>\n<p style=\"text-align: center;\"><img loading=\"lazy\" decoding=\"async\" class=\"aligncenter size-full wp-image-2003\" src=\"http:\/\/www.ptveracruz.org\/wp-content\/uploads\/2017\/05\/responsable.jpg\" alt=\"\" width=\"64\" height=\"64\" \/><\/p>\n<p style=\"text-align: center;\">Comisi\u00f3n Ejecutiva Estatal<\/p>\n<p style=\"text-align: center;\"><img loading=\"lazy\" decoding=\"async\" class=\"size-full wp-image-2001 aligncenter\" src=\"http:\/\/www.ptveracruz.org\/wp-content\/uploads\/2017\/05\/fecha-de-actualizacion.jpg\" alt=\"\" width=\"64\" height=\"64\" \/><\/p>\n<p style=\"text-align: center;\">10\/04\/2019<\/p>\n<p style=\"text-align: center;\"><img loading=\"lazy\" decoding=\"async\" class=\"aligncenter size-full wp-image-2002\" src=\"http:\/\/www.ptveracruz.org\/wp-content\/uploads\/2017\/05\/fecha-de-actualizacion2.jpg\" alt=\"\" width=\"64\" height=\"64\" \/><\/p>\n<p style=\"text-align: center;\">9\/30\/2019<\/p>\n<p>&nbsp;<\/p>\n<blockquote>\n<h4 style=\"text-align: center;\"><a href=\"http:\/\/www.ptveracruz.org\/wp-content\/uploads\/2017\/05\/DIAGNOSTICO-DE-ACCESIBILIDAD-PT.pdf\">Diagn\u00f3stico de Accesibilidad\u00a0<\/a><\/h4>\n<\/blockquote>\n<p>&nbsp;<\/p>\n<blockquote><p>2018<\/p><\/blockquote>\n<h5 style=\"text-align: center;\">M\u00e1s Informaci\u00f3n relacionada_Informaci\u00f3n de inter\u00e9s p\u00fablico<\/h5>\n<p><a href=\"https:\/\/drive.google.com\/open?id=1kL6_iFk37gimpc1WJSRiKC5YMT3buNAp\"><img loading=\"lazy\" decoding=\"async\" class=\"aligncenter wp-image-3228 size-full\" src=\"http:\/\/www.ptveracruz.org\/wp-content\/uploads\/2017\/08\/descargar-visualizar.jpg\" alt=\"\" width=\"65\" height=\"64\" \/><\/a><\/p>\n<p><img loading=\"lazy\" decoding=\"async\" class=\"aligncenter size-full wp-image-2003\" src=\"http:\/\/www.ptveracruz.org\/wp-content\/uploads\/2017\/05\/responsable.jpg\" alt=\"\" width=\"64\" height=\"64\" \/><\/p>\n<p style=\"text-align: center;\">Comisi\u00f3n Ejecutiva Estatal<\/p>\n<p><img loading=\"lazy\" decoding=\"async\" class=\"aligncenter size-full wp-image-2001\" src=\"http:\/\/www.ptveracruz.org\/wp-content\/uploads\/2017\/05\/fecha-de-actualizacion.jpg\" alt=\"\" width=\"64\" height=\"64\" \/><\/p>\n<p style=\"text-align: center;\">31\/12\/2018<\/p>\n<p><img loading=\"lazy\" decoding=\"async\" class=\"aligncenter size-full wp-image-2002\" src=\"http:\/\/www.ptveracruz.org\/wp-content\/uploads\/2017\/05\/fecha-de-actualizacion2.jpg\" alt=\"\" width=\"64\" height=\"64\" \/><\/p>\n<p style=\"text-align: center;\">15\/12\/2018<\/p>\n<p>&nbsp;<\/p>\n<h5 style=\"text-align: center;\">M\u00e1s informaci\u00f3n relacionada &#8211;Preguntas frecuentes&#8211;<\/h5>\n<p style=\"text-align: center;\"><a href=\"https:\/\/drive.google.com\/open?id=1Xcnzocu5P-w-_hC9C-B857H8uirSHDrQ\"><img loading=\"lazy\" decoding=\"async\" class=\"aligncenter wp-image-3228 size-full\" src=\"http:\/\/www.ptveracruz.org\/wp-content\/uploads\/2017\/08\/descargar-visualizar.jpg\" alt=\"\" width=\"65\" height=\"64\" \/><\/a><\/p>\n<p style=\"text-align: center;\"><img loading=\"lazy\" decoding=\"async\" class=\"aligncenter size-full wp-image-2003\" src=\"http:\/\/www.ptveracruz.org\/wp-content\/uploads\/2017\/05\/responsable.jpg\" alt=\"\" width=\"64\" height=\"64\" \/><\/p>\n<p style=\"text-align: center;\">Comisi\u00f3n Ejecutiva Estatal<img loading=\"lazy\" decoding=\"async\" class=\"size-full wp-image-2001 aligncenter\" src=\"http:\/\/www.ptveracruz.org\/wp-content\/uploads\/2017\/05\/fecha-de-actualizacion.jpg\" alt=\"\" width=\"64\" height=\"64\" \/><\/p>\n<p style=\"text-align: center;\">31\/12\/2018<\/p>\n<p style=\"text-align: center;\"><img loading=\"lazy\" decoding=\"async\" class=\"aligncenter size-full wp-image-2002\" src=\"http:\/\/www.ptveracruz.org\/wp-content\/uploads\/2017\/05\/fecha-de-actualizacion2.jpg\" alt=\"\" width=\"64\" height=\"64\" \/><\/p>\n<p style=\"text-align: center;\">15\/12\/2018<\/p>\n<h5 style=\"text-align: center;\">M\u00e1s informaci\u00f3n relacionada &#8211;transparencia proactiva&#8211;<\/h5>\n<p style=\"text-align: center;\"><a href=\"https:\/\/drive.google.com\/open?id=1_b-VPdP3oZXjAHxyx7hInd5jcJNsvD6i\"><img loading=\"lazy\" decoding=\"async\" class=\"aligncenter wp-image-3228 size-full\" src=\"http:\/\/www.ptveracruz.org\/wp-content\/uploads\/2017\/08\/descargar-visualizar.jpg\" alt=\"\" width=\"65\" height=\"64\" \/><\/a><\/p>\n<p style=\"text-align: center;\"><img loading=\"lazy\" decoding=\"async\" class=\"aligncenter size-full wp-image-2003\" src=\"http:\/\/www.ptveracruz.org\/wp-content\/uploads\/2017\/05\/responsable.jpg\" alt=\"\" width=\"64\" height=\"64\" \/><\/p>\n<p style=\"text-align: center;\">Comisi\u00f3n Ejecutiva Estatal<\/p>\n<p><img loading=\"lazy\" decoding=\"async\" class=\"size-full wp-image-2001 aligncenter\" src=\"http:\/\/www.ptveracruz.org\/wp-content\/uploads\/2017\/05\/fecha-de-actualizacion.jpg\" alt=\"\" width=\"64\" height=\"64\" \/><\/p>\n<p style=\"text-align: center;\">31\/12\/2018<\/p>\n<p style=\"text-align: center;\"><img loading=\"lazy\" decoding=\"async\" class=\"aligncenter size-full wp-image-2002\" src=\"http:\/\/www.ptveracruz.org\/wp-content\/uploads\/2017\/05\/fecha-de-actualizacion2.jpg\" alt=\"\" width=\"64\" height=\"64\" \/><\/p>\n<p style=\"text-align: center;\">15\/12\/2018<\/p>\n<p>&nbsp;<\/p>\n<blockquote>\n<h4 style=\"text-align: center;\"><a href=\"http:\/\/www.ptveracruz.org\/wp-content\/uploads\/2017\/05\/DIAGNOSTICO-DE-ACCESIBILIDAD-PT.pdf\">Diagn\u00f3stico de Accesibilidad\u00a0<\/a><\/h4>\n<\/blockquote>\n","protected":false},"excerpt":{"rendered":"<p>2019 M\u00e1s Informaci\u00f3n relacionada_Informaci\u00f3n de inter\u00e9s p\u00fablico Comisi\u00f3n Ejecutiva Estatal 10\/04\/2019 9\/30\/2019 M\u00e1s informaci\u00f3n relacionada &#8211;Preguntas frecuentes&#8211; Comisi\u00f3n Ejecutiva Estatal 10\/04\/2019 9\/30\/2019 [&hellip;]<\/p>\n","protected":false},"author":1,"featured_media":0,"parent":0,"menu_order":0,"comment_status":"closed","ping_status":"closed","template":"","meta":{"footnotes":""},"class_list":["post-1809","page","type-page","status-publish","hentry"],"_links":{"self":[{"href":"https:\/\/ptveracruz.mx\/index.php?rest_route=\/wp\/v2\/pages\/1809","targetHints":{"allow":["GET"]}}],"collection":[{"href":"https:\/\/ptveracruz.mx\/index.php?rest_route=\/wp\/v2\/pages"}],"about":[{"href":"https:\/\/ptveracruz.mx\/index.php?rest_route=\/wp\/v2\/types\/page"}],"author":[{"embeddable":true,"href":"https:\/\/ptveracruz.mx\/index.php?rest_route=\/wp\/v2\/users\/1"}],"replies":[{"embeddable":true,"href":"https:\/\/ptveracruz.mx\/index.php?rest_route=%2Fwp%2Fv2%2Fcomments&post=1809"}],"version-history":[{"count":29,"href":"https:\/\/ptveracruz.mx\/index.php?rest_route=\/wp\/v2\/pages\/1809\/revisions"}],"predecessor-version":[{"id":3791,"href":"https:\/\/ptveracruz.mx\/index.php?rest_route=\/wp\/v2\/pages\/1809\/revisions\/3791"}],"wp:attachment":[{"href":"https:\/\/ptveracruz.mx\/index.php?rest_route=%2Fwp%2Fv2%2Fmedia&parent=1809"}],"curies":[{"name":"wp","href":"https:\/\/api.w.org\/{rel}","templated":true}]}}