{"id":1772,"date":"2017-05-04T12:03:19","date_gmt":"2017-05-04T18:03:19","guid":{"rendered":"http:\/\/www.ptveracruz.org\/?page_id=1772"},"modified":"2019-10-10T15:37:35","modified_gmt":"2019-10-10T21:37:35","slug":"estructura-organica-atribuciones-y-responsabilidades-a-cada-servidor","status":"publish","type":"page","link":"https:\/\/ptveracruz.mx\/?page_id=1772","title":{"rendered":"Estructura org\u00e1nica ( atribuciones y responsabilidades a cada servidor)"},"content":{"rendered":"<p>1.<a href=\"http:\/\/www.ptveracruz.org\/wp-content\/uploads\/2017\/05\/1_congreso_nacional.pdf\">Congreso Nacional<\/a><\/p>\n<p>2.<a href=\"http:\/\/www.ptveracruz.org\/wp-content\/uploads\/2017\/05\/2_consejo_politico_nacional.pdf\"> Consejo pol\u00edtico nacional<\/a><\/p>\n<p>3. <a href=\"http:\/\/www.ptveracruz.org\/wp-content\/uploads\/2017\/05\/3_comision_ejecutiva_nacional.pdf\">Comision ejecutiva nacional<\/a><\/p>\n<p>4. <a href=\"http:\/\/www.ptveracruz.org\/wp-content\/uploads\/2017\/05\/4_comision_coordinadora_nacional.pdf\">Comisi\u00f3n coordinadora nacional<\/a><\/p>\n<p>5. <a href=\"http:\/\/www.ptveracruz.org\/wp-content\/uploads\/2017\/05\/5_comisionados_politicos_nacionales.pdf\">Comisionados pol\u00edticos nacionales<\/a><\/p>\n<p>6. <a href=\"http:\/\/www.ptveracruz.org\/wp-content\/uploads\/2017\/05\/6_contraloria_fiscalizacion.pdf\">Contralor\u00eda fiscalizaci\u00f3n<\/a><\/p>\n<p>7. <a href=\"http:\/\/www.ptveracruz.org\/wp-content\/uploads\/2017\/05\/7_garantias_justicia_controversias.pdf\">Garant\u00edas justicia controversias<\/a><\/p>\n<p>8. <a href=\"http:\/\/www.ptveracruz.org\/wp-content\/uploads\/2017\/05\/8_elecciones_procedimientos_internos.pdf\">Elecciones procedimientos internos<\/a><\/p>\n<p>9. <a href=\"http:\/\/www.ptveracruz.org\/wp-content\/uploads\/2017\/05\/9_vigilancia_procedimientos_internos.pdf\">Vigilancia procedimientos internos<\/a><\/p>\n<p>10. <a href=\"http:\/\/www.ptveracruz.org\/wp-content\/uploads\/2017\/05\/10_congreso_estatal_df.pdf\">Congreso Estatal DF<\/a><\/p>\n<p>11. <a href=\"http:\/\/www.ptveracruz.org\/wp-content\/uploads\/2017\/05\/11_consejo_politico_estatal_df.pdf\">Consejo pol\u00edtico estatal DF<\/a><\/p>\n<p>12. <a href=\"http:\/\/www.ptveracruz.org\/wp-content\/uploads\/2017\/05\/12_comision_ejecutiva_estatal_df.pdf\">Comisi\u00f3n ejecutiva estatal DF<\/a><\/p>\n<p>13. <a href=\"http:\/\/www.ptveracruz.org\/wp-content\/uploads\/2017\/05\/13_coordinadora_nacional.pdf\">Coordinadora Nacional<\/a><\/p>\n<p>14. <a href=\"http:\/\/www.ptveracruz.org\/wp-content\/uploads\/2017\/05\/14_comisionados_politicos_nacionales.pdf\">Comisionados pol\u00edticos Nacionales<\/a><\/p>\n<p>15. <a href=\"http:\/\/www.ptveracruz.org\/wp-content\/uploads\/2017\/05\/15_contraloria_ficalizacion_estatal_df.pdf\">Contralor\u00eda ficalizaci\u00f3n estatal DF<\/a><\/p>\n<p>16. <a href=\"http:\/\/www.ptveracruz.org\/wp-content\/uploads\/2017\/05\/16_conciliacion_estatal_df.pdf\">Conciliaci\u00f3n estatal DF<\/a><\/p>\n<p>17. <a href=\"http:\/\/www.ptveracruz.org\/wp-content\/uploads\/2017\/05\/17_estatal_df_elecciones_procedimientos_internos.pdf\">Estatal DF elecciones procedimientos internos<\/a><\/p>\n<p>18. <a href=\"http:\/\/www.ptveracruz.org\/wp-content\/uploads\/2017\/05\/18_estatal_df_vigilancia_procedimientos_internos.pdf\">Estatal DF Vigilancia procedimientos internos<\/a><\/p>\n<p>19. <a href=\"http:\/\/www.ptveracruz.org\/wp-content\/uploads\/2017\/05\/19_congreso_municipal_delegacional.pdf\">Congreso municipal delegacional<\/a><\/p>\n<p>20. <a href=\"http:\/\/www.ptveracruz.org\/wp-content\/uploads\/2017\/05\/20_consejo_municipal_delegacional.pdf\">Consejo Municipal Delegacional<\/a><\/p>\n<p>21. <a href=\"http:\/\/www.ptveracruz.org\/wp-content\/uploads\/2017\/05\/21_ejecutiva_municipal_delegacional.pdf\">Ejecutiva Municipal Delegacional<\/a><\/p>\n<p>22. <a href=\"http:\/\/www.ptveracruz.org\/wp-content\/uploads\/2017\/05\/22_coordinadora_municipal.pdf\">Coordinadora Municipal<\/a><\/p>\n<p>23. <a href=\"http:\/\/www.ptveracruz.org\/wp-content\/uploads\/2017\/05\/23_organismos_base_comunidades_organizaciones_sociales.pdf\">Organismos base comunidades y organizaciones sociales<\/a><\/p>\n<p>24. <a href=\"http:\/\/www.ptveracruz.org\/wp-content\/uploads\/2017\/05\/24_comisionados_politicos_nacionales.pdf\">Comisionados pol\u00edticos Nacionales<\/a><\/p>\n<p>25. <a href=\"http:\/\/www.ptveracruz.org\/wp-content\/uploads\/2017\/05\/25_-congreso-nacional.pdf\">Congreso Nacional<\/a><\/p>\n<p>26. <a href=\"http:\/\/www.ptveracruz.org\/wp-content\/uploads\/2017\/05\/26_-Consejo-Pol\u00edtico-Nacional.pdf\">Consejo Pol\u00edtico Nacional<\/a><\/p>\n<p>27. <a href=\"http:\/\/www.ptveracruz.org\/wp-content\/uploads\/2017\/05\/27_-Comisi\u00f3n-Ejecutiva-Nacional.pdf\">Comisi\u00f3n Ejecutiva Nacional<\/a><\/p>\n<p>28. <a href=\"http:\/\/www.ptveracruz.org\/wp-content\/uploads\/2017\/05\/28_-Comisi\u00f3n-Coordinadora-Nacional.pdf\">Comisi\u00f3n Coordinadora Nacional<\/a><\/p>\n<p>29. <a href=\"http:\/\/www.ptveracruz.org\/wp-content\/uploads\/2017\/05\/29_-Comisionados-Pol\u00edticos-Nacionales.pdf\">Comisionados Pol\u00edticos Nacionales<\/a><\/p>\n<p>30. <a href=\"http:\/\/www.ptveracruz.org\/wp-content\/uploads\/2017\/05\/30_-Comisi\u00f3n-Nacional-de-Contralor\u00eda-y-Fiscalizaci\u00f3n.pdf\">Comisi\u00f3n Nacional de Contralor\u00eda y Fiscalizaci\u00f3n<\/a><\/p>\n<p>31. <a href=\"http:\/\/www.ptveracruz.org\/wp-content\/uploads\/2017\/05\/31_-Comisi\u00f3n-Nacional-de-Conciliaci\u00f3n.pdf\">Comisi\u00f3n Nacional de Conciliaci\u00f3n<\/a><\/p>\n<p>32. <a href=\"http:\/\/www.ptveracruz.org\/wp-content\/uploads\/2017\/05\/32_-Comisi\u00f3n-Nacional-de-Elecciones-y-Procedimientos-Internos.pdf\">Comisi\u00f3n Nacional de Elecciones y Procedimientos Internos<\/a><\/p>\n<p>33. <a href=\"http:\/\/www.ptveracruz.org\/wp-content\/uploads\/2017\/05\/33_-Comisi\u00f3n-Nacional-de-Vigilancia-de-Elecciones-y-Procedimientos.pdf\">Comisi\u00f3n Nacional de Vigilancia de Elecciones y Procedimientos<\/a><\/p>\n<p>34. <a href=\"http:\/\/www.ptveracruz.org\/wp-content\/uploads\/2017\/05\/34_-Congreso-Estatal.pdf\">Congreso Estatal<\/a><\/p>\n<p>35. <a href=\"http:\/\/www.ptveracruz.org\/wp-content\/uploads\/2017\/05\/35_-Consejo-Pol\u00edtico-Estatal.pdf\">Consejo Pol\u00edtico Estatal<\/a><\/p>\n<p>36. <a href=\"http:\/\/www.ptveracruz.org\/wp-content\/uploads\/2017\/05\/36_-Comisi\u00f3n-Ejecutiva-Estatal.pdf\">Comisi\u00f3n Ejecutiva Estatal<\/a><\/p>\n<p>37. <a href=\"http:\/\/www.ptveracruz.org\/wp-content\/uploads\/2017\/05\/37_-Comisi\u00f3n-Coordinadora-Estatal.pdf\">Comisi\u00f3n Coordinadora Estatal<\/a><\/p>\n<p>38. <a href=\"http:\/\/www.ptveracruz.org\/wp-content\/uploads\/2017\/05\/38_-Comisionados-Pol\u00edticos-Nacionales.pdf\">Comisionados Pol\u00edticos Nacionales<\/a><\/p>\n<p>39. <a href=\"http:\/\/www.ptveracruz.org\/wp-content\/uploads\/2017\/05\/39_-Comisi\u00f3n-de-Contralor\u00eda-y-Fiscalizaci\u00f3n-Estatal.pdf\">Comisi\u00f3n de Contralor\u00eda y Fiscalizaci\u00f3n Estatal<\/a><\/p>\n<p>40. <a href=\"http:\/\/www.ptveracruz.org\/wp-content\/uploads\/2017\/05\/40_-Comisi\u00f3n-de-Conciliaci\u00f3n-Estatal.pdf\">Comisi\u00f3n de Conciliaci\u00f3n Estatal<\/a><\/p>\n<p>41. <a href=\"http:\/\/www.ptveracruz.org\/wp-content\/uploads\/2017\/05\/41_elecciones_procedimientos_internos_ettl_cdmx_2017.pdf\">Elecciones procedimientos internos ETTL CDMX 2017<\/a><\/p>\n<p>42.<a href=\"http:\/\/www.ptveracruz.org\/wp-content\/uploads\/2017\/05\/42_vigilancia_procedimientos_internos_ettl_cdmx_2017.pdf\">Vigilancia procedimientos internos ETTL CDMX 2017<\/a><\/p>\n<p>43. <a href=\"http:\/\/www.ptveracruz.org\/wp-content\/uploads\/2017\/05\/43_congreso_municipal_demarcaci\u00f3n-territorial_2017.pdf\">Congreso Municipal demarcaci\u00f3n territorial 2017<\/a><\/p>\n<p>44. <a href=\"http:\/\/www.ptveracruz.org\/wp-content\/uploads\/2017\/05\/44_consejo_municipal_demarcaci\u00f3n-territorial_2017.pdf\">Consejo Municipal Demarcaci\u00f3n territorial 2017<\/a><\/p>\n<p>45. <a href=\"http:\/\/www.ptveracruz.org\/wp-content\/uploads\/2017\/05\/45_ejecutiva_municipal_demarcaci\u00f3n-territorial_2017.pdf\">Ejecutiva Municipal demarcaci\u00f3n territorial 2017<\/a><\/p>\n<p>46. <a href=\"http:\/\/www.ptveracruz.org\/wp-content\/uploads\/2017\/05\/46_coordinadora_municipal_demarcaci\u00f3n-territorial_2017.pdf\">Coordinadora municipal demarcaci\u00f3n territorial 2017<\/a><\/p>\n<p>47. <a href=\"http:\/\/www.ptveracruz.org\/wp-content\/uploads\/2017\/05\/47_organismos_base_comunidades_organizaciones_sociales_2017.pdf\">Organismos_base comunidades organizaciones sociales 2017<\/a><\/p>\n<p>48. <a href=\"http:\/\/www.ptveracruz.org\/wp-content\/uploads\/2017\/05\/48_comisionados_politicos_nacionales_2017.pdf\">Comisionados pol\u00edticos nacionales 20171 congreso nacional<\/a><\/p>\n<blockquote><p>&nbsp;<\/p>\n<blockquote><p>2019<\/p><\/blockquote>\n<\/blockquote>\n<h4 style=\"text-align: center;\"><strong>Estructura Org\u00e1nica<\/strong><\/h4>\n<p><a href=\"https:\/\/drive.google.com\/file\/d\/18Eks7n7AtUOvK49KI5m5TAhgWfmAPnsP\/view?usp=sharing\"><img loading=\"lazy\" decoding=\"async\" class=\"aligncenter wp-image-3228 size-full\" src=\"http:\/\/www.ptveracruz.org\/wp-content\/uploads\/2017\/08\/descargar-visualizar.jpg\" alt=\"\" width=\"65\" height=\"64\" \/><\/a><\/p>\n<p>&nbsp;<\/p>\n<p><strong> <img loading=\"lazy\" decoding=\"async\" class=\"size-large wp-image-2001 aligncenter\" src=\"http:\/\/www.ptveracruz.org\/wp-content\/uploads\/2017\/05\/fecha-de-actualizacion.jpg\" alt=\"\" width=\"64\" height=\"64\" \/><\/strong><\/p>\n<p style=\"text-align: center;\">4\/3\/2019<\/p>\n<p style=\"text-align: center;\"><strong><img loading=\"lazy\" decoding=\"async\" class=\"size-large wp-image-2002 aligncenter\" src=\"http:\/\/www.ptveracruz.org\/wp-content\/uploads\/2017\/05\/fecha-de-actualizacion2.jpg\" alt=\"\" width=\"64\" height=\"64\" \/><\/strong><\/p>\n<p style=\"text-align: center;\">3\/31\/2019<\/p>\n<p style=\"text-align: center;\"><strong><img loading=\"lazy\" decoding=\"async\" class=\"size-large wp-image-2003 aligncenter\" src=\"http:\/\/www.ptveracruz.org\/wp-content\/uploads\/2017\/05\/responsable.jpg\" alt=\"\" width=\"64\" height=\"64\" \/><\/strong><\/p>\n<p style=\"text-align: center;\">\u00a0Comisi\u00f3n Ejecutiva Estatal<\/p>\n<p>&nbsp;<\/p>\n<h4><\/h4>\n<p>&nbsp;<\/p>\n<h4><\/h4>\n<h4 style=\"text-align: center;\"><strong>Organigrama\u00a0<\/strong><\/h4>\n<p><a href=\"https:\/\/drive.google.com\/file\/d\/1HVa5ExI-73uBSSPgwaU33r5ERq8v77gs\/view?usp=sharing\"><img loading=\"lazy\" decoding=\"async\" class=\"aligncenter wp-image-3228 size-full\" src=\"http:\/\/www.ptveracruz.org\/wp-content\/uploads\/2017\/08\/descargar-visualizar.jpg\" alt=\"\" width=\"65\" height=\"64\" \/><\/a><\/p>\n<p><img loading=\"lazy\" decoding=\"async\" class=\"aligncenter size-large wp-image-2003\" src=\"http:\/\/www.ptveracruz.org\/wp-content\/uploads\/2017\/05\/responsable.jpg\" alt=\"\" width=\"64\" height=\"64\" \/><\/p>\n<p style=\"text-align: center;\">Comisi\u00f3n Ejecutiva<\/p>\n<p style=\"text-align: center;\"><img loading=\"lazy\" decoding=\"async\" class=\"aligncenter size-large wp-image-2001\" src=\"http:\/\/www.ptveracruz.org\/wp-content\/uploads\/2017\/05\/fecha-de-actualizacion.jpg\" alt=\"\" width=\"64\" height=\"64\" \/><\/p>\n<p style=\"text-align: center;\">10\/4\/2019<\/p>\n<p style=\"text-align: center;\"><img loading=\"lazy\" decoding=\"async\" class=\"aligncenter size-large wp-image-2002\" src=\"http:\/\/www.ptveracruz.org\/wp-content\/uploads\/2017\/05\/fecha-de-actualizacion2.jpg\" alt=\"\" width=\"64\" height=\"64\" \/><\/p>\n<p style=\"text-align: center;\">9\/30\/2019<\/p>\n<blockquote><p>&nbsp;<\/p>\n<p>2018<\/p><\/blockquote>\n<h4 style=\"text-align: center;\"><strong>Estructura Org\u00e1nica<\/strong><\/h4>\n<p style=\"text-align: center;\"><a href=\"https:\/\/drive.google.com\/file\/d\/1R689dx60XKGJ_wXDRk-JnnC6EWkzP5UR\/view?usp=sharing\"><img loading=\"lazy\" decoding=\"async\" class=\"aligncenter wp-image-3228 size-full\" src=\"http:\/\/www.ptveracruz.org\/wp-content\/uploads\/2017\/08\/descargar-visualizar.jpg\" alt=\"\" width=\"65\" height=\"64\" \/><\/a><\/p>\n<p>&nbsp;<\/p>\n<p><strong> <img loading=\"lazy\" decoding=\"async\" class=\"size-large wp-image-2001 aligncenter\" src=\"http:\/\/www.ptveracruz.org\/wp-content\/uploads\/2017\/05\/fecha-de-actualizacion.jpg\" alt=\"\" width=\"64\" height=\"64\" \/><\/strong><\/p>\n<p style=\"text-align: center;\">31\/12\/2018<\/p>\n<p><strong><img loading=\"lazy\" decoding=\"async\" class=\"size-large wp-image-2002 aligncenter\" src=\"http:\/\/www.ptveracruz.org\/wp-content\/uploads\/2017\/05\/fecha-de-actualizacion2.jpg\" alt=\"\" width=\"64\" height=\"64\" \/><\/strong><\/p>\n<p style=\"text-align: center;\">15\/12\/2018<\/p>\n<p style=\"text-align: center;\"><strong><img loading=\"lazy\" decoding=\"async\" class=\"size-large wp-image-2003 aligncenter\" src=\"http:\/\/www.ptveracruz.org\/wp-content\/uploads\/2017\/05\/responsable.jpg\" alt=\"\" width=\"64\" height=\"64\" \/><\/strong><\/p>\n<p style=\"text-align: center;\">\u00a0Comisi\u00f3n Ejecutiva Estatal<\/p>\n<p>&nbsp;<\/p>\n<h4><\/h4>\n<p>&nbsp;<\/p>\n<h4><\/h4>\n<h4 style=\"text-align: center;\"><strong>Organigrama\u00a0<\/strong><\/h4>\n<p><a href=\"https:\/\/drive.google.com\/file\/d\/1QZ1KGnFUgn9CydnPlhiQWcmzp7Wz5Yeg\/view?usp=sharing\"><img loading=\"lazy\" decoding=\"async\" class=\"aligncenter wp-image-3228 size-full\" src=\"http:\/\/www.ptveracruz.org\/wp-content\/uploads\/2017\/08\/descargar-visualizar.jpg\" alt=\"\" width=\"65\" height=\"64\" \/><\/a><\/p>\n<p><img loading=\"lazy\" decoding=\"async\" class=\"aligncenter size-large wp-image-2003\" src=\"http:\/\/www.ptveracruz.org\/wp-content\/uploads\/2017\/05\/responsable.jpg\" alt=\"\" width=\"64\" height=\"64\" \/><\/p>\n<p style=\"text-align: center;\">Comisi\u00f3n Ejecutiva<\/p>\n<p><img loading=\"lazy\" decoding=\"async\" class=\"aligncenter size-large wp-image-2001\" src=\"http:\/\/www.ptveracruz.org\/wp-content\/uploads\/2017\/05\/fecha-de-actualizacion.jpg\" alt=\"\" width=\"64\" height=\"64\" \/><\/p>\n<p style=\"text-align: center;\">31\/12\/2018<\/p>\n<p><img loading=\"lazy\" decoding=\"async\" class=\"aligncenter size-large wp-image-2002\" src=\"http:\/\/www.ptveracruz.org\/wp-content\/uploads\/2017\/05\/fecha-de-actualizacion2.jpg\" alt=\"\" width=\"64\" height=\"64\" \/><\/p>\n<p style=\"text-align: center;\">15\/12\/2018<\/p>\n<p>&nbsp;<\/p>\n","protected":false},"excerpt":{"rendered":"<p>1.Congreso Nacional 2. Consejo pol\u00edtico nacional 3. Comision ejecutiva nacional 4. Comisi\u00f3n coordinadora nacional 5. Comisionados pol\u00edticos nacionales 6. Contralor\u00eda fiscalizaci\u00f3n 7. [&hellip;]<\/p>\n","protected":false},"author":1,"featured_media":0,"parent":0,"menu_order":0,"comment_status":"closed","ping_status":"closed","template":"","meta":{"footnotes":""},"class_list":["post-1772","page","type-page","status-publish","hentry"],"_links":{"self":[{"href":"https:\/\/ptveracruz.mx\/index.php?rest_route=\/wp\/v2\/pages\/1772","targetHints":{"allow":["GET"]}}],"collection":[{"href":"https:\/\/ptveracruz.mx\/index.php?rest_route=\/wp\/v2\/pages"}],"about":[{"href":"https:\/\/ptveracruz.mx\/index.php?rest_route=\/wp\/v2\/types\/page"}],"author":[{"embeddable":true,"href":"https:\/\/ptveracruz.mx\/index.php?rest_route=\/wp\/v2\/users\/1"}],"replies":[{"embeddable":true,"href":"https:\/\/ptveracruz.mx\/index.php?rest_route=%2Fwp%2Fv2%2Fcomments&post=1772"}],"version-history":[{"count":42,"href":"https:\/\/ptveracruz.mx\/index.php?rest_route=\/wp\/v2\/pages\/1772\/revisions"}],"predecessor-version":[{"id":3763,"href":"https:\/\/ptveracruz.mx\/index.php?rest_route=\/wp\/v2\/pages\/1772\/revisions\/3763"}],"wp:attachment":[{"href":"https:\/\/ptveracruz.mx\/index.php?rest_route=%2Fwp%2Fv2%2Fmedia&parent=1772"}],"curies":[{"name":"wp","href":"https:\/\/api.w.org\/{rel}","templated":true}]}}