{"id":17,"date":"2014-02-17T20:37:58","date_gmt":"2014-02-17T20:37:58","guid":{"rendered":"http:\/\/www.ptveracruz.org\/?page_id=17"},"modified":"2023-03-29T18:50:41","modified_gmt":"2023-03-30T00:50:41","slug":"transparencia","status":"publish","type":"page","link":"https:\/\/ptveracruz.mx\/?page_id=17","title":{"rendered":"Transparencia Periodo 2018 2019"},"content":{"rendered":"<h6>\u00a0<span style=\"color: #000000;\"><strong>En cumplimiento al Acuerdo INE\/CG-33\/2019<\/strong>\u00a0del Consejo General del Instituto Nacional Electoral emitido el 23 de enero de 2019, el\u00a0<strong>Padr\u00f3n de Afiliados del Partido del Trabajo<\/strong>\u00a0se encuentra en la<strong>\u00a0etapa de confirmaci\u00f3n y en su caso, ratificaci\u00f3n de la voluntad de la militancia.<\/strong><\/span><\/h6>\n<p style=\"text-align: center;\">El Padr\u00f3n de Afiliados que debe publicar el Partido del Trabajo durante el periodo de vigencia del Acuerdo INE\/CG-33\/2019, del 01 de febrero de 2019 al 31 de enero de 2020, es el que se alberga en el portal electr\u00f3nico del INE\n<em>https:\/\/www.ine.mx\/actores-politicos\/partidos-politicos-nacionales\/padron-afiliados\/<\/em><\/p>\n<p style=\"text-align: center;\"><strong>En Acatamiento al Acuerdo INE\/CG33\/2019<\/strong>, se publican las listas de Afiliaciones del Padr\u00f3n del Partido del Trabajo, verificadas y validadas por el INE:<\/p>\n<p style=\"text-align: center;\">V\u00e1lidos\u00a0(<a href=\"https:\/\/drive.google.com\/file\/d\/1-_KZaQgdENvzxDFRbkZRZKPqSe8GmdZ0\/view?usp=sharing\">descargar tabla<\/a>)<\/p>\n<p style=\"text-align: center;\"><span style=\"color: #ff0000;\"><strong>Atte.<\/strong><\/span><\/p>\n<p style=\"text-align: center;\"><span style=\"color: #ff0000;\"><strong>La Comisi\u00f3n Ejecutiva Estatal<\/strong><\/span><\/p>\n\n<blockquote>\n<p class=\"has-text-align-center\"><strong>Ley General de transparencia y acceso a la informaci\u00f3n p\u00fablica<\/strong><\/p>\n<!-- \/wp:post-content --> <!-- wp:paragraph -->\n\nLos art\u00edculos 70 y 76\u00a0se homologan a la Ley General de Transparencia y Acceso a la Informaci\u00f3n P\u00fablica\n\n<!-- \/wp:paragraph --><\/blockquote>\n<a href=\"https:\/\/ptveracruz.mx\/?page_id=1862\"><img loading=\"lazy\" decoding=\"async\" class=\"wp-image-2758 size-full aligncenter\" src=\"https:\/\/ptveracruz.mx\/wp-content\/uploads\/2014\/02\/articulo-15-1.jpg\" alt=\"\" width=\"197\" height=\"190\" \/><\/a>\n\n<a href=\"https:\/\/ptveracruz.mx\/?page_id=2909\"><img loading=\"lazy\" decoding=\"async\" class=\"wp-image-2759 size-full aligncenter\" src=\"https:\/\/ptveracruz.mx\/wp-content\/uploads\/2023\/03\/articulo-21.jpg\" alt=\"\" width=\"197\" height=\"190\" \/><\/a>\n\n<a href=\"https:\/\/consultapublicamx.inai.org.mx\/vut-web\/?idSujetoObigadoParametro=11522&amp;idEntidadParametro=30&amp;idSectorParametro=28\"><img loading=\"lazy\" decoding=\"async\" class=\"aligncenter wp-image-3335 size-full\" src=\"https:\/\/ptveracruz.mx\/wp-content\/uploads\/2018\/09\/trasnparencia-e1680136255282.jpg\" alt=\"\" width=\"338\" height=\"153\" srcset=\"https:\/\/ptveracruz.mx\/wp-content\/uploads\/2018\/09\/trasnparencia-e1680136255282.jpg 338w, https:\/\/ptveracruz.mx\/wp-content\/uploads\/2018\/09\/trasnparencia-e1680136255282-300x136.jpg 300w, https:\/\/ptveracruz.mx\/wp-content\/uploads\/2018\/09\/trasnparencia-e1680136255282-230x104.jpg 230w\" sizes=\"auto, (max-width: 338px) 100vw, 338px\" \/><\/a>\n<blockquote>\n<p style=\"text-align: left;\"><span style=\"color: #ffffff;\"><a href=\"http:\/\/www.ptveracruz.org\/wp-content\/uploads\/2014\/02\/SOLICITUD-DE-ACCESO-A-LA-INFORMACI\u00d3N.pdf\">Descarga aqu\u00ed el formato para solicitud de acceso a la informaci\u00f3n p\u00fablica<\/a><\/span><\/p>\n<p style=\"text-align: left;\"><span style=\"color: #ffffff;\"><a href=\"http:\/\/www.ptveracruz.org\/?page_id=1917\">Protecci\u00f3n sobre datos personales y privacidad<\/a><\/span><\/p>\n<\/blockquote>","protected":false},"excerpt":{"rendered":"<p>\u00a0En cumplimiento al Acuerdo INE\/CG-33\/2019\u00a0del Consejo General del Instituto Nacional Electoral emitido el 23 de enero de 2019, el\u00a0Padr\u00f3n de Afiliados del [&hellip;]<\/p>\n","protected":false},"author":1,"featured_media":0,"parent":0,"menu_order":7,"comment_status":"closed","ping_status":"closed","template":"","meta":{"footnotes":""},"class_list":["post-17","page","type-page","status-publish","hentry"],"_links":{"self":[{"href":"https:\/\/ptveracruz.mx\/index.php?rest_route=\/wp\/v2\/pages\/17","targetHints":{"allow":["GET"]}}],"collection":[{"href":"https:\/\/ptveracruz.mx\/index.php?rest_route=\/wp\/v2\/pages"}],"about":[{"href":"https:\/\/ptveracruz.mx\/index.php?rest_route=\/wp\/v2\/types\/page"}],"author":[{"embeddable":true,"href":"https:\/\/ptveracruz.mx\/index.php?rest_route=\/wp\/v2\/users\/1"}],"replies":[{"embeddable":true,"href":"https:\/\/ptveracruz.mx\/index.php?rest_route=%2Fwp%2Fv2%2Fcomments&post=17"}],"version-history":[{"count":75,"href":"https:\/\/ptveracruz.mx\/index.php?rest_route=\/wp\/v2\/pages\/17\/revisions"}],"predecessor-version":[{"id":5334,"href":"https:\/\/ptveracruz.mx\/index.php?rest_route=\/wp\/v2\/pages\/17\/revisions\/5334"}],"wp:attachment":[{"href":"https:\/\/ptveracruz.mx\/index.php?rest_route=%2Fwp%2Fv2%2Fmedia&parent=17"}],"curies":[{"name":"wp","href":"https:\/\/api.w.org\/{rel}","templated":true}]}}